{"id":192039,"date":"2025-12-23T13:37:05","date_gmt":"2025-12-23T10:37:05","guid":{"rendered":"https:\/\/baldumarket.lt\/product\/stolik-kawowy-solo-mini-%e2%8c%8060cm-szary-mat-bialy\/"},"modified":"2026-02-14T12:16:50","modified_gmt":"2026-02-14T09:16:50","slug":"stolik-kawowy-solo-mini-%e2%8c%8060cm-szary-mat-bialy","status":"publish","type":"product","link":"https:\/\/baldumarket.lt\/lt\/product\/stolik-kawowy-solo-mini-%e2%8c%8060cm-szary-mat-bialy\/","title":{"rendered":"SOLO MINI kavos staliukas \u230060cm matin\u0117s pilkos\/baltos spalvos"},"content":{"rendered":"<p>Modernus SOLO MINI 60 apvalus kavos staliukas<br \/>\nSOLO MINI 60 kavos staliukas \u2013 modernumo ir stiliaus \u012fsik\u016bnijimas, neabejotinai pagyvinantis bet koki\u0105 erdv\u0119. Subtilus matinis pilkas stalvir\u0161is kartu su baltu pagrindu sukuria eleganti\u0161k\u0105 kompozicij\u0105, puikiai tinkan\u010di\u0105 tiems, kurie vertina minimalizm\u0105 ir novatori\u0161kus sprendimus. Pagamintas i\u0161 auk\u0161tos kokyb\u0117s MDF plok\u0161t\u0117s, padengtos novatori\u0161ku akrilo kilim\u0117liu, \u0161is staliukas i\u0161siskiria ne tik estetika, bet ir patvarumu.<br \/>\nStalvir\u0161io apdailai naudojamas akrilas turi daug privalum\u0173. Jo aksominis, matinis \u201eSuper MAT\u201c pavir\u0161ius ne tik atrodo ne\u012ftik\u0117tinai eleganti\u0161kai, bet ir yra i\u0161skirtinai atsparus kasdieniams pa\u017eeidimams, tokiems kaip \u012fbr\u0117\u017eimai ir \u012fskilimai. Be to, akrilas atlaiko auk\u0161t\u0105 temperat\u016br\u0105 iki 100 \u00b0C, tod\u0117l jums nereikia nerimauti d\u0117l gaminio patvarumo, kai jis veikiamas kar\u0161t\u0173 g\u0117rim\u0173 ar maisto.<br \/>\nD\u0117l lygios tekst\u016bros akrilas lengvai valomas \u2013 tereikia nuvalyti dr\u0117gnu skudur\u0117liu, kad atkurtum\u0117te blizges\u012f. Svarbu tai, kad \u0161i med\u017eiaga pasi\u017eymi antibakterin\u0117mis savyb\u0117mis d\u0117l sud\u0117tyje esan\u010di\u0173 sidabro jon\u0173, kurie veiksmingai neleid\u017eia daugintis mikroorganizmams, tod\u0117l tai itin higieni\u0161kas pasirinkimas j\u016bs\u0173 namams. Net jei d\u0117l netinkamos prie\u017ei\u016bros jis tampa matinis, j\u012f vis tiek lengva valyti. J\u012f galima valyti poliru.<br \/>\n\u201eSOLO MINI 60\u201c \u2013 idealus pasirinkimas ie\u0161kantiems bald\u0173, kurie derint\u0173 funkcionalum\u0105 ir elegancij\u0105. D\u0117l tvirtos konstrukcijos ir moderni\u0173 med\u017eiag\u0173 stalas tampa ne tik prakti\u0161ku elementu, bet ir stilingu akcentu bet kurioje aplinkoje. Jis puikiai tinka kasdieniams susib\u016brimams ir tarnaus ilgus metus.<br \/>\nProdukto savyb\u0117s<br \/>\nLenki\u0161kas produktas,<br \/>\nMDF stalvir\u0161is, padengtas akrilo kilim\u0117liu,<br \/>\ndidelis atsparumas \u012fvairiems veiksniams ir pa\u017eeidimams, \u012fskaitant auk\u0161t\u0105 temperat\u016br\u0105. Apvalus matinis pilkas vir\u0161us,<br \/>\nmatinis pavir\u0161ius tik vir\u0161uje,<br \/>\nMDF pagrindas,<br \/>\nbaltas pagrindas,<br \/>\nviena koja,<br \/>\nsavaranki\u0161kam surinkimui,<br \/>\npridedamos i\u0161samios, paprastos, iliustracin\u0117s surinkimo instrukcijos,<br \/>\nSi\u016blome plat\u0173 bald\u0173 pasirinkim\u0105, leid\u017eiant\u012f sukurti visavert\u0119 nam\u0173 apstatymo patirt\u012f.<\/p>","protected":false},"excerpt":{"rendered":"<p>Modernus SOLO MINI 60 apvalus kavos staliukas SOLO MINI 60 kavos staliukas yra modernumo ir stiliaus \u012fsik\u016bnijimas, neabejotinai pagyvinsiantis bet koki\u0105 erdv\u0119. Subtilus matinis pilkas stalvir\u0161is kartu su baltu pagrindu sukuria eleganti\u0161k\u0105 kompozicij\u0105, puikiai tinkan\u010di\u0105 tiems, kurie vertina minimalizm\u0105 ir novatori\u0161kus sprendimus. Pagamintas i\u0161 auk\u0161tos kokyb\u0117s MDF plok\u0161t\u0117s, dengtos [\u2026]<\/p>","protected":false},"featured_media":192040,"comment_status":"open","ping_status":"open","template":"","meta":[],"product_brand":[],"product_cat":[9619,866,4774],"product_tag":[],"class_list":{"0":"post-192039","1":"product","2":"type-product","3":"status-publish","4":"has-post-thumbnail","6":"product_cat-coffee-table-solo-mini-hubertus","7":"product_cat-coffee-tables","8":"product_cat-hubertus-design","10":"first","11":"instock","12":"purchasable","13":"product-type-simple"},"_links":{"self":[{"href":"https:\/\/baldumarket.lt\/lt\/wp-json\/wp\/v2\/product\/192039","targetHints":{"allow":["GET"]}}],"collection":[{"href":"https:\/\/baldumarket.lt\/lt\/wp-json\/wp\/v2\/product"}],"about":[{"href":"https:\/\/baldumarket.lt\/lt\/wp-json\/wp\/v2\/types\/product"}],"replies":[{"embeddable":true,"href":"https:\/\/baldumarket.lt\/lt\/wp-json\/wp\/v2\/comments?post=192039"}],"wp:featuredmedia":[{"embeddable":true,"href":"https:\/\/baldumarket.lt\/lt\/wp-json\/wp\/v2\/media\/192040"}],"wp:attachment":[{"href":"https:\/\/baldumarket.lt\/lt\/wp-json\/wp\/v2\/media?parent=192039"}],"wp:term":[{"taxonomy":"product_brand","embeddable":true,"href":"https:\/\/baldumarket.lt\/lt\/wp-json\/wp\/v2\/product_brand?post=192039"},{"taxonomy":"product_cat","embeddable":true,"href":"https:\/\/baldumarket.lt\/lt\/wp-json\/wp\/v2\/product_cat?post=192039"},{"taxonomy":"product_tag","embeddable":true,"href":"https:\/\/baldumarket.lt\/lt\/wp-json\/wp\/v2\/product_tag?post=192039"}],"curies":[{"name":"wp","href":"https:\/\/api.w.org\/{rel}","templated":true}]}}