{"id":192033,"date":"2025-12-23T13:36:43","date_gmt":"2025-12-23T10:36:43","guid":{"rendered":"https:\/\/baldumarket.lt\/product\/stolik-kawowy-solo-mini-%e2%8c%8060cm-dab-artisan-bialy\/"},"modified":"2026-02-14T12:16:41","modified_gmt":"2026-02-14T09:16:41","slug":"stolik-kawowy-solo-mini-%e2%8c%8060cm-dab-artisan-bialy","status":"publish","type":"product","link":"https:\/\/baldumarket.lt\/lt\/product\/stolik-kawowy-solo-mini-%e2%8c%8060cm-dab-artisan-bialy\/","title":{"rendered":"SOLO MINI kavos staliukas \u230060 cm, meni\u0161ko \u0105\u017euolo\/baltos spalvos"},"content":{"rendered":"<p>Eleganti\u0161kas SOLO MINI 60 apvalus kavos staliukas<br \/>\nKavos staliukas SOLO MINI 60, pasi\u017eymintis eleganti\u0161ku meni\u0161ko \u0105\u017euolo stalvir\u0161io ir balto pagrindo deriniu, yra tobulas gamtos ir modernumo derinys. Stalvir\u0161is, pagamintas i\u0161 melamino dengtos plok\u0161t\u0117s, naudojant \u201eSuper DECOR\u201c technologij\u0105, puikiai atkartoja nat\u016bralios medienos tekst\u016br\u0105, suteikdamas bet kokiam interjerui \u0161ilumos ir jaukumo. Baltas, subtiliai trimatis pagrindas suteikia lengvumo ir harmonijos, puikiai papildydamas \u012fvairius interjero dizainus \u2013 nuo skandinavi\u0161ko iki minimalistinio.<br \/>\n\u201eSuper DECOR\u201c technologija u\u017etikrina, kad stalvir\u0161is b\u016bt\u0173 ne tik esteti\u0161kai patrauklus, bet ir itin patvarus. Melamino pavir\u0161ius pasi\u017eymi padidintu atsparumu \u012fbr\u0117\u017eimams, UV spinduliams ir iki 100 \u00b0C temperat\u016brai, tod\u0117l stalas i\u0161laiko puiki\u0105 i\u0161vaizd\u0105 net ir intensyviai naudojant. Be to, stalo akrilin\u0117 danga pasi\u017eymi antibakterin\u0117mis savyb\u0117mis, tod\u0117l tai higieni\u0161kas pasirinkimas \u2013 idealiai tinka \u0161iuolaikiniams namams ir erdv\u0117ms, kuriose \u0161vara yra svarbiausia. Stalo pavir\u0161i\u0173 lengva valyti. Tiesiog nuvalykite j\u012f dr\u0117gnu mikropluo\u0161to \u0161luoste, tod\u0117l prie\u017ei\u016bra bus greita ir paprasta, nereikia naudoti plovikli\u0173. Akrilas taip pat u\u017etikrina patvarum\u0105, pa\u0161alindamas spalvos pakitimo ar pa\u017eeidim\u0173 nuo kasdieni\u0173 aplinkos veiksni\u0173 rizik\u0105.<br \/>\n\u201eSOLO MINI 60\u201c \u2013 tai baldas, kuriame derinamas nat\u016bralus \u0105\u017euolo gro\u017eis su moderniomis technologijomis, u\u017etikrinan\u010diomis ilgaam\u017ei\u0161kum\u0105 ir funkcionalum\u0105. \u0160is baldas suteikia elegancijos ir prakti\u0161kumo bet kokiam interjerui, idealiai tinkantis tiems, kurie kasdieniame gyvenime vertina stili\u0173 ir kokyb\u0119.<br \/>\nProdukto savyb\u0117s<br \/>\nLenki\u0161kas produktas,<br \/>\nAuk\u0161tos kokyb\u0117s melaminu dengta lenta su nat\u016bralios medienos tekst\u016bra vir\u0161uje ir apa\u010dioje.<br \/>\nDidelis atsparumas \u012fvairiems veiksniams ir pa\u017eeidimams, \u012fskaitant auk\u0161t\u0105 temperat\u016br\u0105.<br \/>\nApvalus stalvir\u0161is i\u0161 meni\u0161ko \u0105\u017euolo,<br \/>\nBaltas pagrindas,<br \/>\nViena koja,<br \/>\nReikalingas savaranki\u0161kas surinkimas,<br \/>\nPridedamos i\u0161samios, paprastos, iliustracin\u0117s surinkimo instrukcijos.<br \/>\nSi\u016blome plat\u0173 bald\u0173 pasirinkim\u0105, kad gal\u0117tum\u0117te m\u0117gautis visaver\u010diu nam\u0173 apstatymu.<\/p>","protected":false},"excerpt":{"rendered":"<p>Eleganti\u0161kas SOLO MINI 60 apvalus kavos staliukas. SOLO MINI 60 kavos staliukas su eleganti\u0161ku meni\u0161ko \u0105\u017euolo stalvir\u0161io ir balto pagrindo deriniu yra tobulas gamtos ir modernumo derinys. Stalvir\u0161is, pagamintas i\u0161 melamino dengtos plok\u0161t\u0117s, naudojant \u201eSuper DECOR\u201c technologij\u0105, puikiai atkartoja nat\u016bralios medienos tekst\u016br\u0105, suteikdamas \u0161ilumos ir jaukumo [\u2026]<\/p>","protected":false},"featured_media":192034,"comment_status":"open","ping_status":"open","template":"","meta":[],"product_brand":[],"product_cat":[9619,866,4774],"product_tag":[],"class_list":{"0":"post-192033","1":"product","2":"type-product","3":"status-publish","4":"has-post-thumbnail","6":"product_cat-coffee-table-solo-mini-hubertus","7":"product_cat-coffee-tables","8":"product_cat-hubertus-design","10":"first","11":"instock","12":"purchasable","13":"product-type-simple"},"_links":{"self":[{"href":"https:\/\/baldumarket.lt\/lt\/wp-json\/wp\/v2\/product\/192033","targetHints":{"allow":["GET"]}}],"collection":[{"href":"https:\/\/baldumarket.lt\/lt\/wp-json\/wp\/v2\/product"}],"about":[{"href":"https:\/\/baldumarket.lt\/lt\/wp-json\/wp\/v2\/types\/product"}],"replies":[{"embeddable":true,"href":"https:\/\/baldumarket.lt\/lt\/wp-json\/wp\/v2\/comments?post=192033"}],"wp:featuredmedia":[{"embeddable":true,"href":"https:\/\/baldumarket.lt\/lt\/wp-json\/wp\/v2\/media\/192034"}],"wp:attachment":[{"href":"https:\/\/baldumarket.lt\/lt\/wp-json\/wp\/v2\/media?parent=192033"}],"wp:term":[{"taxonomy":"product_brand","embeddable":true,"href":"https:\/\/baldumarket.lt\/lt\/wp-json\/wp\/v2\/product_brand?post=192033"},{"taxonomy":"product_cat","embeddable":true,"href":"https:\/\/baldumarket.lt\/lt\/wp-json\/wp\/v2\/product_cat?post=192033"},{"taxonomy":"product_tag","embeddable":true,"href":"https:\/\/baldumarket.lt\/lt\/wp-json\/wp\/v2\/product_tag?post=192033"}],"curies":[{"name":"wp","href":"https:\/\/api.w.org\/{rel}","templated":true}]}}