{"id":192030,"date":"2025-12-23T13:36:36","date_gmt":"2025-12-23T10:36:36","guid":{"rendered":"https:\/\/baldumarket.lt\/product\/stolik-kawowy-solo-mini-%e2%8c%8080cm-bialy-polysk\/"},"modified":"2026-02-14T12:16:41","modified_gmt":"2026-02-14T09:16:41","slug":"stolik-kawowy-solo-mini-%e2%8c%8080cm-bialy-polysk","status":"publish","type":"product","link":"https:\/\/baldumarket.lt\/lt\/product\/stolik-kawowy-solo-mini-%e2%8c%8080cm-bialy-polysk\/","title":{"rendered":"SOLO MINI kavos staliukas \u230080cm baltas blizgus"},"content":{"rendered":"<p>Minimalistinis SOLO MINI 60 apvalus kavos staliukas<br \/>\nSOLO MINI 80 kavos staliukas \u2013 eleganti\u0161kas baldas, \u017eavintis moderniu, minimalistiniu dizainu. Pagamintas vien i\u0161 blizgios baltos apdailos, jis bet kokiam interjerui suteikia unikalaus lengvumo ir prabangos poj\u016bt\u012f. Staliuko vir\u0161us ir pagrindas padengti akrilo \u201eSuper GLOSS\u201c technologija, suteikian\u010dia jiems gil\u0173, veidrodin\u012f blizges\u012f, puikiai papildant\u012f madingus, minimalistinius interjerus. Geometrinis, subtiliai trimatis staliuko pagrindas harmoningai dera su apvaliu stalvir\u0161iu, sukurdamas modern\u0173, vientis\u0105 dizain\u0105.<br \/>\nStalas pagamintas i\u0161 auk\u0161\u010diausios kokyb\u0117s MDF plok\u0161\u010di\u0173, padengt\u0173 akrilo kilim\u0117liu, pasi\u017eymin\u010diu padidintu atsparumu \u012fbr\u0117\u017eimams, UV spinduliams ir iki 100 \u00b0C temperat\u016brai. Tai u\u017etikrina, kad SOLO MINI 80 i\u0161laikys nepriekai\u0161ting\u0105 i\u0161vaizd\u0105 ilgus metus, net ir naudojant kasdien. Akrilas ne tik suteikia gil\u0173, veidrodin\u012f blizges\u012f, bet ir papildom\u0173 funkcini\u0173 prana\u0161um\u0173 \u2013 yra atsparus mechaniniams ir terminiams pa\u017eeidimams, tod\u0117l stalas yra itin patvarus. Stalo pavir\u0161i\u0173 taip pat lengva valyti; tiesiog nuvalykite j\u012f dr\u0117gnu mikropluo\u0161to \u0161luoste, nenaudodami chemini\u0173 med\u017eiag\u0173. D\u0117l antibakterini\u0173 savybi\u0173 akrilas neleid\u017eia kauptis ne\u0161varumams ir bakterijoms, o tai yra didelis privalumas erdv\u0117se, kuriose didel\u0117 vartotoj\u0173 kaita.<br \/>\nPrie SOLO MINI 80 puikiai dera ma\u017eesnis SOLO MINI 60 kavos staliukas, kuris puikiai papildo \u0161\u012f model\u012f ir sukuria darn\u0173 eleganti\u0161kos svetain\u0117s komplekt\u0105. Minimalistinis dizainas ir i\u0161skirtinis blizgesys paver\u010dia SOLO MINI 80 stal\u0105 ne tik funkcionaliu baldu, bet ir stilingu dekoratyviniu akcentu, kuris sustiprins bet kokio interjero modern\u0173 charakter\u012f.<br \/>\nProdukto savyb\u0117s<br \/>\nPagaminta Lenkijoje,<br \/>\nMDF stalvir\u0161is su akrilo kilim\u0117liu,<br \/>\napvalus, baltas vir\u0161us,<br \/>\nMDF pagrindas,<br \/>\nbaltas pagrindas,<br \/>\nviena koja,<br \/>\nreikalingas savaranki\u0161kas surinkimas,<br \/>\npridedamos i\u0161samios, paprastos, iliustracin\u0117s surinkimo instrukcijos,<br \/>\nSi\u016blome plat\u0173 bald\u0173 pasirinkim\u0105, kad gal\u0117tum\u0117te visapusi\u0161kai \u012fsirengti savo namus.<\/p>","protected":false},"excerpt":{"rendered":"<p>Minimalist SOLO MINI 60 Round Coffee Table The SOLO MINI 80 coffee table is an elegant piece of furniture that captivates with its modern, minimalist design. Crafted entirely in a glossy white finish, it brings a unique lightness and luxurious feel to any interior. The top and base are coated with acrylic Super GLOSS technology, [&hellip;]<\/p>","protected":false},"featured_media":192031,"comment_status":"open","ping_status":"open","template":"","meta":[],"product_brand":[],"product_cat":[9619,866,4774],"product_tag":[],"class_list":{"0":"post-192030","1":"product","2":"type-product","3":"status-publish","4":"has-post-thumbnail","6":"product_cat-coffee-table-solo-mini-hubertus","7":"product_cat-coffee-tables","8":"product_cat-hubertus-design","10":"first","11":"instock","12":"purchasable","13":"product-type-simple"},"_links":{"self":[{"href":"https:\/\/baldumarket.lt\/lt\/wp-json\/wp\/v2\/product\/192030","targetHints":{"allow":["GET"]}}],"collection":[{"href":"https:\/\/baldumarket.lt\/lt\/wp-json\/wp\/v2\/product"}],"about":[{"href":"https:\/\/baldumarket.lt\/lt\/wp-json\/wp\/v2\/types\/product"}],"replies":[{"embeddable":true,"href":"https:\/\/baldumarket.lt\/lt\/wp-json\/wp\/v2\/comments?post=192030"}],"wp:featuredmedia":[{"embeddable":true,"href":"https:\/\/baldumarket.lt\/lt\/wp-json\/wp\/v2\/media\/192031"}],"wp:attachment":[{"href":"https:\/\/baldumarket.lt\/lt\/wp-json\/wp\/v2\/media?parent=192030"}],"wp:term":[{"taxonomy":"product_brand","embeddable":true,"href":"https:\/\/baldumarket.lt\/lt\/wp-json\/wp\/v2\/product_brand?post=192030"},{"taxonomy":"product_cat","embeddable":true,"href":"https:\/\/baldumarket.lt\/lt\/wp-json\/wp\/v2\/product_cat?post=192030"},{"taxonomy":"product_tag","embeddable":true,"href":"https:\/\/baldumarket.lt\/lt\/wp-json\/wp\/v2\/product_tag?post=192030"}],"curies":[{"name":"wp","href":"https:\/\/api.w.org\/{rel}","templated":true}]}}