{"id":192027,"date":"2025-12-23T13:36:28","date_gmt":"2025-12-23T10:36:28","guid":{"rendered":"https:\/\/baldumarket.lt\/product\/stolik-kawowy-solo-mini-%e2%8c%8080cm-czarny-polysk\/"},"modified":"2026-02-14T12:16:41","modified_gmt":"2026-02-14T09:16:41","slug":"stolik-kawowy-solo-mini-%e2%8c%8080cm-czarny-polysk","status":"publish","type":"product","link":"https:\/\/baldumarket.lt\/lt\/product\/stolik-kawowy-solo-mini-%e2%8c%8080cm-czarny-polysk\/","title":{"rendered":"SOLO MINI kavos staliukas \u230080cm juodas blizgus"},"content":{"rendered":"<p>Minimalistinis SOLO MINI 60 apvalus kavos staliukas<br \/>\nSOLO MINI 80 kavos staliukas \u2013 eleganti\u0161kas ir modernus baldas, suteikiantis bet kokiam interjerui unikalaus blizgesio ir prabangos. Tiek stalvir\u0161is, tiek pagrindas pagaminti i\u0161 MDF plok\u0161t\u0117s su novatori\u0161ka \u201eSuper GLOSS\u201c danga. \u0160i pa\u017eangi med\u017eiaga kartu su veidrodin\u012f akrilo pavir\u0161i\u0173 suteikia stalui gil\u0173, blizgant\u012f pavir\u0161i\u0173, kuris atspindi \u0161vies\u0105 ir sukuria erdv\u0117s bei lengvumo poj\u016bt\u012f.<br \/>\nD\u0117l akrilo panaudojimo stalo pavir\u0161ius yra ne tik gra\u017eus, bet ir i\u0161skirtinai patvarus. Akrilas yra labai atsparus \u012fbr\u0117\u017eimams, UV spinduliams ir auk\u0161tai temperat\u016brai, tod\u0117l SOLO MINI 80 stalas ilg\u0105 laik\u0105 i\u0161laikys savo nepriekai\u0161ting\u0105 i\u0161vaizd\u0105. D\u0117l \u0161iluminio atsparumo iki 100 \u00b0C stalas yra prakti\u0161kas ir patogus naudoti kasdien, be to, atsparus mechaniniams pa\u017eeidimams. Be to, akrilas pasi\u017eymi antibakterin\u0117mis savyb\u0117mis, kurios pagerina pavir\u0161iaus higien\u0105 ir \u0161var\u0105 \u2013 idealus sprendimas modernioms, da\u017enai naudojamoms erdv\u0117ms.<br \/>\nStalas taip pat labai lengvai valomas. \u0160velniai nuvalykite dr\u0117gnu mikropluo\u0161to \u0161luoste, nenaudodami plovikli\u0173, kad atkurtum\u0117te pirmyk\u0161t\u0119 i\u0161vaizd\u0105. Stalo pagrindas pasi\u017eymi subtilia, trimat\u0117 strukt\u016bra, suteikian\u010dia visam baldui lengvumo ir modernumo.<br \/>\nSOLO MINI 80 puikiai dera su ma\u017eesniu SOLO MINI 60 kavos staliuku, sukurdamas darn\u0173, stiling\u0105 komplekt\u0105 eleganti\u0161kam interjerui. SOLO MINI 80 yra puikus pasirinkimas tiems, kurie vertina minimalistin\u012f dizain\u0105 ir auk\u0161\u010diausi\u0105 meistri\u0161kumo kokyb\u0119, harmoningai derindami funkcionalum\u0105 su rafinuota estetika.<br \/>\nProdukto savyb\u0117s<br \/>\nPagaminta Lenkijoje,<br \/>\nMDF stalvir\u0161is su akrilo kilim\u0117liu,<br \/>\napvalus, juodas vir\u0161us,<br \/>\nMDF pagrindas,<br \/>\njuodas pagrindas,<br \/>\nviena koja,<br \/>\nreikalingas savaranki\u0161kas surinkimas,<br \/>\npridedamos i\u0161samios, paprastos, iliustracin\u0117s surinkimo instrukcijos,<br \/>\nSi\u016blome plat\u0173 bald\u0173 pasirinkim\u0105, kad gal\u0117tum\u0117te m\u0117gautis visaver\u010diu nam\u0173 apstatymu.<\/p>","protected":false},"excerpt":{"rendered":"<p>Minimalistinis SOLO MINI 60 apvalus kavos staliukas SOLO MINI 80 kavos staliukas yra eleganti\u0161kas ir modernus baldas, suteikiantis bet kokiam interjerui unikalaus blizgesio ir prabangos. Tiek stalvir\u0161is, tiek pagrindas pagaminti i\u0161 MDF plok\u0161t\u0117s su novatori\u0161ka Super GLOSS danga. \u0160i pa\u017eangi med\u017eiaga kartu su veidrodin\u012f atspalv\u012f turin\u010diu akrilu [\u2026]<\/p>","protected":false},"featured_media":192028,"comment_status":"open","ping_status":"open","template":"","meta":[],"product_brand":[],"product_cat":[9619,866,4774],"product_tag":[],"class_list":{"0":"post-192027","1":"product","2":"type-product","3":"status-publish","4":"has-post-thumbnail","6":"product_cat-coffee-table-solo-mini-hubertus","7":"product_cat-coffee-tables","8":"product_cat-hubertus-design","10":"first","11":"instock","12":"purchasable","13":"product-type-simple"},"_links":{"self":[{"href":"https:\/\/baldumarket.lt\/lt\/wp-json\/wp\/v2\/product\/192027","targetHints":{"allow":["GET"]}}],"collection":[{"href":"https:\/\/baldumarket.lt\/lt\/wp-json\/wp\/v2\/product"}],"about":[{"href":"https:\/\/baldumarket.lt\/lt\/wp-json\/wp\/v2\/types\/product"}],"replies":[{"embeddable":true,"href":"https:\/\/baldumarket.lt\/lt\/wp-json\/wp\/v2\/comments?post=192027"}],"wp:featuredmedia":[{"embeddable":true,"href":"https:\/\/baldumarket.lt\/lt\/wp-json\/wp\/v2\/media\/192028"}],"wp:attachment":[{"href":"https:\/\/baldumarket.lt\/lt\/wp-json\/wp\/v2\/media?parent=192027"}],"wp:term":[{"taxonomy":"product_brand","embeddable":true,"href":"https:\/\/baldumarket.lt\/lt\/wp-json\/wp\/v2\/product_brand?post=192027"},{"taxonomy":"product_cat","embeddable":true,"href":"https:\/\/baldumarket.lt\/lt\/wp-json\/wp\/v2\/product_cat?post=192027"},{"taxonomy":"product_tag","embeddable":true,"href":"https:\/\/baldumarket.lt\/lt\/wp-json\/wp\/v2\/product_tag?post=192027"}],"curies":[{"name":"wp","href":"https:\/\/api.w.org\/{rel}","templated":true}]}}