{"id":192024,"date":"2025-12-23T13:36:17","date_gmt":"2025-12-23T10:36:17","guid":{"rendered":"https:\/\/baldumarket.lt\/product\/stolik-kawowy-solo-mini-%e2%8c%8080cm-czarny-polysk-bialy\/"},"modified":"2026-02-14T12:16:41","modified_gmt":"2026-02-14T09:16:41","slug":"stolik-kawowy-solo-mini-%e2%8c%8080cm-czarny-polysk-bialy","status":"publish","type":"product","link":"https:\/\/baldumarket.lt\/lt\/product\/stolik-kawowy-solo-mini-%e2%8c%8080cm-czarny-polysk-bialy\/","title":{"rendered":"SOLO MINI kavos staliukas \u230080cm blizgi juoda\/balta"},"content":{"rendered":"<p>SOLO MINI 80 kompakti\u0161kas apvalus kavos staliukas<br \/>\nSOLO MINI 80 kavos staliukas \u2013 elegancijos ir modernaus dizaino \u012fsik\u016bnijimas, puikiai atitinkantis dabartines interjero dizaino tendencijas. Apvalus, blizgus juodas stalvir\u0161is ir kontrastingas blizgus baltas pagrindas sukuria harmoning\u0105, i\u0161rai\u0161king\u0105 visum\u0105. Pagamintas i\u0161 MDF plok\u0161t\u0117s su novatori\u0161ka \u201eSuper GLOSS\u201c danga, staliukas pasi\u017eymi veidrodiniu pavir\u0161iumi, kuris atspindi \u0161vies\u0105, suteikdamas bet kokiam interjerui spindesio ir erdvumo.<br \/>\n\u201eSuper GLOSS\u201c \u2013 tai pa\u017eangi apdailos technologija, kuri ne tik suteikia stalui eleganti\u0161k\u0105 i\u0161vaizd\u0105, bet ir pagerina jo funkcionalum\u0105. D\u0117l akrilo dangos vir\u0161utinis ir apatinis pavir\u0161iai yra itin atspar\u016bs \u012fbr\u0117\u017eimams, UV spinduliams ir auk\u0161tai temperat\u016brai (iki 100 \u00b0C). Akrilas, be estetin\u0117s vert\u0117s, yra antibakterin\u0117 med\u017eiaga, tod\u0117l stalas yra ne tik \u012fsp\u016bdingas, bet ir higieni\u0161kas bei lengvai valomas. Prie\u017ei\u016brai pakanka dr\u0117gnos mikropluo\u0161to \u0161luost\u0117s, kuri leis jums ilgai d\u017eiaugtis nepriekai\u0161tingu blizgesiu.<br \/>\nI\u0161skirtinis, subtiliai trimatis stalo pagrindas pabr\u0117\u017eia modern\u0173 \u012fvaizd\u012f, suteikdamas unikal\u0173, erdv\u0173 charakter\u012f. Kartu su ma\u017eesniu SOLO MINI 60 stalu jis sukuria \u012fsp\u016bding\u0105, darn\u0173 komplekt\u0105, kuris puikiai tiks moderniam svetain\u0117s ar valgomojo interjerui.<br \/>\n\u201eSOLO MINI 80\u201c \u2013 tai ne tik baldas, bet ir tikras bet kurio kambario centrinis elementas. Jis puikiai derina funkcionalum\u0105 ir elegancij\u0105, sukurdamas prabangos ir harmonijos poj\u016bt\u012f bet kurioje erdv\u0117je.<br \/>\nProdukto savyb\u0117s<br \/>\nLenki\u0161kas produktas,<br \/>\nMDF stalvir\u0161is, padengtas akrilo kilim\u0117liu,<br \/>\napvalus, juodas vir\u0161us,<br \/>\nMDF pagrindas,<br \/>\nbaltas pagrindas,<br \/>\nviena koja,<br \/>\nReikalingas savaranki\u0161kas surinkimas,<br \/>\nRekomenduojama valyti ir pri\u017ei\u016br\u0117ti dr\u0117gnu mikropluo\u0161to \u0161luoste be plovikli\u0173,<br \/>\nPridedamos i\u0161samios, paprastos, iliustracin\u0117s surinkimo instrukcijos,<br \/>\nSi\u016blome plat\u0173 bald\u0173 pasirinkim\u0105, kad gal\u0117tum\u0117te m\u0117gautis visaver\u010diu nam\u0173 apstatymu.<\/p>","protected":false},"excerpt":{"rendered":"<p>Kompakti\u0161kas apvalus kavos staliukas SOLO MINI 80. Kavos staliukas SOLO MINI 80 \u2013 tai elegancijos ir modernaus dizaino \u012fsik\u016bnijimas, puikiai atitinkantis dabartines interjero dizaino tendencijas. Jo apvalus, blizgus juodas stalvir\u0161is ir kontrastingas blizgus baltas pagrindas sukuria harmoning\u0105, i\u0161rai\u0161king\u0105 visum\u0105. Pagamintas i\u0161 MDF plok\u0161t\u0117s su novatori\u0161ka \u201eSuper GLOSS\u201c danga, staliukas [\u2026]<\/p>","protected":false},"featured_media":192025,"comment_status":"open","ping_status":"open","template":"","meta":[],"product_brand":[],"product_cat":[9619,866,4774],"product_tag":[],"class_list":{"0":"post-192024","1":"product","2":"type-product","3":"status-publish","4":"has-post-thumbnail","6":"product_cat-coffee-table-solo-mini-hubertus","7":"product_cat-coffee-tables","8":"product_cat-hubertus-design","10":"first","11":"instock","12":"purchasable","13":"product-type-simple"},"_links":{"self":[{"href":"https:\/\/baldumarket.lt\/lt\/wp-json\/wp\/v2\/product\/192024","targetHints":{"allow":["GET"]}}],"collection":[{"href":"https:\/\/baldumarket.lt\/lt\/wp-json\/wp\/v2\/product"}],"about":[{"href":"https:\/\/baldumarket.lt\/lt\/wp-json\/wp\/v2\/types\/product"}],"replies":[{"embeddable":true,"href":"https:\/\/baldumarket.lt\/lt\/wp-json\/wp\/v2\/comments?post=192024"}],"wp:featuredmedia":[{"embeddable":true,"href":"https:\/\/baldumarket.lt\/lt\/wp-json\/wp\/v2\/media\/192025"}],"wp:attachment":[{"href":"https:\/\/baldumarket.lt\/lt\/wp-json\/wp\/v2\/media?parent=192024"}],"wp:term":[{"taxonomy":"product_brand","embeddable":true,"href":"https:\/\/baldumarket.lt\/lt\/wp-json\/wp\/v2\/product_brand?post=192024"},{"taxonomy":"product_cat","embeddable":true,"href":"https:\/\/baldumarket.lt\/lt\/wp-json\/wp\/v2\/product_cat?post=192024"},{"taxonomy":"product_tag","embeddable":true,"href":"https:\/\/baldumarket.lt\/lt\/wp-json\/wp\/v2\/product_tag?post=192024"}],"curies":[{"name":"wp","href":"https:\/\/api.w.org\/{rel}","templated":true}]}}