{"id":192021,"date":"2025-12-23T13:36:08","date_gmt":"2025-12-23T10:36:08","guid":{"rendered":"https:\/\/baldumarket.lt\/product\/stolik-kawowy-solo-mini-%e2%8c%8080cm-bialy-polysk-czarny\/"},"modified":"2026-02-14T12:16:41","modified_gmt":"2026-02-14T09:16:41","slug":"stolik-kawowy-solo-mini-%e2%8c%8080cm-bialy-polysk-czarny","status":"publish","type":"product","link":"https:\/\/baldumarket.lt\/lt\/product\/stolik-kawowy-solo-mini-%e2%8c%8080cm-bialy-polysk-czarny\/","title":{"rendered":"SOLO MINI kavos staliukas \u230080cm blizgi balta\/juoda"},"content":{"rendered":"<p>Subtilus SOLO MINI 60 apvalus kavos staliukas<br \/>\nKavos staliukas \u201eSOLO MINI 80\u201c \u2013 tai unikalus interjero dizaino elementas, kuriame dera modernus elegancija ir auk\u0161\u010diausio lygio funkcionalumas. Apvalus, blizgus baltas stalvir\u0161is ir juodas, veidrodinio pavir\u0161iaus pagrindas sukuria \u012fdom\u0173 ir dinami\u0161k\u0105 kontrast\u0105, puikiai papildant\u012f \u0161iuolaikin\u012f interjer\u0105. MDF plok\u0161t\u0117s, padengtos akriliniu kilim\u0117liu, naudojant \u201eSuper GLOSS\u201c technologij\u0105, naudojimas garantuoja ne tik estetin\u012f patrauklum\u0105, bet ir ilgaam\u017ei\u0161kum\u0105 bei atsparum\u0105 kasdieniam naudojimui.<br \/>\nD\u0117l inovatyvios \u201eSuper GLOSS\u201c dangos stalvir\u0161is ir pagrindas \u012fgauna ne\u012ftik\u0117tin\u0105 veidrodin\u012f blizges\u012f, kuris atspindi \u0161vies\u0105, suteikdamas kambariui erdvumo ir spindesio poj\u016bt\u012f. Stalo apdailai naudojamas akrilas taip pat pasi\u017eymi antibakterin\u0117mis savyb\u0117mis, tod\u0117l stalas yra higieni\u0161kas ir lengvai valomas. \u0160i med\u017eiaga taip pat atspari \u012fbr\u0117\u017eimams, UV spinduliams ir auk\u0161tai temperat\u016brai iki 100 \u00b0C, tod\u0117l idealiai tinka intensyviam naudojimui. Reguliariai valant dr\u0117gnu mikropluo\u0161to \u0161luoste be plovikli\u0173, pakanka met\u0173 metus d\u017eiaugtis nepriekai\u0161tingu pavir\u0161iumi.<br \/>\nSubtilus trimatis SOLO MINI 80 stalo pagrindas suteikia erdvumo ir vizualinio lengvumo, dera su minimalistiniu stalvir\u0161io stiliumi. Dizainas puikiai dera su naujausiomis interjero dizaino tendencijomis, o derinamas su ma\u017eesne SOLO MINI 60 stalo versija sukuria stiling\u0105 komplekt\u0105, kuris lengvai gali tapti svetain\u0117s traukos centru.<br \/>\n\u201eSOLO MINI 80\u201c \u2013 tai paprastumo ir elegancijos esm\u0117, puikiai tinkanti tiek moderniam, tiek klasikiniam interjerui. \u0160is stalas yra ne tik prakti\u0161kas, bet ir esteti\u0161kai patrauklus, pary\u0161kinantis bet kurio kambario charakter\u012f, suteikiantis prabangos ir modernaus stiliaus prisilietim\u0105. Produkto savyb\u0117s<br \/>\nLenki\u0161kas produktas,<br \/>\nMDF stalvir\u0161is, padengtas akrilo kilim\u0117liu,<br \/>\napvalus, baltas vir\u0161us,<br \/>\nMDF pagrindas,<br \/>\njuodas pagrindas,<br \/>\nviena koja,<br \/>\nreikalingas savaranki\u0161kas surinkimas,<br \/>\npridedamos i\u0161samios, paprastos, iliustracin\u0117s surinkimo instrukcijos,<br \/>\nSi\u016blome plat\u0173 bald\u0173 pasirinkim\u0105, leid\u017eiant\u012f pilnai \u012frengti savo namus.<\/p>","protected":false},"excerpt":{"rendered":"<p>Subtilus SOLO MINI 60 apvalus kavos staliukas. SOLO MINI 80 kavos staliukas yra unikalus interjero dizaino elementas, kuriame dera modernus elegancija ir auk\u0161\u010diausio lygio funkcionalumas. Jo apvalus, blizgus baltas stalvir\u0161is kartu su juodu, veidrodinio pavir\u0161iaus pagrindu sukuria \u012fdom\u0173 ir dinami\u0161k\u0105 kontrast\u0105, puikiai papildant\u012f \u0161iuolaikin\u012f interjer\u0105. MDF plok\u0161t\u0117s, padengtos [\u2026]<\/p>","protected":false},"featured_media":192022,"comment_status":"open","ping_status":"open","template":"","meta":[],"product_brand":[],"product_cat":[9619,866,4774],"product_tag":[],"class_list":{"0":"post-192021","1":"product","2":"type-product","3":"status-publish","4":"has-post-thumbnail","6":"product_cat-coffee-table-solo-mini-hubertus","7":"product_cat-coffee-tables","8":"product_cat-hubertus-design","10":"first","11":"instock","12":"purchasable","13":"product-type-simple"},"_links":{"self":[{"href":"https:\/\/baldumarket.lt\/lt\/wp-json\/wp\/v2\/product\/192021","targetHints":{"allow":["GET"]}}],"collection":[{"href":"https:\/\/baldumarket.lt\/lt\/wp-json\/wp\/v2\/product"}],"about":[{"href":"https:\/\/baldumarket.lt\/lt\/wp-json\/wp\/v2\/types\/product"}],"replies":[{"embeddable":true,"href":"https:\/\/baldumarket.lt\/lt\/wp-json\/wp\/v2\/comments?post=192021"}],"wp:featuredmedia":[{"embeddable":true,"href":"https:\/\/baldumarket.lt\/lt\/wp-json\/wp\/v2\/media\/192022"}],"wp:attachment":[{"href":"https:\/\/baldumarket.lt\/lt\/wp-json\/wp\/v2\/media?parent=192021"}],"wp:term":[{"taxonomy":"product_brand","embeddable":true,"href":"https:\/\/baldumarket.lt\/lt\/wp-json\/wp\/v2\/product_brand?post=192021"},{"taxonomy":"product_cat","embeddable":true,"href":"https:\/\/baldumarket.lt\/lt\/wp-json\/wp\/v2\/product_cat?post=192021"},{"taxonomy":"product_tag","embeddable":true,"href":"https:\/\/baldumarket.lt\/lt\/wp-json\/wp\/v2\/product_tag?post=192021"}],"curies":[{"name":"wp","href":"https:\/\/api.w.org\/{rel}","templated":true}]}}