{"id":192018,"date":"2025-12-23T13:35:56","date_gmt":"2025-12-23T10:35:56","guid":{"rendered":"https:\/\/baldumarket.lt\/product\/stolik-kawowy-solo-mini-%e2%8c%8080cm-szary-polysk-bialy\/"},"modified":"2026-02-14T12:16:41","modified_gmt":"2026-02-14T09:16:41","slug":"stolik-kawowy-solo-mini-%e2%8c%8080cm-szary-polysk-bialy","status":"publish","type":"product","link":"https:\/\/baldumarket.lt\/lt\/product\/stolik-kawowy-solo-mini-%e2%8c%8080cm-szary-polysk-bialy\/","title":{"rendered":"SOLO MINI kavos staliukas \u230080cm blizgi pilka\/balta"},"content":{"rendered":"<p>Modernus, \u017eemas SOLO MINI 60 kavos staliukas su \u017eavingu stiliumi<br \/>\nSOLO MINI 80 kavos staliukas \u2013 tai tobulas elegancijos ir funkcionalumo derinys, suteikiantis bet kokiam interjerui modernumo ir subtilaus blizgesio. Apvalus, blizgus pilkas stalvir\u0161is kartu su baltu, veidrodiniu pagrindu sukuria harmoning\u0105 kompozicij\u0105, puikiai papildan\u010di\u0105 \u0161iuolaikin\u012f interjero dizain\u0105. Visas staliukas pagamintas i\u0161 auk\u0161\u010diausios kokyb\u0117s MDF plok\u0161t\u0117s, padengtos novatori\u0161ku akriliniu kilim\u0117liu su itin blizgia apdaila, suteikian\u010dia jam stulbinant\u012f, veidrodin\u012f efekt\u0105. \u0160i technologija u\u017etikrina ne tik elegancij\u0105, bet ir i\u0161skirtin\u012f patvarum\u0105.<br \/>\nVir\u0161us ir pagrindas yra blizg\u016bs, tod\u0117l stalas ne tik atrodo prabangiai, bet ir yra lengvai valomi. Akrilo apdaila suteikia ne tik i\u0161skirtin\u0119 estetik\u0105, bet ir daug praktini\u0173 privalum\u0173. Pavir\u0161ius yra atsparus \u012fbr\u0117\u017eimams, UV spinduliams ir auk\u0161tai temperat\u016brai, tod\u0117l stalas yra patvarus kasdieniam naudojimui. Be to, akrilas pasi\u017eymi antibakterin\u0117mis savyb\u0117mis, kurios dar labiau pagerina higienos standartus, ypa\u010d intensyvaus jud\u0117jimo vietose. Reguliariai valant dr\u0117gnu mikropluo\u0161to \u0161luoste, stalas daugel\u012f met\u0173 i\u0161liks puikios b\u016bkl\u0117s.<br \/>\nSubtilus trimatis stalo pagrindas suteikia erdv\u0117s poj\u016bt\u012f ir dera su minimalistiniu stalvir\u0161io dizainu. \u0160is subtilus dizainas ne tik patraukia ak\u012f, bet ir puikiai atitinka naujausias interjero dizaino tendencijas. Kartu su ma\u017eesne SOLO MINI 60 stalo versija jis sukuria puikiai derant\u012f duet\u0105, kuris bet kokiam interjerui suteiks harmonijos ir modernaus stiliaus.<br \/>\n\u201eSOLO MINI 80\u201c \u2013 tai pasirinkimas tiems, kurie vertina funkcionalum\u0105 ir rafinuot\u0105 dizain\u0105. Pilkos ir baltos spalv\u0173 kontrastai, lygus, blizgus pavir\u0161ius ir tvirta konstrukcija daro \u0161\u012f stal\u0105 puikiai tinkant\u012f bet kokiam moderniam interjerui, suteikiant\u012f jam elegancijos ir stilingo \u017eavesio. Produkto savyb\u0117s<br \/>\nLenki\u0161kas produktas,<br \/>\nMDF stalvir\u0161is, padengtas akrilo kilim\u0117liu,<br \/>\napvalus, pilkas vir\u0161us,<br \/>\nMDF pagrindas,<br \/>\nbaltas pagrindas,<br \/>\nviena koja,<br \/>\nreikalingas savaranki\u0161kas surinkimas,<br \/>\npridedamos i\u0161samios, paprastos, iliustracin\u0117s surinkimo instrukcijos,<br \/>\nSi\u016blome plat\u0173 bald\u0173 pasirinkim\u0105, leid\u017eiant\u012f pilnai \u012frengti savo namus.<\/p>","protected":false},"excerpt":{"rendered":"<p>Modernus \u017eemas SOLO MINI 60 kavos staliukas su \u017eavingu stiliumi. SOLO MINI 80 kavos staliukas \u2013 tai tobulas elegancijos ir funkcionalumo derinys, suteikiantis bet kokiam interjerui modernumo ir subtilaus blizgesio. Apvalus, blizgus pilkas stalvir\u0161is kartu su baltu, veidrodiniu pagrindu sukuria harmoning\u0105 kompozicij\u0105, puikiai papildan\u010di\u0105 \u0161iuolaikin\u012f interjer\u0105 [\u2026]<\/p>","protected":false},"featured_media":192019,"comment_status":"open","ping_status":"open","template":"","meta":[],"product_brand":[],"product_cat":[9619,866,4774],"product_tag":[],"class_list":{"0":"post-192018","1":"product","2":"type-product","3":"status-publish","4":"has-post-thumbnail","6":"product_cat-coffee-table-solo-mini-hubertus","7":"product_cat-coffee-tables","8":"product_cat-hubertus-design","10":"first","11":"instock","12":"purchasable","13":"product-type-simple"},"_links":{"self":[{"href":"https:\/\/baldumarket.lt\/lt\/wp-json\/wp\/v2\/product\/192018","targetHints":{"allow":["GET"]}}],"collection":[{"href":"https:\/\/baldumarket.lt\/lt\/wp-json\/wp\/v2\/product"}],"about":[{"href":"https:\/\/baldumarket.lt\/lt\/wp-json\/wp\/v2\/types\/product"}],"replies":[{"embeddable":true,"href":"https:\/\/baldumarket.lt\/lt\/wp-json\/wp\/v2\/comments?post=192018"}],"wp:featuredmedia":[{"embeddable":true,"href":"https:\/\/baldumarket.lt\/lt\/wp-json\/wp\/v2\/media\/192019"}],"wp:attachment":[{"href":"https:\/\/baldumarket.lt\/lt\/wp-json\/wp\/v2\/media?parent=192018"}],"wp:term":[{"taxonomy":"product_brand","embeddable":true,"href":"https:\/\/baldumarket.lt\/lt\/wp-json\/wp\/v2\/product_brand?post=192018"},{"taxonomy":"product_cat","embeddable":true,"href":"https:\/\/baldumarket.lt\/lt\/wp-json\/wp\/v2\/product_cat?post=192018"},{"taxonomy":"product_tag","embeddable":true,"href":"https:\/\/baldumarket.lt\/lt\/wp-json\/wp\/v2\/product_tag?post=192018"}],"curies":[{"name":"wp","href":"https:\/\/api.w.org\/{rel}","templated":true}]}}