{"id":192011,"date":"2025-12-23T13:35:31","date_gmt":"2025-12-23T10:35:31","guid":{"rendered":"https:\/\/baldumarket.lt\/product\/stolik-kawowy-solo-mini-%e2%8c%8080cm-bialy-marmur-polysk-czarny\/"},"modified":"2026-02-14T12:16:27","modified_gmt":"2026-02-14T09:16:27","slug":"stolik-kawowy-solo-mini-%e2%8c%8080cm-bialy-marmur-polysk-czarny","status":"publish","type":"product","link":"https:\/\/baldumarket.lt\/lt\/product\/stolik-kawowy-solo-mini-%e2%8c%8080cm-bialy-marmur-polysk-czarny\/","title":{"rendered":"SOLO MINI kavos staliukas \u230080 cm baltas marmuras blizgus\/juodas"},"content":{"rendered":"<p>Eleganti\u0161kas SOLO MINI 80 apvalus kavos staliukas<br \/>\nSOLO MINI 80 kavos staliukas spinduliuoja modernia elegancija ir precizi\u0161ku meistri\u0161kumu, puikiai papildydamas naujausias interjero dizaino tendencijas. Baltu marmuru dengtas stalvir\u0161is traukia d\u0117mes\u012f subtiliu, nat\u016braliu ra\u0161tu, d\u0117ka modernios \u201eSuper PRINT\u201c technologijos. Novatori\u0161kas polimerini\u0173 da\u017e\u0173 spausdinimo procesas sukuria patvar\u0173, blizgant\u012f efekt\u0105, suteikiant\u012f stalui unikal\u0173 charakter\u012f. Stalvir\u0161iui b\u016bdingas blizgesys pabr\u0117\u017eia prabangi\u0105 jo i\u0161vaizd\u0105.<br \/>\nKontrastingas juodas itin blizgus pagrindas suteikia stalui i\u0161skirtinumo ir modernumo. Pagamintas i\u0161 MDF plok\u0161t\u0117s ir padengtas akrilo kilim\u0117liu, jis \u017eavi savo veidrodiniu blizgesiu ir atsparumu kasdieniam naudojimui. Akrilinis pagrindas yra ne tik atsparus \u012fbr\u0117\u017eimams, UV spinduliams ir kar\u0161\u010diui iki 100 \u00b0C, bet ir antibakterinis, tod\u0117l dar labiau pagerina jo funkcionalum\u0105 ir higien\u0105. D\u0117l unikalios apdailos stalo pagrindas \u012fgauna subtil\u0173 trimatum\u0105, suteikia lengvumo ir gylio, o interjerui \u2013 modernios dinamikos. \u012edomi trimat\u0117s kojos forma pabr\u0117\u017eia harmoning\u0105 viso baldo geometrij\u0105, suteikdama jam unikal\u0173 charakter\u012f.<br \/>\nSOLO MINI 80 stalas yra ne tik esteti\u0161kai patrauklus, bet ir prakti\u0161kas. Atsparumas \u012fbr\u0117\u017eimams, lengvas valymas dr\u0117gnu mikropluo\u0161to \u0161luoste ir didelis atsparumas kar\u0161\u010diui idealiai tinka kasdieniam naudojimui. Minimalistinio dizaino ir funkcionalumo derinys suteikia SOLO MINI 80 modernios prabangos ir elegancijos bet kokiam interjerui, tod\u0117l idealiai tinka svetain\u0117ms, biurams ar miegamiesiems.<br \/>\nProdukto savyb\u0117s<br \/>\nLenki\u0161kas produktas,<br \/>\nMDF stalvir\u0161is, padengtas akrilo kilim\u0117liu,<br \/>\nVir\u0161utinis pavir\u0161ius spausdinamas naudojant itin pa\u017eangi\u0105, novatori\u0161k\u0105 skyst\u0173 polimerini\u0173 da\u017e\u0173 spausdinimo technologij\u0105. Apvalus, baltas marmurinis vir\u0161us,<br \/>\nMDF pagrindas,<br \/>\njuodas pagrindas,<br \/>\nviena koja,<br \/>\nsavaranki\u0161kam surinkimui,<br \/>\npridedamos i\u0161samios, paprastos, iliustracin\u0117s surinkimo instrukcijos,<br \/>\nSi\u016blome plat\u0173 bald\u0173 pasirinkim\u0105, leid\u017eiant\u012f pilnai \u012frengti savo namus.<\/p>","protected":false},"excerpt":{"rendered":"<p>Eleganti\u0161kas SOLO MINI 80 apvalus kavos staliukas SOLO MINI 80 kavos staliukas spinduliuoja modernia elegancija ir precizi\u0161ku meistri\u0161kumu, puikiai papildydamas naujausias interjero dizaino tendencijas. Baltu marmuru dengtas stalvir\u0161is patraukia d\u0117mes\u012f subtiliu, nat\u016braliu ra\u0161tu, d\u0117ka modernios \u201eSuper PRINT\u201c technologijos. Novatori\u0161kas polimerini\u0173 da\u017e\u0173 spausdinimo procesas sukuria patvar\u0173, [\u2026]<\/p>","protected":false},"featured_media":192012,"comment_status":"open","ping_status":"open","template":"","meta":[],"product_brand":[],"product_cat":[9619,866,4774],"product_tag":[],"class_list":{"0":"post-192011","1":"product","2":"type-product","3":"status-publish","4":"has-post-thumbnail","6":"product_cat-coffee-table-solo-mini-hubertus","7":"product_cat-coffee-tables","8":"product_cat-hubertus-design","10":"first","11":"instock","12":"purchasable","13":"product-type-simple"},"_links":{"self":[{"href":"https:\/\/baldumarket.lt\/lt\/wp-json\/wp\/v2\/product\/192011","targetHints":{"allow":["GET"]}}],"collection":[{"href":"https:\/\/baldumarket.lt\/lt\/wp-json\/wp\/v2\/product"}],"about":[{"href":"https:\/\/baldumarket.lt\/lt\/wp-json\/wp\/v2\/types\/product"}],"replies":[{"embeddable":true,"href":"https:\/\/baldumarket.lt\/lt\/wp-json\/wp\/v2\/comments?post=192011"}],"wp:featuredmedia":[{"embeddable":true,"href":"https:\/\/baldumarket.lt\/lt\/wp-json\/wp\/v2\/media\/192012"}],"wp:attachment":[{"href":"https:\/\/baldumarket.lt\/lt\/wp-json\/wp\/v2\/media?parent=192011"}],"wp:term":[{"taxonomy":"product_brand","embeddable":true,"href":"https:\/\/baldumarket.lt\/lt\/wp-json\/wp\/v2\/product_brand?post=192011"},{"taxonomy":"product_cat","embeddable":true,"href":"https:\/\/baldumarket.lt\/lt\/wp-json\/wp\/v2\/product_cat?post=192011"},{"taxonomy":"product_tag","embeddable":true,"href":"https:\/\/baldumarket.lt\/lt\/wp-json\/wp\/v2\/product_tag?post=192011"}],"curies":[{"name":"wp","href":"https:\/\/api.w.org\/{rel}","templated":true}]}}