{"id":192008,"date":"2025-12-23T13:35:21","date_gmt":"2025-12-23T10:35:21","guid":{"rendered":"https:\/\/baldumarket.lt\/product\/stolik-kawowy-solo-mini-%e2%8c%8080cm-jasny-marmur-polysk-bialy\/"},"modified":"2026-02-14T12:16:27","modified_gmt":"2026-02-14T09:16:27","slug":"stolik-kawowy-solo-mini-%e2%8c%8080cm-jasny-marmur-polysk-bialy","status":"publish","type":"product","link":"https:\/\/baldumarket.lt\/lt\/product\/stolik-kawowy-solo-mini-%e2%8c%8080cm-jasny-marmur-polysk-bialy\/","title":{"rendered":"SOLO MINI kavos staliukas \u230080 cm, \u0161viesus marmuras, blizgus\/baltas"},"content":{"rendered":"<p>Modernus SOLO MINI 80 apvalus kavos staliukas<br \/>\nSOLO MINI 80 kavos staliukas \u2013 tai harmoningas modernaus elegancijos ir funkcionalaus dizaino derinys, puikiai papildantis \u0161iuolaikines interjero dizaino tendencijas. Apvalus, balto marmuro stalvir\u0161is \u017eavi prabangia tekst\u016bra ir veidrodiniu pavir\u0161iumi, suteikian\u010diu bet kokiam interjerui gaivumo ir stiliaus. D\u0117l pa\u017eangios \u201eSuper PRINT\u201c technologijos marmuro ra\u0161tas yra ne tik esteti\u0161kai patrauklus, bet ir patvarus bei atsparus kasdieniam naudojimui. Blizgus MDF stalvir\u0161is pasi\u017eymi i\u0161skirtinai lygiu, rafinuotu pavir\u0161iumi, kuris atspindi \u0161vies\u0105, sukurdamas prabangos ir erdv\u0117s efekt\u0105.<br \/>\nBaltai blizgiai da\u017eytas stalo pagrindas dar labiau pabr\u0117\u017eia jo minimalistin\u012f ir modern\u0173 charakter\u012f. Subtiliai trimat\u0117 pagrindo forma suteikia baldui subtilaus gylio ir elegancijos, tod\u0117l jis tampa pagrindiniu dekoratyviniu elementu bet kuriame kambaryje. Pagamintas i\u0161 auk\u0161tos kokyb\u0117s MDF plok\u0161t\u0117s, stalas yra patvarus ir atsparus \u012fbr\u0117\u017eimams, UV spinduliams ir iki 100 \u00b0C temperat\u016brai. \u0160ios savyb\u0117s u\u017etikrina ne tik estetik\u0105, bet ir prakti\u0161kum\u0105 kasdieniame naudojime.<br \/>\nPapildomas privalumas \u2013 akrilin\u0117 danga, kuri ne tik suteikia stalui veidrodin\u012f blizges\u012f, bet ir pasi\u017eymi antibakterin\u0117mis savyb\u0117mis, tod\u0117l jis yra itin higieni\u0161kas. D\u0117l to SOLO MINI 80 yra ne tik esteti\u0161kai patrauklus, bet ir lengvai valomas. Rekomenduojame j\u012f valyti dr\u0117gnu mikropluo\u0161to \u0161luoste, nenaudojant plovikli\u0173, kad pavir\u0161ius daugel\u012f met\u0173 i\u0161likt\u0173 puikios b\u016bkl\u0117s.<br \/>\nSOLO MINI 80 kavos staliukas su baltu marmuriniu stalvir\u0161iu ir blizgiu baltu pagrindu \u2013 puikus sprendimas moderniam ir eleganti\u0161kam interjerui. D\u0117l minimalistinio dizaino ir rafinuotos apdailos jis puikiai tinka svetain\u0117ms, valgomiesiems ar biurams. Kartu su ma\u017eesne versija \u2013 SOLO MINI 60 kavos staliuku \u2013 sukuriama darni ir stilinga kompozicija, kuri sustiprins bet kokio interjero charakter\u012f. Produkto savyb\u0117s<br \/>\nLenki\u0161kas produktas,<br \/>\nMDF stalvir\u0161is, padengtas akrilo kilim\u0117liu,<br \/>\nStalvir\u0161is spausdinamas naudojant itin pa\u017eangi\u0105, novatori\u0161k\u0105 skyst\u0173 polimerini\u0173 da\u017e\u0173 spausdinimo technologij\u0105.<br \/>\nDidelis atsparumas \u012fvairiems veiksniams ir pa\u017eeidimams, \u012fskaitant auk\u0161t\u0105 temperat\u016br\u0105.<br \/>\nApvalus, balto marmuro vir\u0161us,<br \/>\nMDF pagrindas,<br \/>\nbaltas pagrindas,<br \/>\nViena koja,<br \/>\nReikalingas savaranki\u0161kas surinkimas,<br \/>\nPridedamos i\u0161samios, paprastos, iliustracin\u0117s surinkimo instrukcijos.<br \/>\nSi\u016blome plat\u0173 bald\u0173 pasirinkim\u0105, kad gal\u0117tum\u0117te m\u0117gautis visaver\u010diu nam\u0173 apstatymu.<\/p>","protected":false},"excerpt":{"rendered":"<p>Modern SOLO MINI 80 Round Coffee Table The SOLO MINI 80 coffee table is a harmonious blend of modern elegance and functional design, perfectly complementing contemporary interior design trends. The round, white marble top captivates with its luxurious texture and mirror finish, lending any interior a fresh and stylish touch. Thanks to the use of [&hellip;]<\/p>","protected":false},"featured_media":192009,"comment_status":"open","ping_status":"open","template":"","meta":[],"product_brand":[],"product_cat":[9619,866,4774],"product_tag":[],"class_list":{"0":"post-192008","1":"product","2":"type-product","3":"status-publish","4":"has-post-thumbnail","6":"product_cat-coffee-table-solo-mini-hubertus","7":"product_cat-coffee-tables","8":"product_cat-hubertus-design","10":"first","11":"instock","12":"purchasable","13":"product-type-simple"},"_links":{"self":[{"href":"https:\/\/baldumarket.lt\/lt\/wp-json\/wp\/v2\/product\/192008","targetHints":{"allow":["GET"]}}],"collection":[{"href":"https:\/\/baldumarket.lt\/lt\/wp-json\/wp\/v2\/product"}],"about":[{"href":"https:\/\/baldumarket.lt\/lt\/wp-json\/wp\/v2\/types\/product"}],"replies":[{"embeddable":true,"href":"https:\/\/baldumarket.lt\/lt\/wp-json\/wp\/v2\/comments?post=192008"}],"wp:featuredmedia":[{"embeddable":true,"href":"https:\/\/baldumarket.lt\/lt\/wp-json\/wp\/v2\/media\/192009"}],"wp:attachment":[{"href":"https:\/\/baldumarket.lt\/lt\/wp-json\/wp\/v2\/media?parent=192008"}],"wp:term":[{"taxonomy":"product_brand","embeddable":true,"href":"https:\/\/baldumarket.lt\/lt\/wp-json\/wp\/v2\/product_brand?post=192008"},{"taxonomy":"product_cat","embeddable":true,"href":"https:\/\/baldumarket.lt\/lt\/wp-json\/wp\/v2\/product_cat?post=192008"},{"taxonomy":"product_tag","embeddable":true,"href":"https:\/\/baldumarket.lt\/lt\/wp-json\/wp\/v2\/product_tag?post=192008"}],"curies":[{"name":"wp","href":"https:\/\/api.w.org\/{rel}","templated":true}]}}