{"id":192005,"date":"2025-12-23T13:35:08","date_gmt":"2025-12-23T10:35:08","guid":{"rendered":"https:\/\/baldumarket.lt\/product\/stolik-kawowy-solo-mini-%e2%8c%8080cm-jasny-marmur-polysk-czarny\/"},"modified":"2026-02-14T12:16:27","modified_gmt":"2026-02-14T09:16:27","slug":"stolik-kawowy-solo-mini-%e2%8c%8080cm-jasny-marmur-polysk-czarny","status":"publish","type":"product","link":"https:\/\/baldumarket.lt\/lt\/product\/stolik-kawowy-solo-mini-%e2%8c%8080cm-jasny-marmur-polysk-czarny\/","title":{"rendered":"SOLO MINI kavos staliukas \u230080cm \u0161viesus marmuras blizgus\/juodas"},"content":{"rendered":"<p>Lenki\u0161kas SOLO MINI 80 apvalus kavos staliukas<br \/>\nSOLO MINI 80 kavos staliukas \u2013 tai eleganti\u0161kas ir modernus dizainas, sukurtas \u017einomos Lenkijos kompanijos \u201eHubertus\u201c, \u017einomos d\u0117l ilgamet\u0117s patirties ir auk\u0161\u010diausios kokyb\u0117s bald\u0173 gamyboje. Kruop\u0161\u010diai atkreipus d\u0117mes\u012f \u012f detales, staliukas puikiai derina funkcionalum\u0105 ir rafinuot\u0105 estetik\u0105, puikiai papildydamas modern\u0173 interjer\u0105. Balto marmuro stalvir\u0161is \u017eavi prabangia i\u0161vaizda, o inovatyvi \u201eSuper PRINT\u201c technologija suteikia jam unikal\u0173 ir patvar\u0173 ra\u0161t\u0105, i\u0161siskiriant\u012f \u017evilgan\u010diu pavir\u0161iumi, subtiliai atspindin\u010diu \u0161vies\u0105.<br \/>\nStalo pagrindas, padengtas itin blizgia balta spalva, buvo sukurtas atsi\u017evelgiant \u012f minimalistin\u012f, modern\u0173 dizain\u0105. Subtiliai trimat\u0117 forma suteikia gylio ir dinamikos, pabr\u0117\u017eia viso baldo elegancij\u0105. Visas stalas pagamintas i\u0161 auk\u0161tos kokyb\u0117s MDF plok\u0161t\u0117s, padengtos specialia akrilo danga, kuri ne tik suteikia veidrodin\u012f blizges\u012f, bet ir pasi\u017eymi antibakterin\u0117mis savyb\u0117mis. D\u0117l to stalas yra ne tik gra\u017eus, bet ir higieni\u0161kas bei lengvai valomas. Akrilu dengti baldai yra puiki investicija, nes jie yra atsparesni \u012fbr\u0117\u017eimams, UV spinduliams ir auk\u0161tai temperat\u016brai iki 100 \u00b0C. \u0160ios unikalios savyb\u0117s u\u017etikrina, kad SOLO MINI 80 kavos staliukas daugel\u012f met\u0173 i\u0161laikys savo i\u0161vaizd\u0105, neprarasdamas blizgesio ar kokyb\u0117s. Kasdien\u0117 prie\u017ei\u016bra yra ne\u012ftik\u0117tinai paprasta \u2013 tiesiog nuvalykite j\u012f dr\u0117gnu mikropluo\u0161to \u0161luoste, kad atkurtum\u0117te tobul\u0105 i\u0161vaizd\u0105, nereik\u0117s joki\u0173 plovikli\u0173.<br \/>\nSOLO MINI 80 kavos staliukas \u2013 puikus pasirinkimas tiems, kurie vertina lenki\u0161k\u0105 kokyb\u0119 ir modern\u0173 dizain\u0105. Jis puikiai papildo ma\u017eesn\u012f SOLO MINI 60 model\u012f, sukurdamas stiling\u0105 komplekt\u0105, kuris pabr\u0117\u0161 bet kokio interjero charakter\u012f. Verta investuoti \u012f bald\u0105, kuris apjungia ne tik estetik\u0105, bet ir patvarum\u0105 bei naudojimo paprastum\u0105.<br \/>\nProdukto savyb\u0117s<br \/>\nLenki\u0161kas produktas,<br \/>\nMDF stalvir\u0161is, padengtas akrilo kilim\u0117liu,<br \/>\nStalvir\u0161is spausdinamas naudojant itin pa\u017eangi\u0105, novatori\u0161k\u0105 skyst\u0173 polimerini\u0173 da\u017e\u0173 spausdinimo technologij\u0105,<br \/>\nDidelis atsparumas \u012fvairiems veiksniams ir pa\u017eeidimams, \u012fskaitant auk\u0161t\u0105 temperat\u016br\u0105. Apvalus, balto marmuro vir\u0161us.,<br \/>\nMDF pagrindas,<br \/>\njuodas pagrindas,<br \/>\nviena koja,<br \/>\nsavaranki\u0161kam surinkimui,<br \/>\npridedamos i\u0161samios, paprastos, iliustracin\u0117s surinkimo instrukcijos,<br \/>\nSi\u016blome plat\u0173 bald\u0173 pasirinkim\u0105, leid\u017eiant\u012f pilnai \u012frengti savo namus.<\/p>","protected":false},"excerpt":{"rendered":"<p>Lenki\u0161kas SOLO MINI 80 apvalus kavos staliukas SOLO MINI 80 kavos staliukas \u2013 tai eleganti\u0161kas ir modernus dizainas, sukurtas garsios Lenkijos kompanijos \u201eHubertus\u201c, \u017einomos d\u0117l ilgamet\u0117s patirties ir auk\u0161\u010diausios kokyb\u0117s bald\u0173 gamyboje. Sukurtas kruop\u0161\u010diai atkreipiant d\u0117mes\u012f \u012f detales, staliukas puikiai derina funkcionalum\u0105 ir rafinuot\u0105 estetik\u0105, sukurdamas tobul\u0105 [\u2026]<\/p>","protected":false},"featured_media":192006,"comment_status":"open","ping_status":"open","template":"","meta":[],"product_brand":[],"product_cat":[9619,866,4774],"product_tag":[],"class_list":{"0":"post-192005","1":"product","2":"type-product","3":"status-publish","4":"has-post-thumbnail","6":"product_cat-coffee-table-solo-mini-hubertus","7":"product_cat-coffee-tables","8":"product_cat-hubertus-design","10":"first","11":"instock","12":"purchasable","13":"product-type-simple"},"_links":{"self":[{"href":"https:\/\/baldumarket.lt\/lt\/wp-json\/wp\/v2\/product\/192005","targetHints":{"allow":["GET"]}}],"collection":[{"href":"https:\/\/baldumarket.lt\/lt\/wp-json\/wp\/v2\/product"}],"about":[{"href":"https:\/\/baldumarket.lt\/lt\/wp-json\/wp\/v2\/types\/product"}],"replies":[{"embeddable":true,"href":"https:\/\/baldumarket.lt\/lt\/wp-json\/wp\/v2\/comments?post=192005"}],"wp:featuredmedia":[{"embeddable":true,"href":"https:\/\/baldumarket.lt\/lt\/wp-json\/wp\/v2\/media\/192006"}],"wp:attachment":[{"href":"https:\/\/baldumarket.lt\/lt\/wp-json\/wp\/v2\/media?parent=192005"}],"wp:term":[{"taxonomy":"product_brand","embeddable":true,"href":"https:\/\/baldumarket.lt\/lt\/wp-json\/wp\/v2\/product_brand?post=192005"},{"taxonomy":"product_cat","embeddable":true,"href":"https:\/\/baldumarket.lt\/lt\/wp-json\/wp\/v2\/product_cat?post=192005"},{"taxonomy":"product_tag","embeddable":true,"href":"https:\/\/baldumarket.lt\/lt\/wp-json\/wp\/v2\/product_tag?post=192005"}],"curies":[{"name":"wp","href":"https:\/\/api.w.org\/{rel}","templated":true}]}}