{"id":192002,"date":"2025-12-23T13:34:54","date_gmt":"2025-12-23T10:34:54","guid":{"rendered":"https:\/\/baldumarket.lt\/product\/stolik-kawowy-solo-mini-%e2%8c%8080cm-bialy-mat\/"},"modified":"2026-02-14T12:16:27","modified_gmt":"2026-02-14T09:16:27","slug":"stolik-kawowy-solo-mini-%e2%8c%8080cm-bialy-mat","status":"publish","type":"product","link":"https:\/\/baldumarket.lt\/lt\/product\/stolik-kawowy-solo-mini-%e2%8c%8080cm-bialy-mat\/","title":{"rendered":"SOLO MINI kavos staliukas \u230080cm baltas matinis"},"content":{"rendered":"<p>Modernus SOLO MINI 60 apvalus kavos staliukas<br \/>\nKavos staliukas \u201eSOLO MINI 80\u201c \u2013 tai modernaus dizaino kvintesencija, sukurta Lenkijos kompanijos \u201eHubertus\u201c, kuri jau daugel\u012f met\u0173 specializuojasi auk\u0161tos kokyb\u0117s bald\u0173 gamyboje. \u0160is modelis \u017eavi savo paprasta forma ir i\u0161skirtine elegancija, harmoningai dera su naujausiomis interjero dizaino tendencijomis. \u201eSuper Matte White\u201c stalvir\u0161is \u2013 tai tobulas funkcionalumo ir rafinuotos estetikos derinys \u2013 matin\u0117 stalvir\u0161io apdaila suteikia jam gylio ir aksomin\u0117s tekst\u016bros, sukuria malon\u0173 lyt\u0117jimo efekt\u0105, tuo pa\u010diu suteikdama baldui subtil\u0173 ir modern\u0173 vaizd\u0105. Tai puikus sprendimas tiems, kurie vertina paprastum\u0105, elegancij\u0105 ir netradicin\u012f stili\u0173.<br \/>\nStalo itin blizgus baltas pagrindas suteikia jam unikal\u0173 charakter\u012f. Veidrodinis pavir\u0161ius, padengtas akrilo danga, suteikia visam baldui unikal\u0173 blizges\u012f, kuris gra\u017eiai kontrastuoja su matiniu stalvir\u0161iu. Be to, subtilus pagrindo trimatumas sukuria \u0161viesos \u017eaism\u0105, dar labiau sustiprindamas eleganti\u0161k\u0105 stalo i\u0161vaizd\u0105. Visa konstrukcija pagaminta i\u0161 MDF plok\u0161t\u0117s, kurios akrilin\u0117 apdaila suteikia ne tik vizualin\u012f patrauklum\u0105, bet ir daug praktini\u0173 privalum\u0173. Akrilas apsaugo baldo pavir\u0161i\u0173 nuo \u012fbr\u0117\u017eim\u0173, UV spinduli\u0173 ir iki 100 \u00b0C temperat\u016bros, u\u017etikrindamas ilgalaik\u012f naudojim\u0105 neprarandant kokyb\u0117s ar blizgesio.<br \/>\nVerta pamin\u0117ti, kad akrilo apdaila taip pat yra antibakterin\u0117, tod\u0117l SOLO MINI 80 stalas yra ne tik eleganti\u0161kas, bet ir higieni\u0161kas bei saugus kasdieniam naudojimui. Stalo prie\u017ei\u016bra yra itin paprasta \u2013 \u0161velnios mikropluo\u0161to \u0161luost\u0117s be plovikli\u0173 pakanka, kad atkurtum\u0117te jo nepriekai\u0161ting\u0105 i\u0161vaizd\u0105.<br \/>\n\u0160is modelis puikiai dera su ma\u017eesniu SOLO MINI 60 kavos staliuku ir leid\u017eia sukurti darn\u0173 bei modern\u0173 interjero dizain\u0105. Investuodami \u012f SOLO MINI 80 stal\u0105, investuojate \u012f lenki\u0161k\u0105 kokyb\u0119 ir ilgaam\u017ei\u0161kum\u0105, taip pat \u012f elegancij\u0105 ir funkcionalum\u0105, kuris ilgai tarnaus j\u016bs\u0173 namuose. Produkto savyb\u0117s<br \/>\nLenki\u0161kas produktas,<br \/>\nMDF stalvir\u0161is, padengtas akrilo kilim\u0117liu,<br \/>\ndidelis atsparumas \u012fvairiems veiksniams ir pa\u017eeidimams, \u012fskaitant auk\u0161t\u0105 temperat\u016br\u0105.<br \/>\napvali balta vir\u0161\u016bn\u0117,<br \/>\nmatinis pavir\u0161ius tik vir\u0161utiniame pavir\u0161iuje,<br \/>\nMDF pagrindas,<br \/>\nbaltas pagrindas,<br \/>\nviena koja,<br \/>\nreikalingas savaranki\u0161kas surinkimas,<br \/>\npridedamos i\u0161samios, paprastos, iliustracin\u0117s surinkimo instrukcijos,<br \/>\nSi\u016blome plat\u0173 bald\u0173 pasirinkim\u0105, kad gal\u0117tum\u0117te visapusi\u0161kai \u012fsirengti savo namus.<\/p>","protected":false},"excerpt":{"rendered":"<p>Modernus SOLO MINI 60 apvalus kavos staliukas SOLO MINI 80 kavos staliukas yra modernaus dizaino kvintesencija, sukurta Lenkijos kompanijos \u201eHubertus\u201c, kuri jau daugel\u012f met\u0173 specializuojasi auk\u0161tos kokyb\u0117s bald\u0173 gamyboje. \u0160is modelis \u017eavi savo paprasta forma ir i\u0161skirtine elegancija, harmoningai dera su naujausiomis interjero dizaino tendencijomis. Super matinis [\u2026]<\/p>","protected":false},"featured_media":192003,"comment_status":"open","ping_status":"open","template":"","meta":[],"product_brand":[],"product_cat":[9619,866,4774],"product_tag":[],"class_list":{"0":"post-192002","1":"product","2":"type-product","3":"status-publish","4":"has-post-thumbnail","6":"product_cat-coffee-table-solo-mini-hubertus","7":"product_cat-coffee-tables","8":"product_cat-hubertus-design","10":"first","11":"instock","12":"purchasable","13":"product-type-simple"},"_links":{"self":[{"href":"https:\/\/baldumarket.lt\/lt\/wp-json\/wp\/v2\/product\/192002","targetHints":{"allow":["GET"]}}],"collection":[{"href":"https:\/\/baldumarket.lt\/lt\/wp-json\/wp\/v2\/product"}],"about":[{"href":"https:\/\/baldumarket.lt\/lt\/wp-json\/wp\/v2\/types\/product"}],"replies":[{"embeddable":true,"href":"https:\/\/baldumarket.lt\/lt\/wp-json\/wp\/v2\/comments?post=192002"}],"wp:featuredmedia":[{"embeddable":true,"href":"https:\/\/baldumarket.lt\/lt\/wp-json\/wp\/v2\/media\/192003"}],"wp:attachment":[{"href":"https:\/\/baldumarket.lt\/lt\/wp-json\/wp\/v2\/media?parent=192002"}],"wp:term":[{"taxonomy":"product_brand","embeddable":true,"href":"https:\/\/baldumarket.lt\/lt\/wp-json\/wp\/v2\/product_brand?post=192002"},{"taxonomy":"product_cat","embeddable":true,"href":"https:\/\/baldumarket.lt\/lt\/wp-json\/wp\/v2\/product_cat?post=192002"},{"taxonomy":"product_tag","embeddable":true,"href":"https:\/\/baldumarket.lt\/lt\/wp-json\/wp\/v2\/product_tag?post=192002"}],"curies":[{"name":"wp","href":"https:\/\/api.w.org\/{rel}","templated":true}]}}