{"id":191999,"date":"2025-12-23T13:34:39","date_gmt":"2025-12-23T10:34:39","guid":{"rendered":"https:\/\/baldumarket.lt\/product\/stolik-kawowy-solo-mini-%e2%8c%8080cm-czarny-mat\/"},"modified":"2026-02-14T12:16:27","modified_gmt":"2026-02-14T09:16:27","slug":"stolik-kawowy-solo-mini-%e2%8c%8080cm-czarny-mat","status":"publish","type":"product","link":"https:\/\/baldumarket.lt\/lt\/product\/stolik-kawowy-solo-mini-%e2%8c%8080cm-czarny-mat\/","title":{"rendered":"SOLO MINI kavos staliukas \u230080cm matin\u0117s juodos spalvos"},"content":{"rendered":"<p>SOLO MINI 80 \u017eemas apvalus kavos staliukas<br \/>\nSOLO MINI 80 kavos staliukas \u2013 puikus pasirinkimas tiems, kurie vertina modern\u0173 stili\u0173, funkcionalum\u0105 ir auk\u0161\u010diausi\u0105 meistri\u0161kumo kokyb\u0119. \u0160\u012f dizain\u0105 suk\u016br\u0117 Lenkijos \u012fmon\u0117 \u201eHubertus\u201c, turinti ilgamet\u0119 bald\u0173 gamybos patirt\u012f. Tai ne tik dekoratyvinis elementas, bet ir naujausi\u0173 tendencij\u0173 i\u0161rai\u0161ka. D\u0117l unikalaus juodo itin matinio stalvir\u0161io ir juodo itin blizgaus pagrindo derinio \u0161is staliukas suteikia elegancijos bet kokiam interjerui, puikiai papildydamas modernias kompozicijas.<br \/>\nStalo juodas \u201eSuper Matte\u201c stalvir\u0161is yra tikras akcentas \u2013 jo aksominis, matinis pavir\u0161ius suteikia gylio ir subtilumo, kartu suteikdamas stalui subtilios elegancijos. \u201eSuper Matte\u201c apdaila yra ne tik vizualiai stulbinanti, bet ir prakti\u0161ka \u2013 ji neatspindi \u0161viesos, suteikdama stalui modern\u0173, minimalistin\u012f charakter\u012f. Stalo vir\u0161uje naudojama MDF plok\u0161t\u0117, pagaminta naudojant pa\u017eangi\u0105 akrilo technologij\u0105, yra labai atspari \u012fbr\u0117\u017eimams, taip pat apsaugo nuo UV spinduli\u0173 ir auk\u0161tos temperat\u016bros \u2013 iki 100 \u00b0C. Stalo pagrindas, padengtas itin blizgia juoda spalva, suteikia prabangos. Veidrodinio efekto akrilo danga pabr\u0117\u017eia jo modernum\u0105 ir suteikia elegancijos, kartu suteikdama subtil\u0173, trimat\u012f efekt\u0105. Akrilas yra itin patvari med\u017eiaga, apsauganti nuo \u012fbr\u0117\u017eim\u0173 ir UV spinduli\u0173, be to, j\u012f lengva valyti. Be to, d\u0117l antibakterini\u0173 savybi\u0173 SOLO MINI 80 stalas yra ne tik esteti\u0161kai patrauklus, bet ir higieni\u0161kas bei saugus naudoti.<br \/>\nD\u0117l novatori\u0161k\u0173 med\u017eiag\u0173 ir technologij\u0173 naudojimo \u0161is baldas yra atsparus i\u0161or\u0117s veiksniams, u\u017etikrinant ilgaam\u017ei\u0161kum\u0105. Rekomenduojamas paprastas valymas dr\u0117gnu mikropluo\u0161to \u0161luoste, u\u017etikrinan\u010diu lengv\u0105 prie\u017ei\u016br\u0105. \u0160is stalas papildo ma\u017eesn\u012f SOLO MINI 60 model\u012f, sukurdamas darn\u0173 ir modern\u0173 interjero dizain\u0105.<br \/>\nInvestuodami \u012f SOLO MINI 80 stal\u0105, renkat\u0117s lenki\u0161k\u0105 kokyb\u0119, modern\u0173 dizain\u0105 ir patvarum\u0105, kuris d\u017eiugins ak\u012f ilgus metus. Tai eleganti\u0161kas ir prakti\u0161kas pasirinkimas bet kokiam moderniam interjerui. Produkto savyb\u0117s<br \/>\nLenki\u0161kas produktas,<br \/>\nMDF stalvir\u0161is su matiniu akrilo pavir\u0161iumi,<br \/>\ndidelis atsparumas \u012fvairiems veiksniams ir pa\u017eeidimams, \u012fskaitant auk\u0161t\u0105 temperat\u016br\u0105.<br \/>\napvali matin\u0117s juodos spalvos vir\u0161utin\u0117 dalis,<br \/>\nmatinis pavir\u0161ius tik vir\u0161utiniame pavir\u0161iuje,<br \/>\nMDF pagrindas,<br \/>\njuodas pagrindas,<br \/>\nviena koja,<br \/>\nreikalingas savaranki\u0161kas surinkimas,<br \/>\npridedamos i\u0161samios, paprastos, iliustracin\u0117s surinkimo instrukcijos,<br \/>\nSi\u016blome plat\u0173 bald\u0173 pasirinkim\u0105, kad gal\u0117tum\u0117te visapusi\u0161kai \u012fsirengti savo namus.<\/p>","protected":false},"excerpt":{"rendered":"<p>SOLO MINI 80 Low Round Coffee Table The SOLO MINI 80 coffee table is a perfect choice for those who value modern style combined with functionality and the highest quality craftsmanship. Created by the Polish company Hubertus, with years of experience in furniture manufacturing, this design is not only a decorative element but also an [&hellip;]<\/p>","protected":false},"featured_media":192000,"comment_status":"open","ping_status":"open","template":"","meta":[],"product_brand":[],"product_cat":[9619,866,4774],"product_tag":[],"class_list":{"0":"post-191999","1":"product","2":"type-product","3":"status-publish","4":"has-post-thumbnail","6":"product_cat-coffee-table-solo-mini-hubertus","7":"product_cat-coffee-tables","8":"product_cat-hubertus-design","10":"first","11":"instock","12":"purchasable","13":"product-type-simple"},"_links":{"self":[{"href":"https:\/\/baldumarket.lt\/lt\/wp-json\/wp\/v2\/product\/191999","targetHints":{"allow":["GET"]}}],"collection":[{"href":"https:\/\/baldumarket.lt\/lt\/wp-json\/wp\/v2\/product"}],"about":[{"href":"https:\/\/baldumarket.lt\/lt\/wp-json\/wp\/v2\/types\/product"}],"replies":[{"embeddable":true,"href":"https:\/\/baldumarket.lt\/lt\/wp-json\/wp\/v2\/comments?post=191999"}],"wp:featuredmedia":[{"embeddable":true,"href":"https:\/\/baldumarket.lt\/lt\/wp-json\/wp\/v2\/media\/192000"}],"wp:attachment":[{"href":"https:\/\/baldumarket.lt\/lt\/wp-json\/wp\/v2\/media?parent=191999"}],"wp:term":[{"taxonomy":"product_brand","embeddable":true,"href":"https:\/\/baldumarket.lt\/lt\/wp-json\/wp\/v2\/product_brand?post=191999"},{"taxonomy":"product_cat","embeddable":true,"href":"https:\/\/baldumarket.lt\/lt\/wp-json\/wp\/v2\/product_cat?post=191999"},{"taxonomy":"product_tag","embeddable":true,"href":"https:\/\/baldumarket.lt\/lt\/wp-json\/wp\/v2\/product_tag?post=191999"}],"curies":[{"name":"wp","href":"https:\/\/api.w.org\/{rel}","templated":true}]}}