{"id":191987,"date":"2025-12-23T13:33:40","date_gmt":"2025-12-23T10:33:40","guid":{"rendered":"https:\/\/baldumarket.lt\/product\/stol-okragly-raveo-100x100-czarny-mat\/"},"modified":"2026-02-14T12:09:14","modified_gmt":"2026-02-14T09:09:14","slug":"stol-okragly-raveo-100x100-czarny-mat","status":"publish","type":"product","link":"https:\/\/baldumarket.lt\/lt\/product\/stol-okragly-raveo-100x100-czarny-mat\/","title":{"rendered":"RAVEO apvalus stalas 100\u00d7100 juodas matinis"},"content":{"rendered":"<p>Lenki\u0161kas RAVEO apvalus stalas matin\u0117s juodos spalvos<br \/>\nRAVEO stalas \u2013 eleganti\u0161kas baldas, puikiai papildantis modern\u0173 interjer\u0105. Pagamintas i\u0161 MDF plok\u0161t\u0117s su matiniu akrilo sluoksniu, stalas derina patvarum\u0105 ir minimalistin\u012f stili\u0173. Matinis juodas stalvir\u0161is ir juodas pagrindas sukuria darni\u0105 visum\u0105, suteikian\u010di\u0105 interjerui i\u0161skirtin\u0117s klas\u0117s ir rafinuotumo.<br \/>\nAkrilo naudojimas stalvir\u0161io apdailoje suteikia daug privalum\u0173. \u201eSuper MAT\u201c matin\u0117 danga ne tik suteikia gil\u0173, aksomin\u012f efekt\u0105, bet ir yra atspari mechaniniams pa\u017eeidimams, tokiems kaip \u012fbr\u0117\u017eimai ir \u012fskilimai. Akrilas yra labai atsparus auk\u0161tai temperat\u016brai (iki 100 \u00b0C), tod\u0117l baldai ilg\u0105 laik\u0105 i\u0161laiko estetin\u012f patrauklum\u0105. Be to, pavir\u0161ius atsparus spalvos pakitimams ir oksidacijai, tod\u0117l stalas visada atrodo kaip naujas. Akriliniai pavir\u0161iai taip pat atspar\u016bs spalvos pakitimams, kuriuos sukelia r\u016bdys. Be to, akrilo strukt\u016broje yra sidabro jon\u0173, tod\u0117l jis yra antibakterinis. \u0160ie jonai slopina bakterij\u0173 augim\u0105. Dar vienas akrilo privalumas yra lengvas valymas. Mink\u0161ta \u0161luoste ir vandeniu pakanka, kad matinis pavir\u0161ius v\u0117l blizg\u0117t\u0173. Lygi akrilo strukt\u016bra neleid\u017eia prasiskverbti ne\u0161varumams ir bakterijoms, tod\u0117l \u0161is stalas yra itin higieni\u0161kas pasirinkimas bet kokiam interjerui.<br \/>\nRAVEO stalas \u2013 puikus pasirinkimas ie\u0161kantiems funkcionali\u0173 ir esteti\u0161k\u0173 sprendim\u0173. D\u0117l tvirtos konstrukcijos ir moderni\u0173 med\u017eiag\u0173 \u0161is stalas pasi\u017eymi patvarumu, elegancija ir lengva prie\u017ei\u016bra, tod\u0117l puikiai tinka kasdieniam naudojimui.<br \/>\nProdukto savyb\u0117s<br \/>\nLenki\u0161kas produktas,<br \/>\nMDF stalvir\u0161is, padengtas akrilo kilim\u0117liu,<br \/>\ndidelis atsparumas \u012fvairiems veiksniams ir pa\u017eeidimams, \u012fskaitant auk\u0161t\u0105 temperat\u016br\u0105.<br \/>\napvali matin\u0117s juodos spalvos vir\u0161utin\u0117 dalis,<br \/>\nmatinis pavir\u0161ius tik vir\u0161utiniame pavir\u0161iuje,<br \/>\nMDF pagrindas,<br \/>\njuodas pagrindas,<br \/>\nviena koja,<br \/>\nreikalingas savaranki\u0161kas surinkimas,<br \/>\npridedamos i\u0161samios, paprastos, iliustracin\u0117s surinkimo instrukcijos,<br \/>\nSi\u016blome plat\u0173 bald\u0173 pasirinkim\u0105, kad gal\u0117tum\u0117te visapusi\u0161kai \u012fsirengti savo namus.<\/p>","protected":false},"excerpt":{"rendered":"<p>Lenki\u0161kas RAVEO apvalus stalas, matin\u0117s juodos spalvos. RAVEO stalas yra eleganti\u0161kas baldas, puikiai papildantis modern\u0173 interjer\u0105. Pagamintas i\u0161 MDF plok\u0161t\u0117s su matiniu akrilo sluoksniu, stalas sujungia patvarum\u0105 ir minimalistin\u012f stili\u0173. Matin\u0117s juodos spalvos stalvir\u0161is ir juodas pagrindas sukuria darni\u0105 visum\u0105, suteikian\u010di\u0105 i\u0161skirtin\u0117s klas\u0117s ir rafinuotumo [\u2026]<\/p>","protected":false},"featured_media":191988,"comment_status":"open","ping_status":"open","template":"","meta":[],"product_brand":[],"product_cat":[9617,4774,1934],"product_tag":[],"class_list":{"0":"post-191987","1":"product","2":"type-product","3":"status-publish","4":"has-post-thumbnail","6":"product_cat-table-raveo-hubertus","7":"product_cat-hubertus-design","8":"product_cat-tables","10":"first","11":"instock","12":"purchasable","13":"product-type-simple"},"_links":{"self":[{"href":"https:\/\/baldumarket.lt\/lt\/wp-json\/wp\/v2\/product\/191987","targetHints":{"allow":["GET"]}}],"collection":[{"href":"https:\/\/baldumarket.lt\/lt\/wp-json\/wp\/v2\/product"}],"about":[{"href":"https:\/\/baldumarket.lt\/lt\/wp-json\/wp\/v2\/types\/product"}],"replies":[{"embeddable":true,"href":"https:\/\/baldumarket.lt\/lt\/wp-json\/wp\/v2\/comments?post=191987"}],"wp:featuredmedia":[{"embeddable":true,"href":"https:\/\/baldumarket.lt\/lt\/wp-json\/wp\/v2\/media\/191988"}],"wp:attachment":[{"href":"https:\/\/baldumarket.lt\/lt\/wp-json\/wp\/v2\/media?parent=191987"}],"wp:term":[{"taxonomy":"product_brand","embeddable":true,"href":"https:\/\/baldumarket.lt\/lt\/wp-json\/wp\/v2\/product_brand?post=191987"},{"taxonomy":"product_cat","embeddable":true,"href":"https:\/\/baldumarket.lt\/lt\/wp-json\/wp\/v2\/product_cat?post=191987"},{"taxonomy":"product_tag","embeddable":true,"href":"https:\/\/baldumarket.lt\/lt\/wp-json\/wp\/v2\/product_tag?post=191987"}],"curies":[{"name":"wp","href":"https:\/\/api.w.org\/{rel}","templated":true}]}}