{"id":191980,"date":"2025-12-23T13:33:16","date_gmt":"2025-12-23T10:33:16","guid":{"rendered":"https:\/\/baldumarket.lt\/product\/stol-okragly-raveo-100x100-czarny-mat-bialy-polysk\/"},"modified":"2026-02-14T12:09:14","modified_gmt":"2026-02-14T09:09:14","slug":"stol-okragly-raveo-100x100-czarny-mat-bialy-polysk","status":"publish","type":"product","link":"https:\/\/baldumarket.lt\/lt\/product\/stol-okragly-raveo-100x100-czarny-mat-bialy-polysk\/","title":{"rendered":"RAVEO apvalus stalas 100&#215;100 matin\u0117 juoda \/ blizgi balta"},"content":{"rendered":"<p>Modernus RAVEO apvalus stalas ant vienos kojos<br \/>\nRAVEO apvalus stalas derina funkcionalum\u0105 ir patraukl\u0173 dizain\u0105, tod\u0117l tai puiki susitikim\u0173 vieta bet kokiame interjere, taip pat dekoratyvinis elementas bet kurioje patalpoje, kurioje jis stovi. \u0160is Lenkijoje pagamintas valgomojo stalas pagamintas i\u0161 auk\u0161tos kokyb\u0117s MDF plok\u0161t\u0117s, padengtos akriliniu kilim\u0117liu, suteikian\u010diu jai blizgan\u010di\u0105, veidrod\u012f primenan\u010di\u0105 apdail\u0105. \u0160i med\u017eiaga pasi\u017eymi puikiu atsparumu \u012fbr\u0117\u017eimams, UV spinduliams ir auk\u0161tai temperat\u016brai. Gamintojas rekomenduoja vienakoj\u012f stal\u0105 valyti lengvai sudr\u0117kinta mikropluo\u0161to \u0161luoste be plovikli\u0173, kad jis daugel\u012f met\u0173 i\u0161laikyt\u0173 nepriekai\u0161ting\u0105 i\u0161vaizd\u0105. Modernus RAVEO apvalus stalas pasi\u017eymi \u012fdomiai suprojektuotu pagrindu, sudarytu i\u0161 trij\u0173 sujungt\u0173 kolon\u0173, kurios traukia ak\u012f ir leid\u017eia patogiai s\u0117d\u0117ti, nebijant atsitrenkti \u012f kojas. Be to, apvalus stalas turi prana\u0161um\u0105, nes gali sutalpinti daugiau \u017emoni\u0173 nei tradicinis stalas. Produkto savyb\u0117s<br \/>\nLenki\u0161kas produktas,<br \/>\nMDF stalvir\u0161is su matiniu akrilo pavir\u0161iumi,<br \/>\ndidelis atsparumas \u012fvairiems veiksniams ir pa\u017eeidimams, \u012fskaitant auk\u0161t\u0105 temperat\u016br\u0105.<br \/>\napvali matin\u0117s juodos spalvos vir\u0161utin\u0117 dalis,<br \/>\nmatinis pavir\u0161ius tik vir\u0161utiniame pavir\u0161iuje,<br \/>\nMDF pagrindas,<br \/>\nbaltas pagrindas,<br \/>\nviena koja,<br \/>\nreikalingas savaranki\u0161kas surinkimas,<br \/>\npridedamos i\u0161samios, paprastos, iliustracin\u0117s surinkimo instrukcijos,<br \/>\nSi\u016blome plat\u0173 bald\u0173 pasirinkim\u0105, kad gal\u0117tum\u0117te visapusi\u0161kai \u012fsirengti savo namus.<\/p>","protected":false},"excerpt":{"rendered":"<p>Modern RAVEO Round Table on One Leg The RAVEO round table combines functionality with attractive design, making it a perfect meeting place in any interior, as well as a decorative element for any room in which it is placed. This Polish-made dining table is made of high-quality MDF board covered with an acrylic mat, giving [&hellip;]<\/p>","protected":false},"featured_media":191981,"comment_status":"open","ping_status":"open","template":"","meta":[],"product_brand":[],"product_cat":[9617,4774,1934],"product_tag":[],"class_list":{"0":"post-191980","1":"product","2":"type-product","3":"status-publish","4":"has-post-thumbnail","6":"product_cat-table-raveo-hubertus","7":"product_cat-hubertus-design","8":"product_cat-tables","10":"first","11":"instock","12":"purchasable","13":"product-type-simple"},"_links":{"self":[{"href":"https:\/\/baldumarket.lt\/lt\/wp-json\/wp\/v2\/product\/191980","targetHints":{"allow":["GET"]}}],"collection":[{"href":"https:\/\/baldumarket.lt\/lt\/wp-json\/wp\/v2\/product"}],"about":[{"href":"https:\/\/baldumarket.lt\/lt\/wp-json\/wp\/v2\/types\/product"}],"replies":[{"embeddable":true,"href":"https:\/\/baldumarket.lt\/lt\/wp-json\/wp\/v2\/comments?post=191980"}],"wp:featuredmedia":[{"embeddable":true,"href":"https:\/\/baldumarket.lt\/lt\/wp-json\/wp\/v2\/media\/191981"}],"wp:attachment":[{"href":"https:\/\/baldumarket.lt\/lt\/wp-json\/wp\/v2\/media?parent=191980"}],"wp:term":[{"taxonomy":"product_brand","embeddable":true,"href":"https:\/\/baldumarket.lt\/lt\/wp-json\/wp\/v2\/product_brand?post=191980"},{"taxonomy":"product_cat","embeddable":true,"href":"https:\/\/baldumarket.lt\/lt\/wp-json\/wp\/v2\/product_cat?post=191980"},{"taxonomy":"product_tag","embeddable":true,"href":"https:\/\/baldumarket.lt\/lt\/wp-json\/wp\/v2\/product_tag?post=191980"}],"curies":[{"name":"wp","href":"https:\/\/api.w.org\/{rel}","templated":true}]}}