{"id":191971,"date":"2025-12-23T13:32:47","date_gmt":"2025-12-23T10:32:47","guid":{"rendered":"https:\/\/baldumarket.lt\/product\/stolik-kawowy-diverso-80x80-bordowy\/"},"modified":"2026-02-14T10:55:12","modified_gmt":"2026-02-14T07:55:12","slug":"stolik-kawowy-diverso-80x80-bordowy","status":"publish","type":"product","link":"https:\/\/baldumarket.lt\/lt\/product\/stolik-kawowy-diverso-80x80-bordowy\/","title":{"rendered":"DIVERSO kavos staliukas 80&#215;80 bordo spalvos"},"content":{"rendered":"<p>Pastelinis DIVERSO 80 kavos staliukas bordo spalvos svetainei<br \/>\nDIVERSO 80 kavos staliukas yra \u0161iuolaikinio dizaino pavyzdys, meistri\u0161kai derinantis elegancij\u0105 ir funkcionalum\u0105, si\u016blantis i\u0161skirtin\u0119 estetik\u0105 ir auk\u0161tos kokyb\u0117s meistri\u0161kum\u0105. 80 cm x 80 cm stalvir\u0161is pagamintas i\u0161 patvarios MDF plok\u0161t\u0117s su matiniu bordo spalvos akriliniu sluoksniu. \u0160i apdaila ne tik suteikia stalui i\u0161skirtinai eleganti\u0161k\u0105 i\u0161vaizd\u0105, bet ir prakti\u0161k\u0173 savybi\u0173. Akrilo danga u\u017etikrina didel\u012f atsparum\u0105 \u012fbr\u0117\u017eimams, d\u0117m\u0117ms ir auk\u0161tai temperat\u016brai, tod\u0117l stalas yra labai funkcionalus kasdieniam naudojimui.<br \/>\nStalo pagrindas pagamintas i\u0161 tvirtos MDF plok\u0161t\u0117s, eleganti\u0161kos matin\u0117s bordo spalvos. Be to, lygus pavir\u0161ius leid\u017eia j\u012f lengvai valyti, o tai ypa\u010d svarbu da\u017enai naudojamose patalpose.<br \/>\nStalvir\u0161is su u\u017eapvalintais kra\u0161tais ne tik i\u0161ry\u0161kina moderni\u0105 baldo form\u0105, bet ir padidina saugum\u0105, tod\u0117l DIVERSO 80 yra idealus pasirinkimas \u0161eimyniniams namams. Pavir\u0161i\u0173 lengva valyti, o atsparumas d\u0117m\u0117ms ir \u017eym\u0117ms, kurias palieka kar\u0161ti puodeliai, u\u017etikrina ilgalaik\u0119, esteti\u0161kai patraukli\u0105 i\u0161vaizd\u0105.<br \/>\nDIVERSO 80 kavos staliukas \u2013 tai baldas, kuris harmoningai der\u0117s tiek prie modernaus, minimalistinio, tiek prie klasikinio interjero, suteikdamas prabangos ir elegancijos.<br \/>\nProdukto savyb\u0117s<br \/>\nLenki\u0161kas produktas,<br \/>\nAuk\u0161\u010diausios kokyb\u0117s med\u017eiagos,<br \/>\nStalas pagamintas i\u0161 akrilu dengtos MDF plok\u0161t\u0117s,<br \/>\nMatinis bordo spalvos kvadratinis vir\u0161us,<br \/>\n80 cm plo\u010dio vir\u0161us,<br \/>\nU\u017etepta specialia danga nuo pir\u0161t\u0173 atspaud\u0173,<br \/>\nBald\u0173 pavir\u0161ius atlaiko iki 100 \u00b0C temperat\u016br\u0105,<br \/>\nReikalingas savaranki\u0161kas surinkimas,<br \/>\nSi\u016blome plat\u0173 bald\u0173 pasirinkim\u0105, skirt\u0105 pilnam nam\u0173 apstatymo sprendimui.<\/p>","protected":false},"excerpt":{"rendered":"<p>Pastel DIVERSO 80 Coffee Table in Burgundy for the Living Room The DIVERSO 80 coffee table is an example of contemporary design that skillfully combines elegance with functionality, offering exceptional aesthetics and high-quality craftsmanship. The 80 cm x 80 cm tabletop is made of durable MDF board with a matte burgundy acrylic coating. This finish [&hellip;]<\/p>","protected":false},"featured_media":191972,"comment_status":"open","ping_status":"open","template":"","meta":[],"product_brand":[],"product_cat":[9606,866,4774],"product_tag":[],"class_list":{"0":"post-191971","1":"product","2":"type-product","3":"status-publish","4":"has-post-thumbnail","6":"product_cat-coffee-table-diverso-80x80-hubertus","7":"product_cat-coffee-tables","8":"product_cat-hubertus-design","10":"first","11":"instock","12":"purchasable","13":"product-type-simple"},"_links":{"self":[{"href":"https:\/\/baldumarket.lt\/lt\/wp-json\/wp\/v2\/product\/191971","targetHints":{"allow":["GET"]}}],"collection":[{"href":"https:\/\/baldumarket.lt\/lt\/wp-json\/wp\/v2\/product"}],"about":[{"href":"https:\/\/baldumarket.lt\/lt\/wp-json\/wp\/v2\/types\/product"}],"replies":[{"embeddable":true,"href":"https:\/\/baldumarket.lt\/lt\/wp-json\/wp\/v2\/comments?post=191971"}],"wp:featuredmedia":[{"embeddable":true,"href":"https:\/\/baldumarket.lt\/lt\/wp-json\/wp\/v2\/media\/191972"}],"wp:attachment":[{"href":"https:\/\/baldumarket.lt\/lt\/wp-json\/wp\/v2\/media?parent=191971"}],"wp:term":[{"taxonomy":"product_brand","embeddable":true,"href":"https:\/\/baldumarket.lt\/lt\/wp-json\/wp\/v2\/product_brand?post=191971"},{"taxonomy":"product_cat","embeddable":true,"href":"https:\/\/baldumarket.lt\/lt\/wp-json\/wp\/v2\/product_cat?post=191971"},{"taxonomy":"product_tag","embeddable":true,"href":"https:\/\/baldumarket.lt\/lt\/wp-json\/wp\/v2\/product_tag?post=191971"}],"curies":[{"name":"wp","href":"https:\/\/api.w.org\/{rel}","templated":true}]}}