{"id":191928,"date":"2025-12-23T13:30:17","date_gmt":"2025-12-23T10:30:17","guid":{"rendered":"https:\/\/baldumarket.lt\/product\/lawa-como-66-granatowa\/"},"modified":"2026-02-14T10:49:23","modified_gmt":"2026-02-14T07:49:23","slug":"lawa-como-66-granatowa","status":"publish","type":"product","link":"https:\/\/baldumarket.lt\/lt\/product\/lawa-como-66-granatowa\/","title":{"rendered":"COMO 66 tamsiai m\u0117lynas kavos staliukas"},"content":{"rendered":"<p>Stilingas COMO 66 kavos staliukas tamsiai m\u0117lynos spalvos su matiniu pavir\u0161iumi<br \/>\n\u201eAmore Colore\u201c kolekcijos kavos staliukas \u201eCOMO 66\u201c \u2013 tai eleganti\u0161kas ir funkcionalus baldas, \u017eavintis moderniu dizainu ir auk\u0161tos kokyb\u0117s meistri\u0161kumu. Apvalus tamsiai m\u0117lynas stalvir\u0161is pagamintas i\u0161 aksominio matinio akrilo, suteikian\u010dio pavir\u0161iui subtili\u0105, prabangi\u0105 i\u0161vaizd\u0105. Matinis pavir\u0161ius subtiliai i\u0161sklaido \u0161vies\u0105, sukurdamas interjere gylio ir harmonijos poj\u016bt\u012f.<br \/>\nKavos staliuko pagrind\u0105 sudaro keturi stulpeliai su unikalia matini\u0173 juosteli\u0173 strukt\u016bra, kuri ne tik pabr\u0117\u017eia modern\u0173 baldo charakter\u012f, bet ir suteikia \u012fdomios tekst\u016bros. \u0160is dizainas u\u017etikrina stabilum\u0105 ir ilgaam\u017ei\u0161kum\u0105, o kavos staliuk\u0105 paver\u010dia ry\u0161kiu dizaino elementu. \u201eCOMO 66\u201c modelis yra dviej\u0173 dyd\u017ei\u0173, kuriuos galima derinti, kad b\u016bt\u0173 sukurta darni kompozicija. Produkto savyb\u0117s<br \/>\nLenki\u0161kas produktas \u2013 tvirta meistri\u0161kumo klas\u0117 ir d\u0117mesys detal\u0117ms,<br \/>\nstalvir\u0161is pagamintas i\u0161 matinio akrilo su aksominiu pavir\u0161iumi,<br \/>\npadid\u0117j\u0119s atsparumas UV spinduliams \u2013 spalva ilgiau i\u0161lieka intensyvi,<br \/>\npavir\u0161ius atsparus \u012fbr\u0117\u017eimams ir auk\u0161tai temperat\u016brai (iki 100 \u00b0C),<br \/>\nspeciali apsaugin\u0117 danga nuo pir\u0161t\u0173 atspaud\u0173 suma\u017eina pir\u0161t\u0173 atspaud\u0173 matomum\u0105,<br \/>\nstabilus pagrindas su patraukliais, matiniais stulpeliais su briaunota strukt\u016bra,<br \/>\nlengvas surinkimas d\u0117ka ai\u0161ki\u0173, iliustruot\u0173 instrukcij\u0173,<br \/>\nsavaranki\u0161kam surinkimui,<br \/>\nSi\u016blome plat\u0173 bald\u0173 pasirinkim\u0105, kad gal\u0117tum\u0117te visapusi\u0161kai \u012fsirengti savo namus.<\/p>","protected":false},"excerpt":{"rendered":"<p>Stilingas tamsiai m\u0117lynos spalvos COMO 66 kavos staliukas su matiniu pavir\u0161iumi. \u201eAmore Colore\u201c kolekcijos COMO 66 kavos staliukas yra eleganti\u0161kas ir funkcionalus baldas, kuris \u017eavi moderniu dizainu ir auk\u0161tos kokyb\u0117s meistri\u0161kumu. Jo apvalus tamsiai m\u0117lynas stalvir\u0161is pagamintas i\u0161 aksominio matinio akrilo, suteikian\u010dio pavir\u0161iui subtil\u0173, [\u2026]<\/p>","protected":false},"featured_media":191929,"comment_status":"open","ping_status":"open","template":"","meta":[],"product_brand":[],"product_cat":[9604,866,4774],"product_tag":[],"class_list":{"0":"post-191928","1":"product","2":"type-product","3":"status-publish","4":"has-post-thumbnail","6":"product_cat-coffee-table-como-66-hubertus","7":"product_cat-coffee-tables","8":"product_cat-hubertus-design","10":"first","11":"instock","12":"purchasable","13":"product-type-simple"},"_links":{"self":[{"href":"https:\/\/baldumarket.lt\/lt\/wp-json\/wp\/v2\/product\/191928","targetHints":{"allow":["GET"]}}],"collection":[{"href":"https:\/\/baldumarket.lt\/lt\/wp-json\/wp\/v2\/product"}],"about":[{"href":"https:\/\/baldumarket.lt\/lt\/wp-json\/wp\/v2\/types\/product"}],"replies":[{"embeddable":true,"href":"https:\/\/baldumarket.lt\/lt\/wp-json\/wp\/v2\/comments?post=191928"}],"wp:featuredmedia":[{"embeddable":true,"href":"https:\/\/baldumarket.lt\/lt\/wp-json\/wp\/v2\/media\/191929"}],"wp:attachment":[{"href":"https:\/\/baldumarket.lt\/lt\/wp-json\/wp\/v2\/media?parent=191928"}],"wp:term":[{"taxonomy":"product_brand","embeddable":true,"href":"https:\/\/baldumarket.lt\/lt\/wp-json\/wp\/v2\/product_brand?post=191928"},{"taxonomy":"product_cat","embeddable":true,"href":"https:\/\/baldumarket.lt\/lt\/wp-json\/wp\/v2\/product_cat?post=191928"},{"taxonomy":"product_tag","embeddable":true,"href":"https:\/\/baldumarket.lt\/lt\/wp-json\/wp\/v2\/product_tag?post=191928"}],"curies":[{"name":"wp","href":"https:\/\/api.w.org\/{rel}","templated":true}]}}