{"id":191908,"date":"2025-12-23T13:28:52","date_gmt":"2025-12-23T10:28:52","guid":{"rendered":"https:\/\/baldumarket.lt\/product\/lawa-como-80-niebieska\/"},"modified":"2026-02-14T10:51:20","modified_gmt":"2026-02-14T07:51:20","slug":"lawa-como-80-niebieska","status":"publish","type":"product","link":"https:\/\/baldumarket.lt\/lt\/product\/lawa-como-80-niebieska\/","title":{"rendered":"COMO 80 m\u0117lynas kavos staliukas"},"content":{"rendered":"<p>M\u0117lynas kavos staliukas COMO 80 su matiniu pavir\u0161iumi ir dekoratyviniu pagrindu<br \/>\n\u201eAmore Colore\u201c kolekcijos kavos staliukas \u201eCOMO 80\u201c \u2013 tai modernus ir eleganti\u0161kas baldas, kuriame derinamas auk\u0161tos kokyb\u0117s meistri\u0161kumas ir unikalus dizainas. Jo apvalus, 80 cm skersmens stalvir\u0161is pagamintas i\u0161 matinio akrilo su aksominiu pavir\u0161iumi, suteikian\u010diu pavir\u0161iui i\u0161skirtinai lyg\u0173 pavir\u0161i\u0173 ir subtil\u0173, prabang\u0173 vaizd\u0105. M\u0117lyna spalva pary\u0161kina subtili\u0105 spalv\u0105, o apsauga nuo pir\u0161t\u0173 atspaud\u0173 suma\u017eina pir\u0161t\u0173 atspaud\u0173 matomum\u0105, tod\u0117l stalvir\u0161is i\u0161lieka nepriekai\u0161tingos b\u016bkl\u0117s net ir intensyviai naudojant. Be to, stalvir\u0161io pavir\u0161ius pasi\u017eymi padidintu atsparumu \u012fbr\u0117\u017eimams ir auk\u0161tai temperat\u016brai, atlaikydamas iki 100 \u00b0C temperat\u016br\u0105.<br \/>\nKavos staliuko pagrind\u0105 sudaro keturios stabilios kolonos su matin\u0117mis juostel\u0117mis, kurios ne tik suteikia jam modern\u0173 charakter\u012f, bet ir tvirtai laiko vis\u0105 konstrukcij\u0105. \u0160i konstrukcija leid\u017eia \u0161viesai subtiliai sklisti per pavir\u0161i\u0173, pabr\u0117\u017eiant spalvos gyl\u012f ir suteikiant interjerui papildom\u0105 dekoratyvin\u012f element\u0105. D\u0117l pa\u017eangi\u0173 med\u017eiag\u0173 technologij\u0173 naudojimo kavos staliukas yra labai atsparus UV spinduliams, daugel\u012f met\u0173 i\u0161laikant ry\u0161ki\u0105 spalv\u0105.<br \/>\nProdukto savyb\u0117s<br \/>\nLenki\u0161kas produktas \u2013 tvirta meistri\u0161kumo klas\u0117 ir d\u0117mesys detal\u0117ms,<br \/>\nstalvir\u0161is pagamintas i\u0161 matinio akrilo su aksominiu pavir\u0161iumi,<br \/>\npadid\u0117j\u0119s atsparumas UV spinduliams \u2013 spalva ilgiau i\u0161lieka ry\u0161ki,<br \/>\natsparus \u012fbr\u0117\u017eimams ir auk\u0161tai temperat\u016brai (iki 100 \u00b0C), pavir\u0161ius,<br \/>\nspeciali apsaugin\u0117 danga nuo pir\u0161t\u0173 atspaud\u0173 suma\u017eina pir\u0161t\u0173 atspaud\u0173 matomum\u0105,<br \/>\nstabilus pagrindas su patraukliais, matiniais stulpeliais su briaunota strukt\u016bra,<br \/>\nlengvas surinkimas d\u0117ka ai\u0161ki\u0173, iliustruot\u0173 instrukcij\u0173,<br \/>\nsavaranki\u0161kam surinkimui,<br \/>\nSi\u016blome plat\u0173 bald\u0173 pasirinkim\u0105, kad gal\u0117tum\u0117te visapusi\u0161kai \u012fsirengti savo namus.<\/p>","protected":false},"excerpt":{"rendered":"<p>M\u0117lynas kavos staliukas COMO 80 su matiniu pavir\u0161iumi ir dekoratyviniu pagrindu. \u201eAmore Colore\u201c kolekcijos \u201eCOMO 80\u201c kavos staliukas yra modernus ir eleganti\u0161kas baldas, kuriame derinamas auk\u0161tos kokyb\u0117s meistri\u0161kumas ir unikalus dizainas. Jo apvalus, 80 cm skersmens stalvir\u0161is pagamintas i\u0161 matinio akrilo su aksominiu pavir\u0161iumi, suteikian\u010diu [\u2026]<\/p>","protected":false},"featured_media":191909,"comment_status":"open","ping_status":"open","template":"","meta":[],"product_brand":[],"product_cat":[9605,866,4774],"product_tag":[],"class_list":{"0":"post-191908","1":"product","2":"type-product","3":"status-publish","4":"has-post-thumbnail","6":"product_cat-coffee-table-como-80","7":"product_cat-coffee-tables","8":"product_cat-hubertus-design","10":"first","11":"instock","12":"purchasable","13":"product-type-simple"},"_links":{"self":[{"href":"https:\/\/baldumarket.lt\/lt\/wp-json\/wp\/v2\/product\/191908","targetHints":{"allow":["GET"]}}],"collection":[{"href":"https:\/\/baldumarket.lt\/lt\/wp-json\/wp\/v2\/product"}],"about":[{"href":"https:\/\/baldumarket.lt\/lt\/wp-json\/wp\/v2\/types\/product"}],"replies":[{"embeddable":true,"href":"https:\/\/baldumarket.lt\/lt\/wp-json\/wp\/v2\/comments?post=191908"}],"wp:featuredmedia":[{"embeddable":true,"href":"https:\/\/baldumarket.lt\/lt\/wp-json\/wp\/v2\/media\/191909"}],"wp:attachment":[{"href":"https:\/\/baldumarket.lt\/lt\/wp-json\/wp\/v2\/media?parent=191908"}],"wp:term":[{"taxonomy":"product_brand","embeddable":true,"href":"https:\/\/baldumarket.lt\/lt\/wp-json\/wp\/v2\/product_brand?post=191908"},{"taxonomy":"product_cat","embeddable":true,"href":"https:\/\/baldumarket.lt\/lt\/wp-json\/wp\/v2\/product_cat?post=191908"},{"taxonomy":"product_tag","embeddable":true,"href":"https:\/\/baldumarket.lt\/lt\/wp-json\/wp\/v2\/product_tag?post=191908"}],"curies":[{"name":"wp","href":"https:\/\/api.w.org\/{rel}","templated":true}]}}