{"id":191880,"date":"2025-12-23T13:27:46","date_gmt":"2025-12-23T10:27:46","guid":{"rendered":"https:\/\/baldumarket.lt\/product\/lawa-calabro-90x160-granatowa\/"},"modified":"2026-02-13T12:15:05","modified_gmt":"2026-02-13T09:15:05","slug":"lawa-calabro-90x160-granatowa","status":"publish","type":"product","link":"https:\/\/baldumarket.lt\/lt\/product\/lawa-calabro-90x160-granatowa\/","title":{"rendered":"CALABRO kavos staliukas 90\u00d7160 tamsiai m\u0117lynas"},"content":{"rendered":"<p>Stilingas CALABRO kavos staliukas tamsiai m\u0117lynos spalvos su ovaliu stalvir\u0161iu<br \/>\n\u201eCalabro\u201c kavos staliukas i\u0161 \u201eAmore Colore\u201c kolekcijos \u2013 tai eleganti\u0161kas ir funkcionalus baldas, \u017eavintis moderniu dizainu ir auk\u0161tos kokyb\u0117s meistri\u0161kumu. Ovalus stalvir\u0161is pagamintas i\u0161 aksominio, matinio akrilo, sodraus bordo atspalvio, suteikian\u010dio jam subtilios prabangos ir modernaus elegancijos. Kavos staliuko pavir\u0161ius ne tik malonus liesti, bet ir atsparus \u012fbr\u0117\u017eimams bei auk\u0161tai temperat\u016brai iki 100 \u00b0C, tod\u0117l puikiai tinka kasdieniam naudojimui. D\u0117l novatori\u0161kos apsaugos nuo pir\u0161t\u0173 atspaud\u0173 dangos kavos staliuko pavir\u0161ius yra atsparus pir\u0161t\u0173 atspaudams, tod\u0117l j\u012f lengva pri\u017ei\u016br\u0117ti nepriekai\u0161tingos b\u016bkl\u0117s.<br \/>\nKavos staliuko pagrind\u0105 sudaro dvi briaunotos kolonos, suteikian\u010dios baldui unikal\u0173 charakter\u012f, \u012fdomi\u0105 tekst\u016br\u0105 ir unikal\u0173 vizualin\u012f efekt\u0105. Erdv\u0117 tarp kolon\u0173 naudojama kaip prakti\u0161ka lentyna, puikiai tinkanti \u017eurnalams, knygoms ar smulkiems daiktams laikyti. Stabili konstrukcija ir kruop\u0161\u010diai parinktos med\u017eiagos u\u017etikrina patvarum\u0105 ir patogum\u0105. Produkto savyb\u0117s<br \/>\nLenki\u0161kas produktas \u2013 tvirta meistri\u0161kumo klas\u0117 ir d\u0117mesys detal\u0117ms,<br \/>\nstalvir\u0161is pagamintas i\u0161 matinio akrilo su aksominiu pavir\u0161iumi,<br \/>\npadid\u0117j\u0119s atsparumas UV spinduliams \u2013 spalva ilgiau i\u0161lieka intensyvi,<br \/>\npavir\u0161ius atsparus \u012fbr\u0117\u017eimams ir auk\u0161tai temperat\u016brai (iki 100 \u00b0C),<br \/>\nspeciali apsaugin\u0117 danga nuo pir\u0161t\u0173 atspaud\u0173 suma\u017eina pir\u0161t\u0173 atspaud\u0173 matomum\u0105,<br \/>\nstabilus pagrindas su patraukliais, matiniais stulpeliais su briaunota strukt\u016bra,<br \/>\nlengvas surinkimas d\u0117ka ai\u0161ki\u0173, iliustruot\u0173 instrukcij\u0173,<br \/>\nsavaranki\u0161kam surinkimui,<br \/>\nSi\u016blome plat\u0173 bald\u0173 pasirinkim\u0105, kad gal\u0117tum\u0117te visapusi\u0161kai \u012fsirengti savo namus.<\/p>","protected":false},"excerpt":{"rendered":"<p>Stilingas CALABRO kavos staliukas tamsiai m\u0117lynos spalvos su ovaliu stalvir\u0161iu. \u201eCalabro\u201c kavos staliukas i\u0161 \u201eAmore Colore\u201c kolekcijos yra eleganti\u0161kas ir funkcionalus baldas, kuris \u017eavi moderniu dizainu ir auk\u0161tos kokyb\u0117s meistri\u0161kumu. Jo ovalus stalvir\u0161is pagamintas i\u0161 aksominio, matinio akrilo, sodraus bordo atspalvio, suteikian\u010dio jam subtil\u0173 [\u2026]<\/p>","protected":false},"featured_media":191881,"comment_status":"open","ping_status":"open","template":"","meta":[],"product_brand":[],"product_cat":[9600,866,4774],"product_tag":[],"class_list":{"0":"post-191880","1":"product","2":"type-product","3":"status-publish","4":"has-post-thumbnail","6":"product_cat-coffee-table-calabro-hubertus","7":"product_cat-coffee-tables","8":"product_cat-hubertus-design","10":"first","11":"instock","12":"purchasable","13":"product-type-simple"},"_links":{"self":[{"href":"https:\/\/baldumarket.lt\/lt\/wp-json\/wp\/v2\/product\/191880","targetHints":{"allow":["GET"]}}],"collection":[{"href":"https:\/\/baldumarket.lt\/lt\/wp-json\/wp\/v2\/product"}],"about":[{"href":"https:\/\/baldumarket.lt\/lt\/wp-json\/wp\/v2\/types\/product"}],"replies":[{"embeddable":true,"href":"https:\/\/baldumarket.lt\/lt\/wp-json\/wp\/v2\/comments?post=191880"}],"wp:featuredmedia":[{"embeddable":true,"href":"https:\/\/baldumarket.lt\/lt\/wp-json\/wp\/v2\/media\/191881"}],"wp:attachment":[{"href":"https:\/\/baldumarket.lt\/lt\/wp-json\/wp\/v2\/media?parent=191880"}],"wp:term":[{"taxonomy":"product_brand","embeddable":true,"href":"https:\/\/baldumarket.lt\/lt\/wp-json\/wp\/v2\/product_brand?post=191880"},{"taxonomy":"product_cat","embeddable":true,"href":"https:\/\/baldumarket.lt\/lt\/wp-json\/wp\/v2\/product_cat?post=191880"},{"taxonomy":"product_tag","embeddable":true,"href":"https:\/\/baldumarket.lt\/lt\/wp-json\/wp\/v2\/product_tag?post=191880"}],"curies":[{"name":"wp","href":"https:\/\/api.w.org\/{rel}","templated":true}]}}