{"id":191839,"date":"2025-12-23T13:25:35","date_gmt":"2025-12-23T10:25:35","guid":{"rendered":"https:\/\/baldumarket.lt\/product\/stol-roseto-150x80-kaszmirowy\/"},"modified":"2026-02-14T12:12:14","modified_gmt":"2026-02-14T09:12:14","slug":"stol-roseto-150x80-kaszmirowy","status":"publish","type":"product","link":"https:\/\/baldumarket.lt\/lt\/product\/stol-roseto-150x80-kaszmirowy\/","title":{"rendered":"ROSETO stalas 150\u00d780 ka\u0161myro"},"content":{"rendered":"<p>Ka\u0161myro ROSETO stalas su matiniu pavir\u0161iumi ir dekoratyvin\u0117mis kojel\u0117mis<br \/>\n\u201eAmore Colore\u201c kolekcijos stalas \u201eROSETO\u201c derina modern\u0173 elegancij\u0105 su klasikiniais akcentais, suteikdamas jam unikal\u0173 charakter\u012f. Jo ovalus stalvir\u0161is turi aksomin\u0119 matin\u0119 apdail\u0105, kuri ne tik pabr\u0117\u017eia jo formos subtilum\u0105, bet ir subtiliai i\u0161sklaido \u0161vies\u0105, suteikdama kambariui harmoning\u0105 ir vizualiai patraukli\u0105 i\u0161vaizd\u0105. Stalvir\u0161io pavir\u0161ius malonus liesti, o d\u0117l pa\u017eangi\u0173 technologij\u0173 naudojimo jis yra labai atsparus \u012fbr\u0117\u017eimams ir iki 100 \u00b0C temperat\u016brai, tod\u0117l tai prakti\u0161kas pasirinkimas kasdieniam naudojimui.<br \/>\nTvirt\u0105 stalo pagrind\u0105 sudaro dvi stulpelin\u0117s kojel\u0117s, kurios primena klasikinius ra\u0161tus ir kartu atspindi modern\u0173 dizain\u0105. J\u0173 apvalios, harmoningos formos papildo stalvir\u0161io linijas, sukurdamos darni\u0105 ir \u012fsp\u016bding\u0105 visum\u0105. Briaunota koj\u0173 strukt\u016bra suteikia stalui gylio ir vizualinio lengvumo, suteikdama jam unikal\u0173 dekoratyv\u0173 charakter\u012f. D\u0117l novatori\u0161kos apsaugos nuo pir\u0161t\u0173 atspaud\u0173 dangos stalo pavir\u0161ius yra atsparus lietimui, tod\u0117l j\u012f lengva palaikyti nepriekai\u0161tingai \u0161var\u0173. ROSETO \u2013 puikus pasirinkimas interjerams, kuriuose svarbus ir funkcionalumas, ir rafinuotas stilius, sukuriant eleganti\u0161k\u0105 ir jauki\u0105 susitikim\u0173 viet\u0105.<br \/>\nProdukto savyb\u0117s<br \/>\nLenki\u0161kas produktas \u2013 tvirta meistri\u0161kumo klas\u0117 ir d\u0117mesys detal\u0117ms,<br \/>\nMatinis akrilinis stalvir\u0161is su aksominiu pavir\u0161iumi,<br \/>\nPadidintas atsparumas UV spinduliams \u2013 spalva ilgiau i\u0161lieka intensyvi,<br \/>\nAtsparus \u012fbr\u0117\u017eimams ir auk\u0161tai temperat\u016brai (iki 100 \u00b0C) pavir\u0161ius,<br \/>\nSpeciali apsaugin\u0117 danga nuo pir\u0161t\u0173 atspaud\u0173 suma\u017eina pir\u0161t\u0173 atspaud\u0173 matomum\u0105,<br \/>\nStabilus pagrindas su patraukliais, matiniais stulpeliais su briaunota strukt\u016bra,<br \/>\nLengvas surinkimas d\u0117ka ai\u0161ki\u0173, iliustruot\u0173 instrukcij\u0173,<br \/>\nReikalingas savaranki\u0161kas surinkimas,<br \/>\nSi\u016blome plat\u0173 bald\u0173 pasirinkim\u0105, kad gal\u0117tum\u0117te m\u0117gautis visaver\u010diu nam\u0173 apstatymu.<\/p>","protected":false},"excerpt":{"rendered":"<p>Ka\u0161myro ROSETO stalas su matiniu pavir\u0161iumi ir dekoratyvin\u0117mis kojel\u0117mis. \u201eAmore Colore\u201c kolekcijos ROSETO stalas derina modern\u0173 elegancij\u0105 su klasikiniais akcentais, suteikdamas jam unikal\u0173 charakter\u012f. Jo ovalus stalvir\u0161is yra aksomin\u0117s matin\u0117s apdailos, kuri ne tik pabr\u0117\u017eia jo formos subtilum\u0105, bet ir subtiliai i\u0161sklaido \u0161vies\u0105, suteikdama kambariui [\u2026]<\/p>","protected":false},"featured_media":191840,"comment_status":"open","ping_status":"open","template":"","meta":[],"product_brand":[],"product_cat":[9618,4774,1934],"product_tag":[],"class_list":{"0":"post-191839","1":"product","2":"type-product","3":"status-publish","4":"has-post-thumbnail","6":"product_cat-table-roseto-hubertus","7":"product_cat-hubertus-design","8":"product_cat-tables","10":"first","11":"instock","12":"purchasable","13":"product-type-simple"},"_links":{"self":[{"href":"https:\/\/baldumarket.lt\/lt\/wp-json\/wp\/v2\/product\/191839","targetHints":{"allow":["GET"]}}],"collection":[{"href":"https:\/\/baldumarket.lt\/lt\/wp-json\/wp\/v2\/product"}],"about":[{"href":"https:\/\/baldumarket.lt\/lt\/wp-json\/wp\/v2\/types\/product"}],"replies":[{"embeddable":true,"href":"https:\/\/baldumarket.lt\/lt\/wp-json\/wp\/v2\/comments?post=191839"}],"wp:featuredmedia":[{"embeddable":true,"href":"https:\/\/baldumarket.lt\/lt\/wp-json\/wp\/v2\/media\/191840"}],"wp:attachment":[{"href":"https:\/\/baldumarket.lt\/lt\/wp-json\/wp\/v2\/media?parent=191839"}],"wp:term":[{"taxonomy":"product_brand","embeddable":true,"href":"https:\/\/baldumarket.lt\/lt\/wp-json\/wp\/v2\/product_brand?post=191839"},{"taxonomy":"product_cat","embeddable":true,"href":"https:\/\/baldumarket.lt\/lt\/wp-json\/wp\/v2\/product_cat?post=191839"},{"taxonomy":"product_tag","embeddable":true,"href":"https:\/\/baldumarket.lt\/lt\/wp-json\/wp\/v2\/product_tag?post=191839"}],"curies":[{"name":"wp","href":"https:\/\/api.w.org\/{rel}","templated":true}]}}