{"id":191823,"date":"2025-12-23T13:24:59","date_gmt":"2025-12-23T10:24:59","guid":{"rendered":"https:\/\/baldumarket.lt\/product\/stol-okragly-pineto-100x100-zielony\/"},"modified":"2026-02-13T12:03:38","modified_gmt":"2026-02-13T09:03:38","slug":"stol-okragly-pineto-100x100-zielony","status":"publish","type":"product","link":"https:\/\/baldumarket.lt\/lt\/product\/stol-okragly-pineto-100x100-zielony\/","title":{"rendered":"PINETO apvalus stalas 100&#215;100 \u017ealia"},"content":{"rendered":"<p>Modernus Lenkijoje pagamintas PINETO stalas, pasi\u017eymintis \u017ealia matine apdaila, yra unikalus baldas, \u017eavintis moderniu dizainu ir tikslia meistryste. Apvalus stalvir\u0161is su aksominiu, matiniu pavir\u0161iumi subtiliai i\u0161sklaido \u0161vies\u0105, pabr\u0117\u017edamas spalv\u0173 gyl\u012f ir eleganti\u0161k\u0105 stalo charakter\u012f. Pagamintas i\u0161 auk\u0161tos kokyb\u0117s med\u017eiag\u0173, jis pasi\u017eymi padidintu atsparumu \u012fbr\u0117\u017eimams ir kar\u0161\u010diui, tod\u0117l yra ne tik stilingas, bet ir prakti\u0161kas kasdieniam naudojimui.<br \/>\nI\u0161skirtiniausias stalo bruo\u017eas \u2013 k\u016bgin\u0117 koja, papuo\u0161ta subtiliomis, matin\u0117mis juostel\u0117mis, kurios suteikia stalui unikali\u0105 tekst\u016br\u0105 ir vizualin\u0119 dinamik\u0105. Apvali forma suteikia stalui harmoning\u0105 i\u0161vaizd\u0105, o tvirta konstrukcija u\u017etikrina stabilum\u0105. PINETO \u2013 tai funkcionalumo ir taikomosios dail\u0117s derinys, puikiai papildantis modern\u0173 ir eleganti\u0161k\u0105 interjer\u0105. Produkto savyb\u0117s<br \/>\nLenki\u0161kas produktas \u2013 tvirta meistri\u0161kumo klas\u0117 ir d\u0117mesys detal\u0117ms,<br \/>\nstalvir\u0161is pagamintas i\u0161 matinio akrilo su aksominiu pavir\u0161iumi,<br \/>\npadid\u0117j\u0119s atsparumas UV spinduliams \u2013 spalva ilgiau i\u0161lieka intensyvi,<br \/>\npavir\u0161ius atsparus \u012fbr\u0117\u017eimams ir auk\u0161tai temperat\u016brai (iki 100 \u00b0C),<br \/>\nspeciali apsaugin\u0117 danga nuo pir\u0161t\u0173 atspaud\u0173 suma\u017eina pir\u0161t\u0173 atspaud\u0173 matomum\u0105,<br \/>\nstabilus pagrindas su patraukliais, matiniais stulpeliais su briaunota strukt\u016bra,<br \/>\nlengvas surinkimas d\u0117ka ai\u0161ki\u0173, iliustruot\u0173 instrukcij\u0173,<br \/>\nsavaranki\u0161kam surinkimui,<br \/>\nSi\u016blome plat\u0173 bald\u0173 pasirinkim\u0105, kad gal\u0117tum\u0117te visapusi\u0161kai \u012fsirengti savo namus.<\/p>","protected":false},"excerpt":{"rendered":"<p>The modernist PINETO table, made in Poland and featuring a green matte finish, is a unique piece of furniture that captivates with its modern design and precise craftsmanship. The round tabletop with a velvety, matte surface subtly diffuses light, emphasizing the depth of color and the elegant character of the table. Made of high-quality materials, [&hellip;]<\/p>","protected":false},"featured_media":191824,"comment_status":"open","ping_status":"open","template":"","meta":[],"product_brand":[],"product_cat":[9597,4774,1934],"product_tag":[],"class_list":{"0":"post-191823","1":"product","2":"type-product","3":"status-publish","4":"has-post-thumbnail","6":"product_cat-coffee-table-pineto-hubertus","7":"product_cat-hubertus-design","8":"product_cat-tables","10":"first","11":"instock","12":"purchasable","13":"product-type-simple"},"_links":{"self":[{"href":"https:\/\/baldumarket.lt\/lt\/wp-json\/wp\/v2\/product\/191823","targetHints":{"allow":["GET"]}}],"collection":[{"href":"https:\/\/baldumarket.lt\/lt\/wp-json\/wp\/v2\/product"}],"about":[{"href":"https:\/\/baldumarket.lt\/lt\/wp-json\/wp\/v2\/types\/product"}],"replies":[{"embeddable":true,"href":"https:\/\/baldumarket.lt\/lt\/wp-json\/wp\/v2\/comments?post=191823"}],"wp:featuredmedia":[{"embeddable":true,"href":"https:\/\/baldumarket.lt\/lt\/wp-json\/wp\/v2\/media\/191824"}],"wp:attachment":[{"href":"https:\/\/baldumarket.lt\/lt\/wp-json\/wp\/v2\/media?parent=191823"}],"wp:term":[{"taxonomy":"product_brand","embeddable":true,"href":"https:\/\/baldumarket.lt\/lt\/wp-json\/wp\/v2\/product_brand?post=191823"},{"taxonomy":"product_cat","embeddable":true,"href":"https:\/\/baldumarket.lt\/lt\/wp-json\/wp\/v2\/product_cat?post=191823"},{"taxonomy":"product_tag","embeddable":true,"href":"https:\/\/baldumarket.lt\/lt\/wp-json\/wp\/v2\/product_tag?post=191823"}],"curies":[{"name":"wp","href":"https:\/\/api.w.org\/{rel}","templated":true}]}}