{"id":191803,"date":"2025-12-23T13:24:01","date_gmt":"2025-12-23T10:24:01","guid":{"rendered":"https:\/\/baldumarket.lt\/product\/lawa-okragla-pineto-mini-80x80-bordowa\/"},"modified":"2026-02-13T12:03:38","modified_gmt":"2026-02-13T09:03:38","slug":"lawa-okragla-pineto-mini-80x80-bordowa","status":"publish","type":"product","link":"https:\/\/baldumarket.lt\/lt\/product\/lawa-okragla-pineto-mini-80x80-bordowa\/","title":{"rendered":"Apvalus kavos staliukas PINETO MINI 80\u00d780 bordo spalvos"},"content":{"rendered":"<p>\u012esp\u016bdingas apvalus bordo spalvos PINETO MINI kavos staliukas ant k\u016bgin\u0117s kojos<br \/>\n\u201eAmore Colore\u201c kolekcijos kavos staliukas \u201ePINETO MINI\u201c \u2013 tai harmoningas modernaus dizaino ir subtilios elegancijos derinys. Apvalus stalvir\u0161is su aksominiu, matiniu pavir\u0161iumi subtiliai i\u0161sklaido \u0161vies\u0105, i\u0161ry\u0161kindamas spalv\u0173 gyl\u012f ir pabr\u0117\u017edamas unikal\u0173 baldo charakter\u012f. Pagamintas i\u0161 auk\u0161\u010diausios kokyb\u0117s med\u017eiag\u0173, jis pasi\u017eymi padidintu atsparumu \u012fbr\u0117\u017eimams ir kar\u0161\u010diui, u\u017etikrinan\u010diu patvarum\u0105 ir funkcionalum\u0105 kasdieniam naudojimui.<br \/>\nI\u0161skirtiniausias kavos staliuko bruo\u017eas \u2013 k\u016bgin\u0117, apvali koja, padengta subtiliais dry\u017eiais, suteikian\u010diais stalui unikali\u0105 tekst\u016br\u0105 ir vizualin\u012f gyl\u012f. Tolygiai i\u0161d\u0117stytos linijos sukuria banguoto pavir\u0161iaus efekt\u0105, suteikdamos bendram dizainui lengvumo ir dinami\u0161kumo. PINETO MINI yra ne tik eleganti\u0161kas bet kokio interjero papildymas, bet ir funkcionalus didesnio PINETO staliuko papildymas, sukuriantis darn\u0173 ir \u012fsp\u016bding\u0105 i\u0161d\u0117stym\u0105. Produkto savyb\u0117s<br \/>\nLenki\u0161kas produktas \u2013 tvirta meistri\u0161kumo klas\u0117 ir d\u0117mesys detal\u0117ms,<br \/>\nstalvir\u0161is pagamintas i\u0161 matinio akrilo su aksominiu pavir\u0161iumi,<br \/>\npadid\u0117j\u0119s atsparumas UV spinduliams \u2013 spalva ilgiau i\u0161lieka intensyvi,<br \/>\npavir\u0161ius atsparus \u012fbr\u0117\u017eimams ir auk\u0161tai temperat\u016brai (iki 100 \u00b0C),<br \/>\nspeciali apsaugin\u0117 danga nuo pir\u0161t\u0173 atspaud\u0173 suma\u017eina pir\u0161t\u0173 atspaud\u0173 matomum\u0105,<br \/>\nstabilus pagrindas su patraukliais, matiniais stulpeliais su briaunota strukt\u016bra,<br \/>\nlengvas surinkimas d\u0117ka ai\u0161ki\u0173, iliustruot\u0173 instrukcij\u0173,<br \/>\nsavaranki\u0161kam surinkimui,<br \/>\nSi\u016blome plat\u0173 bald\u0173 pasirinkim\u0105, kad gal\u0117tum\u0117te visapusi\u0161kai \u012fsirengti savo namus.<\/p>","protected":false},"excerpt":{"rendered":"<p>Impressive round PINETO MINI coffee table in burgundy on a conical leg The PINETO MINI coffee table from the Amore Colore collection is a harmonious blend of modern design and subtle elegance. Its round top with a velvety, matte surface delicately diffuses light, highlighting the depth of color and emphasizing the unique character of the [&hellip;]<\/p>","protected":false},"featured_media":191804,"comment_status":"open","ping_status":"open","template":"","meta":[],"product_brand":[],"product_cat":[9597,866,4774],"product_tag":[],"class_list":{"0":"post-191803","1":"product","2":"type-product","3":"status-publish","4":"has-post-thumbnail","6":"product_cat-coffee-table-pineto-hubertus","7":"product_cat-coffee-tables","8":"product_cat-hubertus-design","10":"first","11":"instock","12":"purchasable","13":"product-type-simple"},"_links":{"self":[{"href":"https:\/\/baldumarket.lt\/lt\/wp-json\/wp\/v2\/product\/191803","targetHints":{"allow":["GET"]}}],"collection":[{"href":"https:\/\/baldumarket.lt\/lt\/wp-json\/wp\/v2\/product"}],"about":[{"href":"https:\/\/baldumarket.lt\/lt\/wp-json\/wp\/v2\/types\/product"}],"replies":[{"embeddable":true,"href":"https:\/\/baldumarket.lt\/lt\/wp-json\/wp\/v2\/comments?post=191803"}],"wp:featuredmedia":[{"embeddable":true,"href":"https:\/\/baldumarket.lt\/lt\/wp-json\/wp\/v2\/media\/191804"}],"wp:attachment":[{"href":"https:\/\/baldumarket.lt\/lt\/wp-json\/wp\/v2\/media?parent=191803"}],"wp:term":[{"taxonomy":"product_brand","embeddable":true,"href":"https:\/\/baldumarket.lt\/lt\/wp-json\/wp\/v2\/product_brand?post=191803"},{"taxonomy":"product_cat","embeddable":true,"href":"https:\/\/baldumarket.lt\/lt\/wp-json\/wp\/v2\/product_cat?post=191803"},{"taxonomy":"product_tag","embeddable":true,"href":"https:\/\/baldumarket.lt\/lt\/wp-json\/wp\/v2\/product_tag?post=191803"}],"curies":[{"name":"wp","href":"https:\/\/api.w.org\/{rel}","templated":true}]}}