{"id":191744,"date":"2025-12-23T13:21:07","date_gmt":"2025-12-23T10:21:07","guid":{"rendered":"https:\/\/baldumarket.lt\/product\/stol-lazio-160x90-kaszmirowy\/"},"modified":"2026-02-14T11:10:45","modified_gmt":"2026-02-14T08:10:45","slug":"stol-lazio-160x90-kaszmirowy","status":"publish","type":"product","link":"https:\/\/baldumarket.lt\/lt\/product\/stol-lazio-160x90-kaszmirowy\/","title":{"rendered":"LAZIO stalas 160\u00d790 ka\u0161myro"},"content":{"rendered":"<p>Subtilus ka\u0161myro spalvos LAZIO stalas su dviem dekoratyvin\u0117mis kojel\u0117mis<br \/>\n\u201eLAZIO\u201c stalas i\u0161 \u201eAmore Colore\u201c kolekcijos \u2013 tai rafinuotas elegancijos ir modernaus dizaino derinys, sukurtas i\u0161skirtiniams interjerams. Jo ovalus stalvir\u0161is su aksominiu matiniu pavir\u0161iumi subtiliai atspindi \u0161vies\u0105, pabr\u0117\u017edamas spalv\u0173 gyl\u012f ir suteikdamas visai erdvei harmoning\u0105, nesenstant\u012f charakter\u012f. Stalvir\u0161is pasi\u017eymi padidintu atsparumu \u012fbr\u0117\u017eimams ir kar\u0161\u010diui, tod\u0117l tai prakti\u0161kas ir patvarus baldas.<br \/>\nUnikalus LAZIO stalo bruo\u017eas \u2013 dizainerio sukurtas pagrindas, sudarytas i\u0161 dviej\u0173 apvali\u0173, simetri\u0161k\u0173 form\u0173. \u0160is unikalus dizainas ne tik traukia ak\u012f, bet ir suteikia stabilumo bei vizualinio lengvumo. Subtili subtili\u0173 juosteli\u0173 strukt\u016bra suteikia papildomo \u017eavesio, sukuria \u0161viesotamsos efekt\u0105, pabr\u0117\u017eia dizaino trimatum\u0105 ir elegancij\u0105. Produkto savyb\u0117s<br \/>\nLenki\u0161kas produktas \u2013 tvirta meistri\u0161kumo klas\u0117 ir d\u0117mesys detal\u0117ms,<br \/>\nstalvir\u0161is pagamintas i\u0161 matinio akrilo su aksominiu pavir\u0161iumi,<br \/>\npadid\u0117j\u0119s atsparumas UV spinduliams \u2013 spalva ilgiau i\u0161lieka intensyvi,<br \/>\npavir\u0161ius atsparus \u012fbr\u0117\u017eimams ir auk\u0161tai temperat\u016brai (iki 100 \u00b0C),<br \/>\nspeciali apsaugin\u0117 danga nuo pir\u0161t\u0173 atspaud\u0173 suma\u017eina pir\u0161t\u0173 atspaud\u0173 matomum\u0105,<br \/>\nstabilus pagrindas su patraukliais, matiniais stulpeliais su briaunota strukt\u016bra,<br \/>\nlengvas surinkimas d\u0117ka ai\u0161ki\u0173, iliustruot\u0173 instrukcij\u0173,<br \/>\nsavaranki\u0161kam surinkimui,<br \/>\nSi\u016blome plat\u0173 bald\u0173 pasirinkim\u0105, kad gal\u0117tum\u0117te visapusi\u0161kai \u012fsirengti savo namus.<\/p>","protected":false},"excerpt":{"rendered":"<p>Subtilaus ka\u0161myro spalvos LAZIO stalas su dviem dekoratyvin\u0117mis kojel\u0117mis. \u201eAmore Colore\u201c kolekcijos LAZIO stalas \u2013 tai rafinuotas elegancijos ir modernaus dizaino derinys, sukurtas i\u0161skirtiniams interjerams. Jo ovalus stalvir\u0161is su aksominiu matiniu pavir\u0161iumi subtiliai atspindi \u0161vies\u0105, pabr\u0117\u017edamas spalv\u0173 gyl\u012f ir suteikdamas visai erdvei harmoning\u0105, nesenstant\u012f charakter\u012f. [\u2026]<\/p>","protected":false},"featured_media":191745,"comment_status":"open","ping_status":"open","template":"","meta":[],"product_brand":[],"product_cat":[9611,4774,1934],"product_tag":[],"class_list":{"0":"post-191744","1":"product","2":"type-product","3":"status-publish","4":"has-post-thumbnail","6":"product_cat-table-lazio-hubertus","7":"product_cat-hubertus-design","8":"product_cat-tables","10":"first","11":"instock","12":"purchasable","13":"product-type-simple"},"_links":{"self":[{"href":"https:\/\/baldumarket.lt\/lt\/wp-json\/wp\/v2\/product\/191744","targetHints":{"allow":["GET"]}}],"collection":[{"href":"https:\/\/baldumarket.lt\/lt\/wp-json\/wp\/v2\/product"}],"about":[{"href":"https:\/\/baldumarket.lt\/lt\/wp-json\/wp\/v2\/types\/product"}],"replies":[{"embeddable":true,"href":"https:\/\/baldumarket.lt\/lt\/wp-json\/wp\/v2\/comments?post=191744"}],"wp:featuredmedia":[{"embeddable":true,"href":"https:\/\/baldumarket.lt\/lt\/wp-json\/wp\/v2\/media\/191745"}],"wp:attachment":[{"href":"https:\/\/baldumarket.lt\/lt\/wp-json\/wp\/v2\/media?parent=191744"}],"wp:term":[{"taxonomy":"product_brand","embeddable":true,"href":"https:\/\/baldumarket.lt\/lt\/wp-json\/wp\/v2\/product_brand?post=191744"},{"taxonomy":"product_cat","embeddable":true,"href":"https:\/\/baldumarket.lt\/lt\/wp-json\/wp\/v2\/product_cat?post=191744"},{"taxonomy":"product_tag","embeddable":true,"href":"https:\/\/baldumarket.lt\/lt\/wp-json\/wp\/v2\/product_tag?post=191744"}],"curies":[{"name":"wp","href":"https:\/\/api.w.org\/{rel}","templated":true}]}}