{"id":191727,"date":"2025-12-23T13:20:14","date_gmt":"2025-12-23T10:20:14","guid":{"rendered":"https:\/\/baldumarket.lt\/product\/stol-rozkladany-capitolo-160208x90-granatowy\/"},"modified":"2026-02-13T12:25:34","modified_gmt":"2026-02-13T09:25:34","slug":"stol-rozkladany-capitolo-160208x90-granatowy","status":"publish","type":"product","link":"https:\/\/baldumarket.lt\/lt\/product\/stol-rozkladany-capitolo-160208x90-granatowy\/","title":{"rendered":"CAPITOLO i\u0161skleid\u017eiamas stalas 160(208)x90 tamsiai m\u0117lynas"},"content":{"rendered":"<p>CAPITOLO i\u0161traukiamas stalas tamsiai m\u0117lynos spalvos su pla\u010diomis, dry\u017euotomis kojel\u0117mis<br \/>\n\u201eAmore Colore\u201c kolekcijos CAPITOLO stalas derina elegancij\u0105 ir modern\u0173 funkcionalum\u0105, sukurtas net ir i\u0161rankiausiems interjerams. Jo ovalus stalvir\u0161is, pagamintas i\u0161 aksominio, matinio akrilo, subtiliai i\u0161sklaido \u0161vies\u0105, suteikdamas visam baldui prabangi\u0105 ir harmoning\u0105 i\u0161vaizd\u0105. Akrilas \u2013 tai med\u017eiaga, pasi\u017eyminti i\u0161skirtin\u0117mis savyb\u0117mis \u2013 jis atsparus \u012fbr\u0117\u017eimams, UV spinduliams ir kar\u0161\u010diui, tod\u0117l stalas daugel\u012f met\u0173 i\u0161laikys nepriekai\u0161ting\u0105 i\u0161vaizd\u0105.<br \/>\nStalo pagrindas \u2013 moderni, apvali trapecijos formos koja, i\u0161siskirianti ne tik unikalia forma, bet ir subtilia, briaunota strukt\u016bra, suteikian\u010dia stalui tekst\u016bros ir gylio. Tvirta konstrukcija u\u017etikrina stabilum\u0105, o aptakios pagrindo linijos puikiai dera su ovaliu stalvir\u0161iu, sukurdamos darni\u0105 ir \u012fsp\u016bding\u0105 visum\u0105. Stalo funkcionalum\u0105 sustiprina novatori\u0161ka prailginimo sistema, pagr\u012fsta sinchroniniais b\u0117geliais, leid\u017eian\u010diais vienam asmeniui lengvai ir skland\u017eiai prailginti stal\u0105. Prailginimo \u012fd\u0117klai, sumaniai pasl\u0117pti kojoje, leid\u017eia greitai i\u0161pl\u0117sti stalo pavir\u0161i\u0173, tod\u0117l nereikia laikyti papildom\u0173 element\u0173.<br \/>\nProdukto savyb\u0117s<br \/>\nLenki\u0161kas produktas \u2013 tvirta meistri\u0161kumo klas\u0117 ir d\u0117mesys detal\u0117ms,<br \/>\nstalvir\u0161is pagamintas i\u0161 matinio akrilo su aksominiu pavir\u0161iumi,<br \/>\npadid\u0117j\u0119s atsparumas UV spinduliams \u2013 spalva ilgiau i\u0161lieka intensyvi,<br \/>\natsparus \u012fbr\u0117\u017eimams ir auk\u0161tai temperat\u016brai (iki 100 \u00b0C), pavir\u0161ius,<br \/>\nspeciali apsaugin\u0117 danga nuo pir\u0161t\u0173 atspaud\u0173 suma\u017eina pir\u0161t\u0173 atspaud\u0173 matomum\u0105,<br \/>\nprakti\u0161kas prailginimo \u012fd\u0117kl\u0173 laikymas,<br \/>\nsinchroniniai b\u0117gikai,<br \/>\npailgina stalo ilg\u012f nuo 160 cm iki 208 cm,<br \/>\nstabilus pagrindas su patraukliais, matiniais stulpeliais su briaunota strukt\u016bra,<br \/>\nlengvas surinkimas d\u0117ka ai\u0161ki\u0173, iliustruot\u0173 instrukcij\u0173,<br \/>\nsavaranki\u0161kam surinkimui,<br \/>\nSi\u016blome plat\u0173 bald\u0173 pasirinkim\u0105, kad gal\u0117tum\u0117te visapusi\u0161kai \u012fsirengti savo namus.<\/p>","protected":false},"excerpt":{"rendered":"<p>CAPITOLO Extendable Table in Navy Blue on Wide, Striped Legs The CAPITOLO table from the Amore Colore collection combines elegance and modern functionality, designed for the most discerning interiors. Its oval tabletop, crafted from velvety, matte acrylic, subtly diffuses light, giving the entire piece a luxurious and harmonious look. Acrylic is a material with exceptional [&hellip;]<\/p>","protected":false},"featured_media":191728,"comment_status":"open","ping_status":"open","template":"","meta":[],"product_brand":[],"product_cat":[9601,4774,1934],"product_tag":[],"class_list":{"0":"post-191727","1":"product","2":"type-product","3":"status-publish","4":"has-post-thumbnail","6":"product_cat-table-capitolo-hubertus","7":"product_cat-hubertus-design","8":"product_cat-tables","10":"first","11":"instock","12":"purchasable","13":"product-type-simple"},"_links":{"self":[{"href":"https:\/\/baldumarket.lt\/lt\/wp-json\/wp\/v2\/product\/191727","targetHints":{"allow":["GET"]}}],"collection":[{"href":"https:\/\/baldumarket.lt\/lt\/wp-json\/wp\/v2\/product"}],"about":[{"href":"https:\/\/baldumarket.lt\/lt\/wp-json\/wp\/v2\/types\/product"}],"replies":[{"embeddable":true,"href":"https:\/\/baldumarket.lt\/lt\/wp-json\/wp\/v2\/comments?post=191727"}],"wp:featuredmedia":[{"embeddable":true,"href":"https:\/\/baldumarket.lt\/lt\/wp-json\/wp\/v2\/media\/191728"}],"wp:attachment":[{"href":"https:\/\/baldumarket.lt\/lt\/wp-json\/wp\/v2\/media?parent=191727"}],"wp:term":[{"taxonomy":"product_brand","embeddable":true,"href":"https:\/\/baldumarket.lt\/lt\/wp-json\/wp\/v2\/product_brand?post=191727"},{"taxonomy":"product_cat","embeddable":true,"href":"https:\/\/baldumarket.lt\/lt\/wp-json\/wp\/v2\/product_cat?post=191727"},{"taxonomy":"product_tag","embeddable":true,"href":"https:\/\/baldumarket.lt\/lt\/wp-json\/wp\/v2\/product_tag?post=191727"}],"curies":[{"name":"wp","href":"https:\/\/api.w.org\/{rel}","templated":true}]}}