{"id":191707,"date":"2025-12-23T13:18:46","date_gmt":"2025-12-23T10:18:46","guid":{"rendered":"https:\/\/baldumarket.lt\/product\/biurko-milano-100-bialy-polysk\/"},"modified":"2026-04-14T15:57:33","modified_gmt":"2026-04-14T12:57:33","slug":"biurko-milano-100-bialy-polysk","status":"publish","type":"product","link":"https:\/\/baldumarket.lt\/lt\/product\/biurko-milano-100-bialy-polysk\/","title":{"rendered":"MILANO 100 ra\u0161omasis stalas, baltas blizgus"},"content":{"rendered":"<p>Lenkijoje pagamintas minimalistinis ra\u0161omasis stalas MILANO 100<br \/>\nMILANO 100 stalas yra b\u016btinas baldas bet kuriame biure ar gro\u017eio salone, ypa\u010d jei norite susikurti patogi\u0105 darbo viet\u0105. Stalas pagamintas i\u0161 auk\u0161tos kokyb\u0117s MDF plok\u0161t\u0117s, padengtos akriliniu kilim\u0117liu, kuris suteikia jam blizgant\u012f, veidrodin\u012f pavir\u0161i\u0173. D\u0117l akrilinio kilim\u0117lio stalas pasi\u017eymi padidintu atsparumu \u012fbr\u0117\u017eimams ir UV spinduliams. Gamintojas rekomenduoja stal\u0105 valyti dr\u0117gnu mikropluo\u0161to \u0161luoste, nenaudojant plovikli\u0173. Beveik 100 cm plo\u010dio stalvir\u0161is suteikia pakankamai vietos ne\u0161iojamajam kompiuteriui, svarbiausiems dokumentams ar darbo priemon\u0117ms. Gamintojas stalo galiniuose kampuose \u012freng\u0117 du laid\u0173 i\u0161vadus, kad b\u016bt\u0173 patogu valdyti kompiuteri\u0173 ir kit\u0173 pried\u0173 laidus. MILANO 100 stalas taip pat puikiai tinka paauglio kambariui. Stilinga balta spalva suteikia stalui modern\u0173 vaizd\u0105 ir puikiai der\u0117s prie bet kokio interjero. Produkto savyb\u0117s<br \/>\nLenki\u0161kas produktas,<br \/>\nstalas pagamintas i\u0161 MDF plok\u0161t\u0117s, padengtos akrilo kilim\u0117liu,<br \/>\nstalas, blizgios baltos spalvos,<br \/>\ndu kabeli\u0173 \u012fvadai,<br \/>\nreikalingas savaranki\u0161kas surinkimas,<br \/>\nSi\u016blome plat\u0173 bald\u0173 pasirinkim\u0105, leid\u017eiant\u012f pilnai \u012frengti savo namus.<\/p>","protected":false},"excerpt":{"rendered":"<p>MATMENYS<br \/>\n\u016agis \u2013 [cm] 72<br \/>\nPlotis \u2013 [cm] 99<br \/>\nGylis \u2013 [cm] 60<br \/>\nSTATYBA<br \/>\nMed\u017eiagos tipas \u2013 MDF plok\u0161t\u0117<br \/>\nSpalva \u2013 blizgi balta<br \/>\nKojeli\u0173\/pagrindo tipas \u2013 MDF plok\u0161t\u0117<br \/>\nKojeli\u0173\/pagrindo spalva \u2013 blizgi balta<br \/>\nSvoris \u2013 [kg] 24<\/p>","protected":false},"featured_media":191708,"comment_status":"open","ping_status":"open","template":"","meta":[],"product_brand":[],"product_cat":[9614,1312,4774],"product_tag":[],"class_list":{"0":"post-191707","1":"product","2":"type-product","3":"status-publish","4":"has-post-thumbnail","6":"product_cat-furniture-system-milano-hubertus","7":"product_cat-desks","8":"product_cat-hubertus-design","10":"first","11":"instock","12":"purchasable","13":"product-type-simple"},"_links":{"self":[{"href":"https:\/\/baldumarket.lt\/lt\/wp-json\/wp\/v2\/product\/191707","targetHints":{"allow":["GET"]}}],"collection":[{"href":"https:\/\/baldumarket.lt\/lt\/wp-json\/wp\/v2\/product"}],"about":[{"href":"https:\/\/baldumarket.lt\/lt\/wp-json\/wp\/v2\/types\/product"}],"replies":[{"embeddable":true,"href":"https:\/\/baldumarket.lt\/lt\/wp-json\/wp\/v2\/comments?post=191707"}],"wp:featuredmedia":[{"embeddable":true,"href":"https:\/\/baldumarket.lt\/lt\/wp-json\/wp\/v2\/media\/191708"}],"wp:attachment":[{"href":"https:\/\/baldumarket.lt\/lt\/wp-json\/wp\/v2\/media?parent=191707"}],"wp:term":[{"taxonomy":"product_brand","embeddable":true,"href":"https:\/\/baldumarket.lt\/lt\/wp-json\/wp\/v2\/product_brand?post=191707"},{"taxonomy":"product_cat","embeddable":true,"href":"https:\/\/baldumarket.lt\/lt\/wp-json\/wp\/v2\/product_cat?post=191707"},{"taxonomy":"product_tag","embeddable":true,"href":"https:\/\/baldumarket.lt\/lt\/wp-json\/wp\/v2\/product_tag?post=191707"}],"curies":[{"name":"wp","href":"https:\/\/api.w.org\/{rel}","templated":true}]}}