{"id":191704,"date":"2025-12-23T13:18:29","date_gmt":"2025-12-23T10:18:29","guid":{"rendered":"https:\/\/baldumarket.lt\/product\/komoda-biurowa-milano-bialy-polysk\/"},"modified":"2026-04-14T15:57:33","modified_gmt":"2026-04-14T12:57:33","slug":"komoda-biurowa-milano-bialy-polysk","status":"publish","type":"product","link":"https:\/\/baldumarket.lt\/lt\/product\/komoda-biurowa-milano-bialy-polysk\/","title":{"rendered":"MILANO biuro komoda, balta blizgi"},"content":{"rendered":"<p>Erdvi MILANO biuro komoda su spintele<br \/>\nMILANO biuro komoda \u2013 tai lenki\u0161kas gaminys, pagamintas i\u0161 auk\u0161tos kokyb\u0117s med\u017eiag\u0173, tod\u0117l tai patvarus ir ilgaam\u017eis baldas j\u016bs\u0173 biuro erdvei. Komodos korpusas pagamintas i\u0161 laminuotos baltos MDF plok\u0161t\u0117s, o spinteli\u0173 fasadai \u2013 i\u0161 MDF plok\u0161t\u0117s, padengtos blizgiu akriliniu kilim\u0117liu. Be to, akrilinis kilim\u0117lis u\u017etikrina didesn\u012f atsparum\u0105 \u012fbr\u0117\u017eimams ir UV spinduliams. Gamintojas rekomenduoja valyti komod\u0105 dr\u0117gnu mikropluo\u0161to \u0161luoste be plovikli\u0173. MILANO biuro komodoje yra viena atvira lentyna ir dvi spintel\u0117s. Spintel\u0117 sukurta taip, kad joje b\u016bt\u0173 patogu laikyti byl\u0173 aplankus. Stilinga balta komodos spalva puikiai dera prie modernaus interjero. Komoda der\u0117s prie kit\u0173 MILANO kolekcijos bald\u0173. Produkto savyb\u0117s<br \/>\nLenki\u0161kas produktas,<br \/>\nkomoda pagaminta i\u0161 MDF plok\u0161t\u0117s,<br \/>\nSpinteli\u0173 fasadai padengti blizgia akrilo danga,<br \/>\nkomodos korpusas pagamintas i\u0161 neblizgan\u010dios laminuotos MDF plok\u0161t\u0117s,<br \/>\nbyl\u0173 spinta ir atvira lentyna,<br \/>\nreikalingas savaranki\u0161kas surinkimas,<br \/>\nSi\u016blome plat\u0173 bald\u0173 pasirinkim\u0105, leid\u017eiant\u012f pilnai \u012frengti savo namus.<\/p>","protected":false},"excerpt":{"rendered":"<p>Erdvi MILANO biuro komoda su spintele MILANO biuro komoda yra lenki\u0161kas gaminys, pagamintas i\u0161 auk\u0161tos kokyb\u0117s med\u017eiag\u0173, tod\u0117l yra patvarus ir ilgaam\u017eis baldas j\u016bs\u0173 biuro erdvei. Komodos korpusas pagamintas i\u0161 laminuotos baltos MDF plok\u0161t\u0117s, o spinteli\u0173 fasadai \u2013 i\u0161 MDF plok\u0161t\u0117s, padengtos [\u2026]<\/p>","protected":false},"featured_media":191705,"comment_status":"open","ping_status":"open","template":"","meta":[],"product_brand":[],"product_cat":[9614,1173,4774],"product_tag":[],"class_list":{"0":"post-191704","1":"product","2":"type-product","3":"status-publish","4":"has-post-thumbnail","6":"product_cat-furniture-system-milano-hubertus","7":"product_cat-chests-of-drawers","8":"product_cat-hubertus-design","10":"first","11":"instock","12":"purchasable","13":"product-type-simple"},"_links":{"self":[{"href":"https:\/\/baldumarket.lt\/lt\/wp-json\/wp\/v2\/product\/191704","targetHints":{"allow":["GET"]}}],"collection":[{"href":"https:\/\/baldumarket.lt\/lt\/wp-json\/wp\/v2\/product"}],"about":[{"href":"https:\/\/baldumarket.lt\/lt\/wp-json\/wp\/v2\/types\/product"}],"replies":[{"embeddable":true,"href":"https:\/\/baldumarket.lt\/lt\/wp-json\/wp\/v2\/comments?post=191704"}],"wp:featuredmedia":[{"embeddable":true,"href":"https:\/\/baldumarket.lt\/lt\/wp-json\/wp\/v2\/media\/191705"}],"wp:attachment":[{"href":"https:\/\/baldumarket.lt\/lt\/wp-json\/wp\/v2\/media?parent=191704"}],"wp:term":[{"taxonomy":"product_brand","embeddable":true,"href":"https:\/\/baldumarket.lt\/lt\/wp-json\/wp\/v2\/product_brand?post=191704"},{"taxonomy":"product_cat","embeddable":true,"href":"https:\/\/baldumarket.lt\/lt\/wp-json\/wp\/v2\/product_cat?post=191704"},{"taxonomy":"product_tag","embeddable":true,"href":"https:\/\/baldumarket.lt\/lt\/wp-json\/wp\/v2\/product_tag?post=191704"}],"curies":[{"name":"wp","href":"https:\/\/api.w.org\/{rel}","templated":true}]}}