{"id":191701,"date":"2025-12-23T13:18:21","date_gmt":"2025-12-23T10:18:21","guid":{"rendered":"https:\/\/baldumarket.lt\/product\/regal-milano-bialy-polysk\/"},"modified":"2026-04-14T15:57:33","modified_gmt":"2026-04-14T12:57:33","slug":"regal-milano-bialy-polysk","status":"publish","type":"product","link":"https:\/\/baldumarket.lt\/lt\/product\/regal-milano-bialy-polysk\/","title":{"rendered":"MILANO balta blizgi lentel\u0117"},"content":{"rendered":"<p>Erdvi MILANO dokument\u0173 lentyna<br \/>\nMILANO lentyn\u0173 blokas yra bald\u0173 kolekcijos, skirtos visapusi\u0161kai biuro \u012frangai, dalis. Lentyn\u0173 blokas yra lenki\u0161kas gaminys, pagamintas i\u0161 MDF plok\u0161t\u0117s, kurios i\u0161oriniai pavir\u0161iai padengti blizgiu akriliniu kilim\u0117liu, o lik\u0119 elementai \u2013 baltu laminatu. D\u0117l akrilinio kilim\u0117lio plok\u0161t\u0117 pasi\u017eymi padidintu atsparumu \u012fbr\u0117\u017eimams ir UV spinduliams. Gamintojas rekomenduoja bald\u0173 pavir\u0161i\u0173 valyti dr\u0117gnu mikropluo\u0161to \u0161luoste be plovikli\u0173. MILANO lentyn\u0173 bloke yra penkios lentynos, kuri\u0173 auk\u0161tis reguliuojamas, kad tilpt\u0173 segtuvai, tod\u0117l lengva tvarkyti vis\u0173 tip\u0173 dokumentus. Minimalistinis dizainas ir nesenstanti balta spalva leid\u017eia lentyn\u0173 blokui puikiai der\u0117ti prie bet kokio interjero dizaino. Produkto savyb\u0117s<br \/>\nLenki\u0161kas produktas,<br \/>\nMDF konstrukcija,<br \/>\nkorpuso ir lentyn\u0173 i\u0161oriniai pavir\u0161iai padengti blizgiu akriliniu kilim\u0117liu,<br \/>\nkiti elementai, padengti laminatu,<br \/>\npenkios prakti\u0161kos lentynos,<br \/>\nreikalingas savaranki\u0161kas surinkimas,<br \/>\nSi\u016blome plat\u0173 bald\u0173 pasirinkim\u0105, leid\u017eiant\u012f sukurti visavert\u0119 nam\u0173 apstatymo patirt\u012f.<\/p>","protected":false},"excerpt":{"rendered":"<p>MATMENYS<br \/>\n\u016agis \u2013 [cm] 190<br \/>\nPlotis \u2013 [cm] 80<br \/>\nGylis \u2013 [cm] 36<br \/>\nSTATYBA<br \/>\nMed\u017eiagos tipas \u2013 MDF plok\u0161t\u0117<br \/>\nSpalva \u2013 blizgi balta<br \/>\nSvoris \u2013 [kg] 43<\/p>","protected":false},"featured_media":191702,"comment_status":"open","ping_status":"open","template":"","meta":[],"product_brand":[],"product_cat":[9614,4774,1987],"product_tag":[],"class_list":{"0":"post-191701","1":"product","2":"type-product","3":"status-publish","4":"has-post-thumbnail","6":"product_cat-furniture-system-milano-hubertus","7":"product_cat-hubertus-design","8":"product_cat-shelving-units","10":"first","11":"instock","12":"purchasable","13":"product-type-simple"},"_links":{"self":[{"href":"https:\/\/baldumarket.lt\/lt\/wp-json\/wp\/v2\/product\/191701","targetHints":{"allow":["GET"]}}],"collection":[{"href":"https:\/\/baldumarket.lt\/lt\/wp-json\/wp\/v2\/product"}],"about":[{"href":"https:\/\/baldumarket.lt\/lt\/wp-json\/wp\/v2\/types\/product"}],"replies":[{"embeddable":true,"href":"https:\/\/baldumarket.lt\/lt\/wp-json\/wp\/v2\/comments?post=191701"}],"wp:featuredmedia":[{"embeddable":true,"href":"https:\/\/baldumarket.lt\/lt\/wp-json\/wp\/v2\/media\/191702"}],"wp:attachment":[{"href":"https:\/\/baldumarket.lt\/lt\/wp-json\/wp\/v2\/media?parent=191701"}],"wp:term":[{"taxonomy":"product_brand","embeddable":true,"href":"https:\/\/baldumarket.lt\/lt\/wp-json\/wp\/v2\/product_brand?post=191701"},{"taxonomy":"product_cat","embeddable":true,"href":"https:\/\/baldumarket.lt\/lt\/wp-json\/wp\/v2\/product_cat?post=191701"},{"taxonomy":"product_tag","embeddable":true,"href":"https:\/\/baldumarket.lt\/lt\/wp-json\/wp\/v2\/product_tag?post=191701"}],"curies":[{"name":"wp","href":"https:\/\/api.w.org\/{rel}","templated":true}]}}