{"id":191698,"date":"2025-12-23T13:18:10","date_gmt":"2025-12-23T10:18:10","guid":{"rendered":"https:\/\/baldumarket.lt\/product\/szafa-milano-bialy-polysk\/"},"modified":"2026-02-14T11:58:54","modified_gmt":"2026-02-14T08:58:54","slug":"szafa-milano-bialy-polysk","status":"publish","type":"product","link":"https:\/\/baldumarket.lt\/lt\/product\/szafa-milano-bialy-polysk\/","title":{"rendered":"MILANO spinta, balta blizgi"},"content":{"rendered":"<p>Didel\u0117 MILANO biuro spinta<br \/>\nMILANO spinta yra bald\u0173 kolekcijos, skirtos visapusi\u0161kai biuro \u012frangai, dalis. Spinta yra lenki\u0161kas gaminys, pagamintas i\u0161 MDF plok\u0161t\u0117s, kurios i\u0161oriniai pavir\u0161iai ir priekin\u0117 dalis padengti blizgiu akriliniu kilim\u0117liu, o likusios dalys \u2013 baltu laminatu. D\u0117l akrilinio kilim\u0117lio plok\u0161t\u0117 pasi\u017eymi padidintu atsparumu \u012fbr\u0117\u017eimams ir UV spinduliams. Gamintojas rekomenduoja bald\u0173 pavir\u0161i\u0173 valyti dr\u0117gnu mikropluo\u0161to \u0161luoste, nenaudojant plovikli\u0173. MILANO spinta turi atvir\u0105 lentyn\u0105 ir prakti\u0161kas pasl\u0117ptas lentynas u\u017e dureli\u0173. J\u0173 auk\u0161tis pritaikytas prie segtuv\u0173 dyd\u017eio, tod\u0117l lengva tvarkyti vis\u0173 r\u016b\u0161i\u0173 dokumentus. Minimalistinis dizainas ir nesenstanti balta spalva daro \u0161i\u0105 biuro spint\u0105 puikiai tinkan\u010di\u0105 bet kokiam interjero dizainui. Produkto savyb\u0117s<br \/>\nLenki\u0161kas produktas,<br \/>\nMDF konstrukcija,<br \/>\ni\u0161oriniai korpuso ir priekin\u0117s dalies pavir\u0161iai padengti blizgia akrilo danga,<br \/>\nkiti elementai yra laminuoti,<br \/>\nprakti\u0161ka atvira lentyna,<br \/>\npatogios lentynos spintel\u0117s viduje,<br \/>\nreikalingas savaranki\u0161kas surinkimas,<br \/>\nSi\u016blome plat\u0173 bald\u0173 pasirinkim\u0105, leid\u017eiant\u012f pilnai \u012frengti savo namus.<\/p>","protected":false},"excerpt":{"rendered":"<p>Didel\u0117 MILANO biuro spinta MILANO spinta yra bald\u0173 kolekcijos, skirtos visapusi\u0161kai biuro \u012frangai, dalis. Spinta yra lenki\u0161kas gaminys, pagamintas i\u0161 MDF plok\u0161t\u0117s, kurios i\u0161oriniai pavir\u0161iai ir priekin\u0117 dalis padengti blizgiu akriliniu kilim\u0117liu, o likusios dalys \u2013 baltu laminatu. D\u0117l [\u2026]<\/p>","protected":false},"featured_media":191699,"comment_status":"open","ping_status":"open","template":"","meta":[],"product_brand":[],"product_cat":[9614,9120,4774],"product_tag":[],"class_list":{"0":"post-191698","1":"product","2":"type-product","3":"status-publish","4":"has-post-thumbnail","6":"product_cat-furniture-system-milano-hubertus","7":"product_cat-cabinets","8":"product_cat-hubertus-design","10":"first","11":"instock","12":"purchasable","13":"product-type-simple"},"_links":{"self":[{"href":"https:\/\/baldumarket.lt\/lt\/wp-json\/wp\/v2\/product\/191698","targetHints":{"allow":["GET"]}}],"collection":[{"href":"https:\/\/baldumarket.lt\/lt\/wp-json\/wp\/v2\/product"}],"about":[{"href":"https:\/\/baldumarket.lt\/lt\/wp-json\/wp\/v2\/types\/product"}],"replies":[{"embeddable":true,"href":"https:\/\/baldumarket.lt\/lt\/wp-json\/wp\/v2\/comments?post=191698"}],"wp:featuredmedia":[{"embeddable":true,"href":"https:\/\/baldumarket.lt\/lt\/wp-json\/wp\/v2\/media\/191699"}],"wp:attachment":[{"href":"https:\/\/baldumarket.lt\/lt\/wp-json\/wp\/v2\/media?parent=191698"}],"wp:term":[{"taxonomy":"product_brand","embeddable":true,"href":"https:\/\/baldumarket.lt\/lt\/wp-json\/wp\/v2\/product_brand?post=191698"},{"taxonomy":"product_cat","embeddable":true,"href":"https:\/\/baldumarket.lt\/lt\/wp-json\/wp\/v2\/product_cat?post=191698"},{"taxonomy":"product_tag","embeddable":true,"href":"https:\/\/baldumarket.lt\/lt\/wp-json\/wp\/v2\/product_tag?post=191698"}],"curies":[{"name":"wp","href":"https:\/\/api.w.org\/{rel}","templated":true}]}}