{"id":191695,"date":"2025-12-23T13:18:00","date_gmt":"2025-12-23T10:18:00","guid":{"rendered":"https:\/\/baldumarket.lt\/product\/stol-rozkladany-bella-160256x89-szary-polysk-bialy-polysk\/"},"modified":"2026-02-13T12:11:51","modified_gmt":"2026-02-13T09:11:51","slug":"stol-rozkladany-bella-160256x89-szary-polysk-bialy-polysk","status":"publish","type":"product","link":"https:\/\/baldumarket.lt\/lt\/product\/stol-rozkladany-bella-160256x89-szary-polysk-bialy-polysk\/","title":{"rendered":"BELLA i\u0161skleid\u017eiamas stalas 160(256)x89 blizgi pilka\/blizgi balta"},"content":{"rendered":"<p>Modernus BELLA dviej\u0173 spalv\u0173 prailginamas stalas<br \/>\nBELLA prailginamas stalas \u2013 tai modernus valgomojo stalas, i\u0161siskiriantis unikaliu dizainu ir nesenstan\u010dia spalv\u0173 gama. Unikali jo savyb\u0117 \u2013 unikaliai suprojektuotas pagrindas, kuriame kojos susipina ir sukuria eleganti\u0161k\u0105 kompozicij\u0105. Stalas pagamintas i\u0161 auk\u0161tos kokyb\u0117s MDF plok\u0161t\u0117s, padengtos blizgiu akriliniu kilim\u0117liu, primenan\u010diu veidrod\u012f. \u0160i med\u017eiaga yra atspari \u012fbr\u0117\u017eimams, UV spinduliams ir auk\u0161tai temperat\u016brai iki 100 \u00b0C. Gamintojas rekomenduoja stal\u0105 valyti mink\u0161tu, \u0161iek tiek dr\u0117gnu mikropluo\u0161to \u0161luoste, nenaudojant plovikli\u0173. Dizainerio BELLA prailginam\u0105 stal\u0105 galima prailginti iki 256 cm ilgio, nes po stalvir\u0161iu yra du prailginimai. Prailginus vien\u0105 arba abu prailginimus, stalo ilg\u012f galite lengvai pritaikyti pagal savo poreikius, patogiai sus\u0117sdami iki 10 \u017emoni\u0173. Sinchroninis b\u0117geli\u0173 mechanizmas leid\u017eia lengvai prailginti stal\u0105 \u2013 patraukus vien\u0105 pus\u0119, kita automati\u0161kai i\u0161siple\u010dia. \u0160is vienos kojos stalas idealiai tinka moderniu ar prabangiu stiliumi dekoruotam interjerui d\u0117l savo blizgios apdailos.<br \/>\nProdukto savyb\u0117s<br \/>\nLenki\u0161kas produktas,<br \/>\nStalas pagamintas i\u0161 MDF plok\u0161t\u0117s su blizgiu akriliniu kilim\u0117liu,<br \/>\nI\u0161traukiamas stalvir\u0161is su dviem \u012fd\u0117klais, pasl\u0117ptais po stalvir\u0161iu,<br \/>\n\u012erengti sinchroniniais rutuliniais guoliais varomomis slydimo sistemomis,<br \/>\nReikalingas savaranki\u0161kas surinkimas,<br \/>\nSi\u016blome plat\u0173 bald\u0173 pasirinkim\u0105, leid\u017eiant\u012f pilnai \u012frengti savo namus.<\/p>","protected":false},"excerpt":{"rendered":"<p>Modernus BELLA dviej\u0173 spalv\u0173 prailginamas stalas BELLA prailginamas stalas yra modernus valgomojo stalas, i\u0161siskiriantis unikaliu dizainu ir nesenstan\u010dia spalv\u0173 gama. Unikali jo savyb\u0117 \u2013 unikaliai suprojektuotas pagrindas, kuriame kojos susipina ir sukuria eleganti\u0161k\u0105 kompozicij\u0105. Stalas pagamintas i\u0161 auk\u0161tos kokyb\u0117s MDF plok\u0161t\u0117s, padengtos blizgiu akriliniu kilim\u0117liu, [\u2026]<\/p>","protected":false},"featured_media":191696,"comment_status":"open","ping_status":"open","template":"","meta":[],"product_brand":[],"product_cat":[9599,4774,1934],"product_tag":[],"class_list":{"0":"post-191695","1":"product","2":"type-product","3":"status-publish","4":"has-post-thumbnail","6":"product_cat-table-bella-hubertus","7":"product_cat-hubertus-design","8":"product_cat-tables","10":"first","11":"instock","12":"purchasable","13":"product-type-simple"},"_links":{"self":[{"href":"https:\/\/baldumarket.lt\/lt\/wp-json\/wp\/v2\/product\/191695","targetHints":{"allow":["GET"]}}],"collection":[{"href":"https:\/\/baldumarket.lt\/lt\/wp-json\/wp\/v2\/product"}],"about":[{"href":"https:\/\/baldumarket.lt\/lt\/wp-json\/wp\/v2\/types\/product"}],"replies":[{"embeddable":true,"href":"https:\/\/baldumarket.lt\/lt\/wp-json\/wp\/v2\/comments?post=191695"}],"wp:featuredmedia":[{"embeddable":true,"href":"https:\/\/baldumarket.lt\/lt\/wp-json\/wp\/v2\/media\/191696"}],"wp:attachment":[{"href":"https:\/\/baldumarket.lt\/lt\/wp-json\/wp\/v2\/media?parent=191695"}],"wp:term":[{"taxonomy":"product_brand","embeddable":true,"href":"https:\/\/baldumarket.lt\/lt\/wp-json\/wp\/v2\/product_brand?post=191695"},{"taxonomy":"product_cat","embeddable":true,"href":"https:\/\/baldumarket.lt\/lt\/wp-json\/wp\/v2\/product_cat?post=191695"},{"taxonomy":"product_tag","embeddable":true,"href":"https:\/\/baldumarket.lt\/lt\/wp-json\/wp\/v2\/product_tag?post=191695"}],"curies":[{"name":"wp","href":"https:\/\/api.w.org\/{rel}","templated":true}]}}