{"id":191676,"date":"2025-12-23T13:17:14","date_gmt":"2025-12-23T10:17:14","guid":{"rendered":"https:\/\/baldumarket.lt\/product\/stol-rozkladany-cesaro-160208x89-szary-polysk-bialy-polysk\/"},"modified":"2026-02-14T10:40:07","modified_gmt":"2026-02-14T07:40:07","slug":"stol-rozkladany-cesaro-160208x89-szary-polysk-bialy-polysk","status":"publish","type":"product","link":"https:\/\/baldumarket.lt\/lt\/product\/stol-rozkladany-cesaro-160208x89-szary-polysk-bialy-polysk\/","title":{"rendered":"CESARO i\u0161skleid\u017eiamas stalas 160(208)x89 blizgi pilka\/blizgi balta"},"content":{"rendered":"<p>CESARO ovalus i\u0161traukiamas stalas, pagamintas Lenkijoje<br \/>\nCESARO i\u0161traukiamas stalas puikiai tinka ie\u0161kantiems modernaus stalo, kuris papildyt\u0173 j\u0173 interjero dizain\u0105, bet svarbiausia, suteikt\u0173 daug erdv\u0117s \u0161eimai ir sve\u010diams susib\u016brim\u0173 metu. Pagamintas i\u0161 auk\u0161tos kokyb\u0117s MDF plok\u0161t\u0117s, padengtos akrilo kilim\u0117liu, suteikian\u010diu jam eleganti\u0161k\u0105 blizges\u012f, primenant\u012f \u017evilgant\u012f veidrod\u012f, \u0161is valgomojo stalas gali pasigirti ne tik patrauklia i\u0161vaizda, bet ir patvarumu. Padidintas med\u017eiagos atsparumas \u012fbr\u0117\u017eimams, UV spinduliams ir auk\u0161tai temperat\u016brai iki 100 \u00b0C (212 \u00b0F), tod\u0117l jis yra itin patvarus ir lengvai pri\u017ei\u016brimas. Gamintojas rekomenduoja \u0161velniai valyti stal\u0105 \u0161iek tiek dr\u0117gnu mikropluo\u0161to \u0161luoste, nenaudojant plovikli\u0173, kad jis ilgiau i\u0161laikyt\u0173 puiki\u0105 i\u0161vaizd\u0105. \u0160is dizainerio stalas turi ovali\u0173 stalvir\u0161i\u0173, kuriuos galima i\u0161traukti, taip suteikiant didesn\u012f pavir\u0161iaus plot\u0105 \u012fvairiems patiekalams patiekti ir daugiau \u017emoni\u0173 sus\u0117sti. Stalas turi sinchroninius rutulinius guolius, tod\u0117l j\u012f nepaprastai lengva ir be vargo i\u0161traukti. Tiesiog patraukite stalvir\u0161\u012f i\u0161 vienos pus\u0117s, ir kita tuo pa\u010diu metu i\u0161trauks. Ovalus i\u0161traukiamas stalas tiekiamas su vienu prailginimo \u012fd\u0117klu, kuris laikomas po stalvir\u0161iu. Unikalus CESARO i\u0161traukiamo stalo pagrindas susideda i\u0161 dviej\u0173 kolon\u0173, atskirt\u0173 chromuotais vamzd\u017eiais, suteikian\u010di\u0173 visai konstrukcijai avangardinio stiliaus ir lengvumo. Tiek kolonos, tiek vamzd\u017eiai yra pritvirtinti prie ovalo formos pagrindo, sukurdami darni\u0105 visum\u0105.<br \/>\nProdukto savyb\u0117s<br \/>\nLenki\u0161kas produktas,<br \/>\nstalas pagamintas i\u0161 MDF plok\u0161t\u0117s, padengtos blizgiu akriliniu kilim\u0117liu,<br \/>\novalus, i\u0161traukiamas stalvir\u0161is,<br \/>\nprailginimo \u012fd\u0117klas pasl\u0117ptas po stalvir\u0161iu,<br \/>\napr\u016bpintas sinchroniniais rutuliniais guoliais,<br \/>\nunikali baz\u0117,<br \/>\nsavaranki\u0161kas surinkimas,<br \/>\nSi\u016blome plat\u0173 bald\u0173 pasirinkim\u0105, kad gal\u0117tum\u0117te m\u0117gautis visaver\u010diu nam\u0173 apstatymu.<\/p>","protected":false},"excerpt":{"rendered":"<p>CESARO ovalus i\u0161traukiamas stalas, pagamintas Lenkijoje. CESARO i\u0161traukiamas stalas puikiai tinka ie\u0161kantiems modernaus stalo, kuris papildyt\u0173 j\u0173 interjero dizain\u0105, bet svarbiausia, suteikt\u0173 daug vietos \u0161eimai ir sve\u010diams susib\u016brim\u0173 metu. Pagamintas i\u0161 auk\u0161tos kokyb\u0117s MDF plok\u0161t\u0117s, padengtas akrilo kilim\u0117liu, suteikian\u010diu jam eleganti\u0161k\u0105 blizges\u012f, primenant\u012f [\u2026]<\/p>","protected":false},"featured_media":191677,"comment_status":"open","ping_status":"open","template":"","meta":[],"product_brand":[],"product_cat":[9603,4774,1934],"product_tag":[],"class_list":{"0":"post-191676","1":"product","2":"type-product","3":"status-publish","4":"has-post-thumbnail","6":"product_cat-table-cesaro-huberus","7":"product_cat-hubertus-design","8":"product_cat-tables","10":"first","11":"instock","12":"purchasable","13":"product-type-simple"},"_links":{"self":[{"href":"https:\/\/baldumarket.lt\/lt\/wp-json\/wp\/v2\/product\/191676","targetHints":{"allow":["GET"]}}],"collection":[{"href":"https:\/\/baldumarket.lt\/lt\/wp-json\/wp\/v2\/product"}],"about":[{"href":"https:\/\/baldumarket.lt\/lt\/wp-json\/wp\/v2\/types\/product"}],"replies":[{"embeddable":true,"href":"https:\/\/baldumarket.lt\/lt\/wp-json\/wp\/v2\/comments?post=191676"}],"wp:featuredmedia":[{"embeddable":true,"href":"https:\/\/baldumarket.lt\/lt\/wp-json\/wp\/v2\/media\/191677"}],"wp:attachment":[{"href":"https:\/\/baldumarket.lt\/lt\/wp-json\/wp\/v2\/media?parent=191676"}],"wp:term":[{"taxonomy":"product_brand","embeddable":true,"href":"https:\/\/baldumarket.lt\/lt\/wp-json\/wp\/v2\/product_brand?post=191676"},{"taxonomy":"product_cat","embeddable":true,"href":"https:\/\/baldumarket.lt\/lt\/wp-json\/wp\/v2\/product_cat?post=191676"},{"taxonomy":"product_tag","embeddable":true,"href":"https:\/\/baldumarket.lt\/lt\/wp-json\/wp\/v2\/product_tag?post=191676"}],"curies":[{"name":"wp","href":"https:\/\/api.w.org\/{rel}","templated":true}]}}