{"id":191673,"date":"2025-12-23T13:17:04","date_gmt":"2025-12-23T10:17:04","guid":{"rendered":"https:\/\/baldumarket.lt\/product\/stol-rozkladany-cesaro-160208x89-bialy-marmur-venatino-bialy-polysk\/"},"modified":"2026-02-14T10:40:07","modified_gmt":"2026-02-14T07:40:07","slug":"stol-rozkladany-cesaro-160208x89-bialy-marmur-venatino-bialy-polysk","status":"publish","type":"product","link":"https:\/\/baldumarket.lt\/lt\/product\/stol-rozkladany-cesaro-160208x89-bialy-marmur-venatino-bialy-polysk\/","title":{"rendered":"CESARO i\u0161skleid\u017eiamas stalas 160(208)x89 baltas venatino marmuras\/balta blizgi spalva"},"content":{"rendered":"<p>Dizainerio CESARO i\u0161traukiamas stalas, pagamintas Lenkijoje<br \/>\nCESARO i\u0161skleid\u017eiamas stalas puikiai tinka ie\u0161kantiems modernaus stalo, kuris papildyt\u0173 j\u0173 interjero dizain\u0105, bet svarbiausia, suteikt\u0173 daug erdv\u0117s \u0161eimai ir sve\u010diams susib\u016brim\u0173 metu. Stalvir\u0161is pagamintas i\u0161 MDF, o jo pavir\u0161ius atspausdintas naudojant novatori\u0161k\u0105 skyst\u0173 polimerini\u0173 da\u017e\u0173 spausdinimo technologij\u0105. Tai sukietina spaud\u0105, sukuriant patvar\u0173 ir stulbinant\u012f dizain\u0105. \u0160is dizainerio valgomojo stalas turi kojas, pagamintas i\u0161 auk\u0161tos kokyb\u0117s MDF, padengtos akriliniu kilim\u0117liu, suteikian\u010diu stalui blizg\u0173, veidrodin\u012f pavir\u0161i\u0173. \u0160i med\u017eiaga pasi\u017eymi puikiu atsparumu \u012fbr\u0117\u017eimams, UV spinduliams ir auk\u0161tai temperat\u016brai. Gamintojas rekomenduoja \u0161velniai valyti stal\u0105 \u0161iek tiek dr\u0117gnu mikropluo\u0161to \u0161luoste, nereikalaujant plovikli\u0173, kad jis ilgiau i\u0161laikyt\u0173 nepriekai\u0161ting\u0105 i\u0161vaizd\u0105. Dizainerio stalas turi ovali\u0173 stalvir\u0161i\u0173, kuriuos galima prailginti, taip suteikiant didesn\u012f pavir\u0161i\u0173 \u012fvairiems patiekalams patiekti ir daugiau \u017emoni\u0173 sus\u0117sti. Stalas turi sinchroninius rutulinius guolius, tod\u0117l j\u012f nepaprastai lengva ir lengva prailginti. Tiesiog patraukite stalvir\u0161\u012f i\u0161 vienos pus\u0117s, o kita tuo pa\u010diu metu i\u0161skleis. Ovalus i\u0161skleid\u017eiamas stalas tiekiamas su vienu prailginimo \u012fd\u0117klu, kuris laikomas po stalvir\u0161iu. Unikalus CESARO i\u0161traukiamo stalo pagrindas susideda i\u0161 dviej\u0173 kolon\u0173, atskirt\u0173 chromuotais vamzd\u017eiais, suteikian\u010diais visai konstrukcijai avangardinio stiliaus ir lengvumo. Tiek kolonos, tiek vamzd\u017eiai yra pritvirtinti prie ovalo formos pagrindo, sukurdami darni\u0105 visum\u0105. Pagrindas pagamintas i\u0161 auk\u0161tos kokyb\u0117s MDF plok\u0161t\u0117s, padengtos akrilo kilim\u0117liu, suteikian\u010diu jam eleganti\u0161k\u0105 blizges\u012f, primenant\u012f \u017evilgant\u012f veidrod\u012f. Produkto savyb\u0117s<br \/>\nLenki\u0161kas produktas,<br \/>\novalus, i\u0161traukiamas MDF stalvir\u0161is su skyst\u0173 polimerini\u0173 da\u017e\u0173 technologija atspausdintu ra\u0161tu,<br \/>\nbalto marmuro spalvos stalvir\u0161is (\u201eVenatino white\u201c),<br \/>\npo stalvir\u0161iu pasl\u0117ptas prailginamas \u012fd\u0117klas,<br \/>\napr\u016bpintos sinchronin\u0117mis rutulini\u0173 guoli\u0173 kreipian\u010diosiomis,<br \/>\nunikalus blizgus baltas pagrindas,<br \/>\nMDF pagrindas, padengtas blizgiu akriliniu kilim\u0117liu,<br \/>\nreikalingas savaranki\u0161kas surinkimas,<br \/>\nSi\u016blome plat\u0173 bald\u0173 pasirinkim\u0105, skirt\u0105 pilnam nam\u0173 apstatymo sprendimui.<\/p>","protected":false},"excerpt":{"rendered":"<p>Designer CESARO Extendable Table, Made in Poland The CESARO extendable table is perfect for those seeking a modern table that complements their interior design, but above all, provides ample space for family and guests during gatherings. The tabletop is made of MDF, and its surface has been printed using innovative liquid polymer ink printing technology. [&hellip;]<\/p>","protected":false},"featured_media":191674,"comment_status":"open","ping_status":"open","template":"","meta":[],"product_brand":[],"product_cat":[9603,4774,1934],"product_tag":[],"class_list":{"0":"post-191673","1":"product","2":"type-product","3":"status-publish","4":"has-post-thumbnail","6":"product_cat-table-cesaro-huberus","7":"product_cat-hubertus-design","8":"product_cat-tables","10":"first","11":"instock","12":"purchasable","13":"product-type-simple"},"_links":{"self":[{"href":"https:\/\/baldumarket.lt\/lt\/wp-json\/wp\/v2\/product\/191673","targetHints":{"allow":["GET"]}}],"collection":[{"href":"https:\/\/baldumarket.lt\/lt\/wp-json\/wp\/v2\/product"}],"about":[{"href":"https:\/\/baldumarket.lt\/lt\/wp-json\/wp\/v2\/types\/product"}],"replies":[{"embeddable":true,"href":"https:\/\/baldumarket.lt\/lt\/wp-json\/wp\/v2\/comments?post=191673"}],"wp:featuredmedia":[{"embeddable":true,"href":"https:\/\/baldumarket.lt\/lt\/wp-json\/wp\/v2\/media\/191674"}],"wp:attachment":[{"href":"https:\/\/baldumarket.lt\/lt\/wp-json\/wp\/v2\/media?parent=191673"}],"wp:term":[{"taxonomy":"product_brand","embeddable":true,"href":"https:\/\/baldumarket.lt\/lt\/wp-json\/wp\/v2\/product_brand?post=191673"},{"taxonomy":"product_cat","embeddable":true,"href":"https:\/\/baldumarket.lt\/lt\/wp-json\/wp\/v2\/product_cat?post=191673"},{"taxonomy":"product_tag","embeddable":true,"href":"https:\/\/baldumarket.lt\/lt\/wp-json\/wp\/v2\/product_tag?post=191673"}],"curies":[{"name":"wp","href":"https:\/\/api.w.org\/{rel}","templated":true}]}}