{"id":191667,"date":"2025-12-23T13:16:40","date_gmt":"2025-12-23T10:16:40","guid":{"rendered":"https:\/\/baldumarket.lt\/product\/stol-rozkladany-cesaro-160208x89-dab-bialy-polysk\/"},"modified":"2026-02-14T10:40:07","modified_gmt":"2026-02-14T07:40:07","slug":"stol-rozkladany-cesaro-160208x89-dab-bialy-polysk","status":"publish","type":"product","link":"https:\/\/baldumarket.lt\/lt\/product\/stol-rozkladany-cesaro-160208x89-dab-bialy-polysk\/","title":{"rendered":"CESARO i\u0161skleid\u017eiamas stalas 160(208)x89 \u0105\u017euolas\/balta blizgi spalva"},"content":{"rendered":"<p>Lenki\u0161kas CESARO prailginamas stalas su sinchroniniais b\u0117geliais<br \/>\nCESARO i\u0161skleid\u017eiamas stalas puikiai tinka ie\u0161kantiems modernaus stalo, kuris papildyt\u0173 j\u0173 interjero dizain\u0105, bet svarbiausia \u2013 suteikt\u0173 daug erdv\u0117s \u0161eimai ir sve\u010diams susib\u016brim\u0173 metu. Stalas pagamintas i\u0161 auk\u0161tos kokyb\u0117s melaminu dengtos plok\u0161t\u0117s, o vir\u0161utin\u0117 ir apatin\u0117 pagrindo dalys yra tekst\u016bros, pana\u0161ios \u012f nat\u016brali\u0105 medien\u0105, saul\u0117s nusvilintos \u0105\u017euolo spalvos. Melaminu dengta plok\u0161t\u0117 pasi\u017eymi padidintu atsparumu \u012fbr\u0117\u017eimams ir UV spinduliams, tod\u0117l nekei\u010dia spalvos veikiama tiesiogini\u0173 saul\u0117s spinduli\u0173. D\u0117l didelio stalvir\u0161io atsparumo kar\u0161\u010diui (iki 100 \u00b0C) ant jo galima d\u0117ti kar\u0161tus patiekalus. Gamintojas rekomenduoja vienakoj\u012f stal\u0105 valyti lengvai sudr\u0117kinta mikropluo\u0161to \u0161luoste be plovikli\u0173, kad jis daugel\u012f met\u0173 i\u0161laikyt\u0173 nepriekai\u0161ting\u0105 i\u0161vaizd\u0105. \u0160is dizainerio stalas turi ovalaus pavir\u0161iaus, kur\u012f galima i\u0161skleisti, tod\u0117l atsiranda didesnis pavir\u0161ius \u012fvairiems patiekalams patiekti ir daugiau \u017emoni\u0173 sus\u0117sti. Stalas turi sinchroninius rutulinius guolius, tod\u0117l j\u012f nepaprastai lengva ir nesunku i\u0161skleisti. Tiesiog patraukite stalvir\u0161\u012f i\u0161 vienos pus\u0117s, ir kita tuo pa\u010diu metu i\u0161skl\u0117s. Ovalus i\u0161traukiamas stalas turi vien\u0105 prailginimo \u012fd\u0117kl\u0105, kuris yra laikomas po stalvir\u0161iu. Unikalus, baltas CESARO i\u0161traukiamo stalo pagrindas susideda i\u0161 dviej\u0173 kolon\u0173, atskirt\u0173 chromuotais vamzd\u017eiais, suteikian\u010diais visai konstrukcijai avangardinio stiliaus ir lengvumo. Tiek kolonos, tiek vamzd\u017eiai yra pritvirtinti prie ovalo formos pagrindo, sukurdami darni\u0105 visum\u0105.<br \/>\nProdukto savyb\u0117s<br \/>\nLenki\u0161kas produktas,<br \/>\nStalas pagamintas i\u0161 melaminu dengtos plok\u0161t\u0117s,<br \/>\nSaul\u0117tos \u0105\u017euolo spalvos stalvir\u0161is su nat\u016bralia medienos tekst\u016bra,<br \/>\nI\u0161sipl\u0117timo \u012fd\u0117klas slepiasi po stalvir\u0161iu,<br \/>\n\u012erengti sinchroniniais rutuliniais guoliais varomomis slydimo sistemomis,<br \/>\nUnikalus blizgus baltas pagrindas,<br \/>\nReikalingas savaranki\u0161kam surinkimui,<br \/>\nSi\u016blome plat\u0173 bald\u0173 pasirinkim\u0105, skirt\u0105 pilnam nam\u0173 apstatymo sprendimui.<\/p>","protected":false},"excerpt":{"rendered":"<p>Lenki\u0161kas CESARO prailginamas stalas su sinchroniniais b\u0117geliais CESARO prailginamas stalas puikiai tinka ie\u0161kantiems modernaus stalo, kuris papildyt\u0173 j\u0173 interjero dizain\u0105, bet svarbiausia, suteikt\u0173 daug vietos \u0161eimai ir sve\u010diams susib\u016brim\u0173 metu. Stalas pagamintas i\u0161 auk\u0161tos kokyb\u0117s melamino dengtos plok\u0161t\u0117s, o vir\u0161utin\u0117 ir apatin\u0117 pagrindo dalys turi [\u2026]<\/p>","protected":false},"featured_media":191668,"comment_status":"open","ping_status":"open","template":"","meta":[],"product_brand":[],"product_cat":[9603,4774,1934],"product_tag":[],"class_list":{"0":"post-191667","1":"product","2":"type-product","3":"status-publish","4":"has-post-thumbnail","6":"product_cat-table-cesaro-huberus","7":"product_cat-hubertus-design","8":"product_cat-tables","10":"first","11":"instock","12":"purchasable","13":"product-type-simple"},"_links":{"self":[{"href":"https:\/\/baldumarket.lt\/lt\/wp-json\/wp\/v2\/product\/191667","targetHints":{"allow":["GET"]}}],"collection":[{"href":"https:\/\/baldumarket.lt\/lt\/wp-json\/wp\/v2\/product"}],"about":[{"href":"https:\/\/baldumarket.lt\/lt\/wp-json\/wp\/v2\/types\/product"}],"replies":[{"embeddable":true,"href":"https:\/\/baldumarket.lt\/lt\/wp-json\/wp\/v2\/comments?post=191667"}],"wp:featuredmedia":[{"embeddable":true,"href":"https:\/\/baldumarket.lt\/lt\/wp-json\/wp\/v2\/media\/191668"}],"wp:attachment":[{"href":"https:\/\/baldumarket.lt\/lt\/wp-json\/wp\/v2\/media?parent=191667"}],"wp:term":[{"taxonomy":"product_brand","embeddable":true,"href":"https:\/\/baldumarket.lt\/lt\/wp-json\/wp\/v2\/product_brand?post=191667"},{"taxonomy":"product_cat","embeddable":true,"href":"https:\/\/baldumarket.lt\/lt\/wp-json\/wp\/v2\/product_cat?post=191667"},{"taxonomy":"product_tag","embeddable":true,"href":"https:\/\/baldumarket.lt\/lt\/wp-json\/wp\/v2\/product_tag?post=191667"}],"curies":[{"name":"wp","href":"https:\/\/api.w.org\/{rel}","templated":true}]}}