{"id":191573,"date":"2025-12-22T22:01:24","date_gmt":"2025-12-22T19:01:24","guid":{"rendered":"https:\/\/baldumarket.lt\/product\/zestaw-mebli-kuchennych-260-cm-kuchnia-sofia\/"},"modified":"2026-02-03T23:25:06","modified_gmt":"2026-02-03T20:25:06","slug":"zestaw-mebli-kuchennych-260-cm-kuchnia-sofia","status":"publish","type":"product","link":"https:\/\/baldumarket.lt\/lt\/product\/zestaw-mebli-kuchennych-260-cm-kuchnia-sofia\/","title":{"rendered":"Virtuv\u0117s bald\u0173 komplektas 260 cm Sofia virtuv\u0117"},"content":{"rendered":"<p>\u201eSofia\u201c virtuv\u0117s spintel\u0117s su laminuotais fasadais yra prakti\u0161kas pasirinkimas, nes laminatas lengvai valomas ir atsparus \u012fbr\u0117\u017eimams bei pa\u017eeidimams. Tai pad\u0117s j\u016bs\u0173 virtuvei atrodyti \u0161variai ir moderniai.<br \/>\n\u201eSofia\u201c su hikorinio \u0105\u017euolo fasadais, derinamais su sm\u0117lio spalvos elementais, yra gra\u017eus ir nat\u016bralus sprendimas, kuris j\u016bs\u0173 interjerui suteiks \u0161ilumos, elegancijos ir nat\u016bralumo.<br \/>\nKomplekt\u0105 sudaro spintel\u0117s be stalvir\u0161i\u0173:<br \/>\n60 cm apatin\u0117 spintel\u0117 kriauklei (D60ZL P\/L)<br \/>\n60 cm apatin\u0117 spintel\u0117 \u012fmontuojamai kaitlentei (D60 PC P\/L)<br \/>\n60 cm apatin\u0117 spintel\u0117 su vienu priekiu ir vienu stal\u010diumi (D60S\/1 P\/L)<br \/>\n20 cm apatin\u0117 spintel\u0117 kroviniams ve\u017eti (D20 CARGO)<br \/>\n60 cm kolonin\u0117 spintel\u0117 (D60PK\/2133 P\/L)<br \/>\n60 cm vir\u0161utin\u0117 spintel\u0117 (P60 P\/L)<br \/>\n80 cm vir\u0161utin\u0117 spintel\u0117 su dviem fasadais (W80)<br \/>\n\u012e rinkin\u012f \u012feina:<br \/>\nStal\u010diai \u2013 ritininiai kreiptuvai<br \/>\nRankenos \u2013 plastikin\u0117s<br \/>\nVyriai \u2013 be \u0161velnaus u\u017edarymo<br \/>\nJ\u016bs\u0173 pasirinktas stalvir\u0161is<br \/>\nReguliuojamos kojel\u0117s<br \/>\nVirtuv\u0117s spalvos:<br \/>\nPRIEKIN\u0116 SPALVA: MATIN\u0116 SM\u0116LIO SPALVA \/ KREMONOS \u0104\u017dUOLAS 16 MM<br \/>\nKORPUSAS: \u0104\u017dUOLAS \u201eCREMONA OAK 16 MM\u201c<br \/>\n\u00a0<br \/>\nSistemos parametrai:<br \/>\nModelio vardas: Sofija<br \/>\nBald\u0173 sistema: Cosmo<br \/>\nPriekin\u0117 med\u017eiaga: 16 mm laminuota plok\u0161t\u0117<br \/>\nKorpuso med\u017eiaga: 16 mm laminuota plok\u0161t\u0117<br \/>\nCokolin\u0117 med\u017eiaga: 16 mm laminuota plok\u0161t\u0117<br \/>\nVir\u0161utin\u0117 plok\u0161t\u0117 pridedama: ne, parduodama atskirai<br \/>\nRankenos: plastikin\u0117s<br \/>\n\u0160velnus u\u017edarymas: ne<br \/>\nVir\u0161utini\u0173 spinteli\u0173 auk\u0161tis [mm]: 720<br \/>\nVir\u0161utini\u0173 spinteli\u0173 gylis be fasad\u0173 [mm]: 288<br \/>\nApatini\u0173 spinteli\u0173 auk\u0161tis [mm]: 820<br \/>\nApatini\u0173 spinteli\u0173 be fasad\u0173 gylis [mm]: 446<br \/>\n\u00a0<\/p>","protected":false},"excerpt":{"rendered":"<p>Matmenys: plotis [cm]&gt;260 auk\u0161tis [cm]&gt;72 vir\u0161utin\u0117s dalies gylis [cm]&gt;28,8 vir\u0161utin\u0117s dalies auk\u0161tis be stalvir\u0161io [cm]&gt;82 gylis be stalvir\u0161io [cm]&gt;44,6 | Virtuv\u0117s specifikacija \u2013 sm\u0117lio, \u0105\u017euolo | Fasado tipas: Laminuota plok\u0161t\u0117 \/ MDF \/ Lakuota laminuota plok\u0161t\u0117 | Virtuv\u0117s stilius \u2013 modernus, stilingas<\/p>","protected":false},"featured_media":191574,"comment_status":"open","ping_status":"open","template":"","meta":[],"product_brand":[],"product_cat":[1932,2822],"product_tag":[],"class_list":{"0":"post-191573","1":"product","2":"type-product","3":"status-publish","4":"has-post-thumbnail","6":"product_cat-kitchen-sets","7":"product_cat-stolkar","9":"first","10":"instock","11":"purchasable","12":"product-type-simple"},"_links":{"self":[{"href":"https:\/\/baldumarket.lt\/lt\/wp-json\/wp\/v2\/product\/191573","targetHints":{"allow":["GET"]}}],"collection":[{"href":"https:\/\/baldumarket.lt\/lt\/wp-json\/wp\/v2\/product"}],"about":[{"href":"https:\/\/baldumarket.lt\/lt\/wp-json\/wp\/v2\/types\/product"}],"replies":[{"embeddable":true,"href":"https:\/\/baldumarket.lt\/lt\/wp-json\/wp\/v2\/comments?post=191573"}],"wp:featuredmedia":[{"embeddable":true,"href":"https:\/\/baldumarket.lt\/lt\/wp-json\/wp\/v2\/media\/191574"}],"wp:attachment":[{"href":"https:\/\/baldumarket.lt\/lt\/wp-json\/wp\/v2\/media?parent=191573"}],"wp:term":[{"taxonomy":"product_brand","embeddable":true,"href":"https:\/\/baldumarket.lt\/lt\/wp-json\/wp\/v2\/product_brand?post=191573"},{"taxonomy":"product_cat","embeddable":true,"href":"https:\/\/baldumarket.lt\/lt\/wp-json\/wp\/v2\/product_cat?post=191573"},{"taxonomy":"product_tag","embeddable":true,"href":"https:\/\/baldumarket.lt\/lt\/wp-json\/wp\/v2\/product_tag?post=191573"}],"curies":[{"name":"wp","href":"https:\/\/api.w.org\/{rel}","templated":true}]}}