{"id":19154,"date":"2025-11-14T11:09:48","date_gmt":"2025-11-14T08:09:48","guid":{"rendered":"https:\/\/baldumarket.lt\/product\/laurence\/"},"modified":"2026-03-29T12:52:06","modified_gmt":"2026-03-29T09:52:06","slug":"laurence","status":"publish","type":"product","link":"https:\/\/baldumarket.lt\/lt\/product\/laurence\/","title":{"rendered":"Laurence&#039;as"},"content":{"rendered":"<p>\u201eLaurence\u201c \u2013 stilinga, funkcionali ir, svarbiausia, eleganti\u0161ka kampin\u0117 sofa i\u0161rankiems komforto m\u0117g\u0117jams. Auk\u0161tos, reguliuojamos galvos atramos ir plati s\u0117dyn\u0117 padidina \u0161ios 278 x 205 x 92 cm dyd\u017eio sofos komfort\u0105. Ji pagaminta i\u0161 B tipo banguot\u0173 spyruokli\u0173, T30 ir HR put\u0173, u\u017etikrinan\u010di\u0173 auk\u0161\u010diausi\u0105 komforto lyg\u012f kasdien naudojant tiek dien\u0105, tiek nakt\u012f. D\u0117l delfino funkcijos \u201eLaurence\u201c kampin\u0117 sofa taip pat tinka miegui. L formos kampin\u0117 sofa turi miegojimo funkcij\u0105, kurios pavir\u0161iaus plotas yra 123 x 193 cm. Joje taip pat yra erdvus patalyn\u0117s skyrius. Eleganti\u0161kos si\u016bl\u0117s ir 9 cm plienin\u0117s kojel\u0117s pabr\u0117\u017eia modern\u0173 \u0161ios kampin\u0117s sofos stili\u0173. \u201eLaurence\u201c sofa, kuri\u0105 galima \u012fsigyti su visais \u201eBalduMarket\u201c kolekcijos audiniais, tikrai bus puikus pasirinkimas jums.<\/p>","protected":false},"excerpt":{"rendered":"<p>\u201eLaurence\u201c \u2013 stilinga, funkcionali ir, svarbiausia, eleganti\u0161ka kampin\u0117 sofa i\u0161rankiems komforto m\u0117g\u0117jams. Auk\u0161tos, reguliuojamos galvos atramos ir plati s\u0117dyn\u0117 padidina \u0161ios 278 x 205 x 92 cm dyd\u017eio sofos komfort\u0105. Ji pagaminta i\u0161 B tipo banguot\u0173 spyruokli\u0173, T30 ir HR put\u0173, u\u017etikrinan\u010di\u0173 auk\u0161\u010diausi\u0105 komforto lyg\u012f kasdien [\u2026]<\/p>","protected":false},"featured_media":19155,"comment_status":"open","ping_status":"closed","template":"","meta":[],"product_brand":[],"product_cat":[616,1983,2012,9166],"product_tag":[],"class_list":{"0":"post-19154","1":"product","2":"type-product","3":"status-publish","4":"has-post-thumbnail","6":"product_cat-corners","7":"product_cat-corners-l","8":"product_cat-eltap","9":"product_cat-narozniki-eltap","11":"first","12":"instock","13":"purchasable","14":"product-type-variable","15":"wvs-archive-product-wrapper"},"_links":{"self":[{"href":"https:\/\/baldumarket.lt\/lt\/wp-json\/wp\/v2\/product\/19154","targetHints":{"allow":["GET"]}}],"collection":[{"href":"https:\/\/baldumarket.lt\/lt\/wp-json\/wp\/v2\/product"}],"about":[{"href":"https:\/\/baldumarket.lt\/lt\/wp-json\/wp\/v2\/types\/product"}],"replies":[{"embeddable":true,"href":"https:\/\/baldumarket.lt\/lt\/wp-json\/wp\/v2\/comments?post=19154"}],"wp:featuredmedia":[{"embeddable":true,"href":"https:\/\/baldumarket.lt\/lt\/wp-json\/wp\/v2\/media\/19155"}],"wp:attachment":[{"href":"https:\/\/baldumarket.lt\/lt\/wp-json\/wp\/v2\/media?parent=19154"}],"wp:term":[{"taxonomy":"product_brand","embeddable":true,"href":"https:\/\/baldumarket.lt\/lt\/wp-json\/wp\/v2\/product_brand?post=19154"},{"taxonomy":"product_cat","embeddable":true,"href":"https:\/\/baldumarket.lt\/lt\/wp-json\/wp\/v2\/product_cat?post=19154"},{"taxonomy":"product_tag","embeddable":true,"href":"https:\/\/baldumarket.lt\/lt\/wp-json\/wp\/v2\/product_tag?post=19154"}],"curies":[{"name":"wp","href":"https:\/\/api.w.org\/{rel}","templated":true}]}}