{"id":19150,"date":"2025-11-14T11:09:42","date_gmt":"2025-11-14T08:09:42","guid":{"rendered":"https:\/\/baldumarket.lt\/product\/poduszka-latex-profilowana\/"},"modified":"2026-03-24T18:28:18","modified_gmt":"2026-03-24T15:28:18","slug":"poduszka-latex-profilowana","status":"publish","type":"product","link":"https:\/\/baldumarket.lt\/lt\/product\/poduszka-latex-profilowana\/","title":{"rendered":"Latekso kont\u016brin\u0117 pagalv\u0117"},"content":{"rendered":"<p>Sakoma, kad miegas yra sveikata. Ta\u010diau tai \u012fmanoma tik tuo atveju, jei tinkamai r\u016bpinam\u0117s savo poilsio kokybe. Norint pasiekti visavert\u012f ir sveik\u0105 mieg\u0105, turime ne tik r\u016bpintis pavir\u0161iumi, ant kurio ilsim\u0117s, bet ir atkreipti d\u0117mes\u012f \u012f tinkamos pagalv\u0117s pasirinkim\u0105 \u2013 \u0161iuo atveju labai svarbi stuburo, kaklo ir galvos pad\u0117tis. M\u016bs\u0173 kont\u016brin\u0117 latekso pagalv\u0117 pasi\u017eymi didel\u0117mis hipoalergin\u0117mis, antibakterin\u0117mis ir prie\u0161grybelin\u0117mis savyb\u0117mis. Verta pamin\u0117ti, kad lateksas yra nat\u016brali med\u017eiaga, draugi\u0161ka tiek \u017emogui, tiek aplinkai. \u0160i lanksti med\u017eiaga, nepriklausomai nuo temperat\u016bros, pasi\u017eymi dideliu atsparumu deformacijai. \u0160io tipo miegamojo aksesuaras rekomenduojamas visiems, ypa\u010d turintiems nugaros problem\u0173. Jei r\u016bpinat\u0117s i\u0161skirtiniu, ilgu miegu, verta apsvarstyti m\u016bs\u0173 kont\u016brin\u0119 latekso pagalv\u0119. Ji u\u017etikrina taisykling\u0105 k\u016bno pad\u0117t\u012f miego metu ir leid\u017eia tinkamai r\u016bpintis savo sveikata.<\/p>","protected":false},"excerpt":{"rendered":"<p>Sakoma, kad miegas yra sveikata. Ta\u010diau tai \u012fmanoma tik tuo atveju, jei tinkamai r\u016bpinam\u0117s savo poilsio kokybe. Nor\u0117dami pasiekti visavert\u012f ir sveik\u0105 mieg\u0105, turime ne tik r\u016bpintis pavir\u0161iumi, ant kurio ilsim\u0117s, bet ir atkreipti d\u0117mes\u012f \u012f tinkamos pagalv\u0117s pasirinkim\u0105 \u2013 pagalv\u0117s pad\u0117t\u012f.<\/p>","protected":false},"featured_media":19151,"comment_status":"open","ping_status":"open","template":"","meta":[],"product_brand":[],"product_cat":[2012,1043],"product_tag":[],"class_list":{"0":"post-19150","1":"product","2":"type-product","3":"status-publish","4":"has-post-thumbnail","6":"product_cat-eltap","7":"product_cat-extras","9":"first","10":"instock","11":"purchasable","12":"product-type-simple"},"_links":{"self":[{"href":"https:\/\/baldumarket.lt\/lt\/wp-json\/wp\/v2\/product\/19150","targetHints":{"allow":["GET"]}}],"collection":[{"href":"https:\/\/baldumarket.lt\/lt\/wp-json\/wp\/v2\/product"}],"about":[{"href":"https:\/\/baldumarket.lt\/lt\/wp-json\/wp\/v2\/types\/product"}],"replies":[{"embeddable":true,"href":"https:\/\/baldumarket.lt\/lt\/wp-json\/wp\/v2\/comments?post=19150"}],"wp:featuredmedia":[{"embeddable":true,"href":"https:\/\/baldumarket.lt\/lt\/wp-json\/wp\/v2\/media\/19151"}],"wp:attachment":[{"href":"https:\/\/baldumarket.lt\/lt\/wp-json\/wp\/v2\/media?parent=19150"}],"wp:term":[{"taxonomy":"product_brand","embeddable":true,"href":"https:\/\/baldumarket.lt\/lt\/wp-json\/wp\/v2\/product_brand?post=19150"},{"taxonomy":"product_cat","embeddable":true,"href":"https:\/\/baldumarket.lt\/lt\/wp-json\/wp\/v2\/product_cat?post=19150"},{"taxonomy":"product_tag","embeddable":true,"href":"https:\/\/baldumarket.lt\/lt\/wp-json\/wp\/v2\/product_tag?post=19150"}],"curies":[{"name":"wp","href":"https:\/\/api.w.org\/{rel}","templated":true}]}}