{"id":191499,"date":"2025-12-22T21:59:40","date_gmt":"2025-12-22T18:59:40","guid":{"rendered":"https:\/\/baldumarket.lt\/product\/cokol-2-m-do-kuchni-premium-stolkar\/"},"modified":"2026-02-03T23:25:08","modified_gmt":"2026-02-03T20:25:08","slug":"cokol-2-m-do-kuchni-premium-stolkar","status":"publish","type":"product","link":"https:\/\/baldumarket.lt\/lt\/product\/cokol-2-m-do-kuchni-premium-stolkar\/","title":{"rendered":"2 m cokolis \u201eStolkar\u201c auk\u0161\u010diausios klas\u0117s virtuv\u0117ms"},"content":{"rendered":"<p>2 m virtuv\u0117s cokolis i\u0161 gamintojo 027 \u2013 tai priekinis cokolis, u\u017edengiantis kojeles, matin\u0117s baltos spalvos (korpuso plok\u0161t\u0117).<br \/>\nCokolis gali b\u016bti i\u0161si\u0173stas tik u\u017esakant virtuves ar virtuv\u0117s spinteles i\u0161 gamintojo 027.<\/p>","protected":false},"excerpt":{"rendered":"<p>Matmenys: ilgis [cm]&gt;200 auk\u0161tis [cm]&gt;10<\/p>","protected":false},"featured_media":191500,"comment_status":"open","ping_status":"open","template":"","meta":[],"product_brand":[],"product_cat":[1043,2822],"product_tag":[],"class_list":{"0":"post-191499","1":"product","2":"type-product","3":"status-publish","4":"has-post-thumbnail","6":"product_cat-extras","7":"product_cat-stolkar","9":"first","10":"instock","11":"purchasable","12":"product-type-simple"},"_links":{"self":[{"href":"https:\/\/baldumarket.lt\/lt\/wp-json\/wp\/v2\/product\/191499","targetHints":{"allow":["GET"]}}],"collection":[{"href":"https:\/\/baldumarket.lt\/lt\/wp-json\/wp\/v2\/product"}],"about":[{"href":"https:\/\/baldumarket.lt\/lt\/wp-json\/wp\/v2\/types\/product"}],"replies":[{"embeddable":true,"href":"https:\/\/baldumarket.lt\/lt\/wp-json\/wp\/v2\/comments?post=191499"}],"wp:featuredmedia":[{"embeddable":true,"href":"https:\/\/baldumarket.lt\/lt\/wp-json\/wp\/v2\/media\/191500"}],"wp:attachment":[{"href":"https:\/\/baldumarket.lt\/lt\/wp-json\/wp\/v2\/media?parent=191499"}],"wp:term":[{"taxonomy":"product_brand","embeddable":true,"href":"https:\/\/baldumarket.lt\/lt\/wp-json\/wp\/v2\/product_brand?post=191499"},{"taxonomy":"product_cat","embeddable":true,"href":"https:\/\/baldumarket.lt\/lt\/wp-json\/wp\/v2\/product_cat?post=191499"},{"taxonomy":"product_tag","embeddable":true,"href":"https:\/\/baldumarket.lt\/lt\/wp-json\/wp\/v2\/product_tag?post=191499"}],"curies":[{"name":"wp","href":"https:\/\/api.w.org\/{rel}","templated":true}]}}