{"id":191489,"date":"2025-12-22T21:59:23","date_gmt":"2025-12-22T18:59:23","guid":{"rendered":"https:\/\/baldumarket.lt\/product\/blat-dab-artisan-do-kuchni-producenta-027-grubosc-38-mm-dlugosc-410-cm\/"},"modified":"2026-01-07T12:49:30","modified_gmt":"2026-01-07T09:49:30","slug":"blat-dab-artisan-do-kuchni-producenta-027-grubosc-38-mm-dlugosc-410-cm","status":"publish","type":"product","link":"https:\/\/baldumarket.lt\/lt\/produktas\/blat-dab-artisan-do-kuchni-producenta-027-grubosc-38-mm-dlugosc-410-cm\/","title":{"rendered":"Blat d\u0105b artisan do kuchni producenta 027 grubo\u015b\u0107 38 mm d\u0142ugo\u015b\u0107 410 cm"},"content":{"rendered":"<p>Kitchen countertop from manufacturer 027, 38 mm thick, available in the following colors:<br \/>\nArtisan oak, 38 mm thick<br \/>\n\u00a0<br \/>\nOnly the entire 410 cm length is available for purchase.<br \/>\nThe price includes 3 cuts + PVC edge banding.<br \/>\nThe main countertop is packed in a tray + a cardboard box for the countertops; waste is not included in the packaging!<br \/>\n\u00a0<br \/>\nDue to shipping company restrictions, the maximum size of the countertop we can ship is 275 x 60 cm.<br \/>\nExample:<br \/>\nFor the listed price, you are purchasing a 410 cm countertop. You can order it in sections:<br \/>\n275 cm (maximum length of one section) + 50 cm + 60 cm (275 + 50 + 60 = 385 cm) &#8211; all three sections will be cut to the specified length and taped on the left and right sides.<br \/>\nYou will also receive 25 cm of unwrapped and unwrapped countertop waste.<br \/>\nExample 2:<br \/>\nIf you need a 150 cm long countertop, you will receive it veneered and a 260 cm long waste piece, unveneered and unwrapped.<br \/>\nThe countertop is shipped free of charge for orders of cabinets or kitchens over PLN 3,500. Shipping for orders below this amount or over 275 cm is PLN 549.<br \/>\nNOTE &#8211; Please specify the required countertop lengths in the order notes.<br \/>\nThe countertop can only be shipped when ordering kitchens or kitchen cabinets from manufacturer 027.<\/p>","protected":false},"excerpt":{"rendered":"<p>Dimensions: depth [cm]>60 height [cm]>3.8<\/p>","protected":false},"featured_media":191490,"comment_status":"open","ping_status":"open","template":"","meta":[],"product_brand":[],"product_cat":[1043,2822],"product_tag":[],"class_list":{"0":"post-191489","1":"product","2":"type-product","3":"status-publish","4":"has-post-thumbnail","6":"product_cat-extras","7":"product_cat-stolkar","9":"first","10":"instock","11":"purchasable","12":"product-type-simple"},"_links":{"self":[{"href":"https:\/\/baldumarket.lt\/lt\/wp-json\/wp\/v2\/product\/191489","targetHints":{"allow":["GET"]}}],"collection":[{"href":"https:\/\/baldumarket.lt\/lt\/wp-json\/wp\/v2\/product"}],"about":[{"href":"https:\/\/baldumarket.lt\/lt\/wp-json\/wp\/v2\/types\/product"}],"replies":[{"embeddable":true,"href":"https:\/\/baldumarket.lt\/lt\/wp-json\/wp\/v2\/comments?post=191489"}],"wp:featuredmedia":[{"embeddable":true,"href":"https:\/\/baldumarket.lt\/lt\/wp-json\/wp\/v2\/media\/191490"}],"wp:attachment":[{"href":"https:\/\/baldumarket.lt\/lt\/wp-json\/wp\/v2\/media?parent=191489"}],"wp:term":[{"taxonomy":"product_brand","embeddable":true,"href":"https:\/\/baldumarket.lt\/lt\/wp-json\/wp\/v2\/product_brand?post=191489"},{"taxonomy":"product_cat","embeddable":true,"href":"https:\/\/baldumarket.lt\/lt\/wp-json\/wp\/v2\/product_cat?post=191489"},{"taxonomy":"product_tag","embeddable":true,"href":"https:\/\/baldumarket.lt\/lt\/wp-json\/wp\/v2\/product_tag?post=191489"}],"curies":[{"name":"wp","href":"https:\/\/api.w.org\/{rel}","templated":true}]}}