{"id":191477,"date":"2025-12-22T21:58:53","date_gmt":"2025-12-22T18:58:53","guid":{"rendered":"https:\/\/baldumarket.lt\/product\/zestaw-kuchenny-260-cm-z-suszarka-denis\/"},"modified":"2026-02-03T23:25:09","modified_gmt":"2026-02-03T20:25:09","slug":"zestaw-kuchenny-260-cm-z-suszarka-denis","status":"publish","type":"product","link":"https:\/\/baldumarket.lt\/lt\/product\/zestaw-kuchenny-260-cm-z-suszarka-denis\/","title":{"rendered":"Virtuv\u0117s komplektas 260 cm su \u201eDenis\u201c d\u017eiovykle"},"content":{"rendered":"<p>Mading\u0173 spalv\u0173 \u201eDenis\u201c virtuv\u0117 si\u016blo kompakti\u0161kus sprendimus su moderniu akcentu. Komplekt\u0105 sudaro \u0161ios spintel\u0117s:<br \/>\nApa\u010dia:<br \/>\n80 cm D80<br \/>\n80 cm po kriaukle \u2013 D80ZL<br \/>\n60 cm \u2013 D60 D\/K<br \/>\n40 cm stal\u010diai \u2013 D40S\/3<br \/>\nVir\u0161uje:<br \/>\n80 cm vitrina \u2013 WS80<br \/>\n80 cm su d\u017eiovykle \u2013 W80SU ALU<br \/>\n60 cm \u2013 P60 D\/K<br \/>\n40 cm \u2013 W40 D\/K<br \/>\n\u00a0<br \/>\nDizainas:<br \/>\nPriekin\u0117s sienel\u0117s pagamintos i\u0161 19 mm storio MDF plok\u0161t\u0117s.<br \/>\nRankenoms fasaduose skyl\u0117s n\u0117ra gr\u0119\u017eiamos; jas reikia gr\u0119\u017eti patiems (juose i\u0161 anksto i\u0161gr\u0119\u017etos skyl\u0117s, i\u0161d\u0117stytos 16 cm atstumu viena nuo kitos).<br \/>\nKorpusas: 16 mm laminuota plok\u0161t\u0117.<br \/>\nSatinato stiklas.<br \/>\nRankenos yra prieinamos.<br \/>\nReguliuojamos tvirtinimo kojel\u0117s, 10 cm auk\u0161\u010dio.<br \/>\nCokolis pjaustomas atskirai kiekvienai spintelei.<br \/>\nVyriai \u2013 \u0161velnaus u\u017edarymo sistema.<br \/>\nStal\u010diai \u2013 \u0161velnaus u\u017edarymo sistema. \u0160velnaus u\u017edarymo sistema<br \/>\nDujiniai keltuvai<br \/>\nApatin\u0117s spintel\u0117s galimos be stalvir\u0161i\u0173<br \/>\nSistemos parametrai:<br \/>\nModelio pavadinimas: DENIS<br \/>\nBald\u0173 sistema: TREND LINE<br \/>\nR\u0117mo spalva: BALTA arba GRAFITO PILKA<br \/>\nVir\u0161utin\u0117s spintel\u0117s priekin\u0117s dalies spalva: WHITE PEAS MATTE \/ BLACK PEAS MATTE \/ NAVY M\u0116LYNA MATTE \/ CREAM MATTE \/ SELECT WALNUT \/ LONDON OAK \/ WHITE GLOSS \/ PIGEON GLOSS \/ GRAY MATTE<br \/>\nApatin\u0117s spintel\u0117s priekin\u0117s dalies spalva: WHITE PEAS MATTE \/ BLACK PEAS MATTE \/ NAVY M\u0116LYNA MATTE \/ CREAM MATTE \/ SELECT WALNUT \/ LONDON OAK \/ WHITE GLOSS \/ PIGEON GLOSS \/ GRAY MATTE<br \/>\nPriekin\u0117 med\u017eiaga: MDF folija 19 MM<br \/>\nKorpuso med\u017eiaga: 16 mm laminuota plok\u0161t\u0117<br \/>\nStalvir\u0161is \u012fskai\u010diuotas: NE, PARDUODAMA ATSKIRAI<br \/>\nRankenos: NE, PARDUODAMOS ATSKIRAI<br \/>\n\u0160velnus u\u017edarymas: TAIP<br \/>\nVir\u0161utini\u0173 spinteli\u0173 auk\u0161tis [mm]: 360 \/ 720 \/ 880 \/ 920<br \/>\nVir\u0161utini\u0173 spinteli\u0173 gylis be fasad\u0173 [mm]: 300 \/ 560<br \/>\nApatini\u0173 spinteli\u0173 auk\u0161tis [mm]: 820<br \/>\nApatini\u0173 spinteli\u0173 gylis be fasad\u0173 [mm]: 524<br \/>\nStulp\u0173 auk\u0161tis [mm]: 2133 \/ 2183<br \/>\nStulp\u0173 be fasad\u0173 gylis [mm]: 560<br \/>\nVirtuv\u0117s spalvos (galimos i\u0161 pasirinkim\u0173):<br \/>\nPRIEKIN\u0116 PUS\u0116: MDF<br \/>\nSPALVA: MATIN\u0116 BALTA \/ JUODA MATIN\u0116 \/ TAMSI M\u0116LYNA \/ MATIN\u0116 \/ KREMIN\u0116 \/ PASIRINKTI RIE\u0160UTO \/ LONDONO \u0104\u017dUOLO \/ BALTA \/ BALAND\u017dIO BLIZG\u0116 \/ \u0160VIESIAI PILKA MATIN\u0116<br \/>\nKORPUSAS: BALTA arba PILKA<br \/>\nTAUR\u0116: SATINATO<br \/>\nRANKENA: BE RANKENOS<br \/>\nAPA\u010cIN\u0116S SPINTEL\u0116S: 524 mm \u2013 MONTAVIMO KOJEL\u0116S<br \/>\nSTAL\u010cIAI: \u0160VELNIAI U\u017dSIDARO<br \/>\nVYRIS: \u0160VELNUS U\u017dSIDARYMAS<br \/>\n\u00a0<br \/>\nPastaba \u2013 jei norite dviej\u0173 spalv\u0173 virtuv\u0117s \u2013 skirtingos vir\u0161utin\u0117s ir apatin\u0117s dalys \u2013 nurodykite tai u\u017esakymo pastabose.<\/p>","protected":false},"excerpt":{"rendered":"<p>Virtuv\u0117s specifikacijos \u2013 balta matin\u0117, juoda matin\u0117, kavos spalvos matin\u0117, Londono \u0105\u017euolas | Virtuv\u0117s stilius \u2013 modernus\/loftas | Fasado tipas: Laminuota plok\u0161t\u0117 \/ MDF \/ Lakuota MDF plok\u0161t\u0117 | Matmenys: gylis [cm]&gt;30 vir\u0161utinio pavir\u0161iaus gylis be stalvir\u0161io [cm]&gt;52,4 gylis su stalvir\u0161iu [cm]&gt;60 plotis [cm]&gt;260 auk\u0161tis [cm]&gt;72 vir\u0161utinio pavir\u0161iaus auk\u0161tis be stalvir\u0161io [cm]&gt;82<\/p>","protected":false},"featured_media":191478,"comment_status":"open","ping_status":"open","template":"","meta":[],"product_brand":[],"product_cat":[1932,2822],"product_tag":[],"class_list":{"0":"post-191477","1":"product","2":"type-product","3":"status-publish","4":"has-post-thumbnail","6":"product_cat-kitchen-sets","7":"product_cat-stolkar","9":"first","10":"instock","11":"purchasable","12":"product-type-simple"},"_links":{"self":[{"href":"https:\/\/baldumarket.lt\/lt\/wp-json\/wp\/v2\/product\/191477","targetHints":{"allow":["GET"]}}],"collection":[{"href":"https:\/\/baldumarket.lt\/lt\/wp-json\/wp\/v2\/product"}],"about":[{"href":"https:\/\/baldumarket.lt\/lt\/wp-json\/wp\/v2\/types\/product"}],"replies":[{"embeddable":true,"href":"https:\/\/baldumarket.lt\/lt\/wp-json\/wp\/v2\/comments?post=191477"}],"wp:featuredmedia":[{"embeddable":true,"href":"https:\/\/baldumarket.lt\/lt\/wp-json\/wp\/v2\/media\/191478"}],"wp:attachment":[{"href":"https:\/\/baldumarket.lt\/lt\/wp-json\/wp\/v2\/media?parent=191477"}],"wp:term":[{"taxonomy":"product_brand","embeddable":true,"href":"https:\/\/baldumarket.lt\/lt\/wp-json\/wp\/v2\/product_brand?post=191477"},{"taxonomy":"product_cat","embeddable":true,"href":"https:\/\/baldumarket.lt\/lt\/wp-json\/wp\/v2\/product_cat?post=191477"},{"taxonomy":"product_tag","embeddable":true,"href":"https:\/\/baldumarket.lt\/lt\/wp-json\/wp\/v2\/product_tag?post=191477"}],"curies":[{"name":"wp","href":"https:\/\/api.w.org\/{rel}","templated":true}]}}