{"id":19146,"date":"2025-11-14T11:09:35","date_gmt":"2025-11-14T08:09:35","guid":{"rendered":"https:\/\/baldumarket.lt\/product\/poduszka-latex-standard\/"},"modified":"2026-03-24T18:28:18","modified_gmt":"2026-03-24T15:28:18","slug":"poduszka-latex-standard","status":"publish","type":"product","link":"https:\/\/baldumarket.lt\/lt\/product\/poduszka-latex-standard\/","title":{"rendered":"Standartin\u0117 latekso pagalv\u0117"},"content":{"rendered":"<p>Kartais vien pakeisti miegojimo pavir\u0161i\u0173 gali nepakakti. Nor\u0117dami u\u017etikrinti maksimal\u0173 komfort\u0105 \u2013 tiek ilsit\u0117s, tiek miegosite \u2013 taip pat tur\u0117tume pasirinkti tinkam\u0105 pagalv\u0119. Vienas i\u0161 toki\u0173 variant\u0173 yra latekso pagalv\u0117 \u2013 nat\u016bralus produktas, pagamintas i\u0161 kau\u010diukmed\u017eio pieno. Ji u\u017etikrina geriausi\u0105 \u012fmanom\u0105 k\u016bno pad\u0117t\u012f miego metu, suteikdama ideali\u0105 atram\u0105 stuburui, kaklui ir galvai. Latekso pagalv\u0117s yra idealus pasirinkimas kiekvienam, nes jos yra visi\u0161kai hipoalergin\u0117s ir antibakterin\u0117s \u2013 jose nesikaupia dulki\u0173 erkut\u0117s, grybelis ir pel\u0117sis. Latekso pagalv\u0117 taip pat yra labai funkcionali ir lengvai valoma. Jei svajojate apie tobul\u0105 pagalv\u0119, kuri padidins j\u016bs\u0173 komforto ir maksimalaus komforto patirt\u012f, tai tikrai tinkamas pasirinkimas.<\/p>","protected":false},"excerpt":{"rendered":"<p>Kartais vien miegojimo pavir\u0161iaus pakeitimo nepakanka. Norint u\u017etikrinti maksimal\u0173 komfort\u0105 \u2013 tiek ilsintis, tiek miegant \u2013 taip pat tur\u0117tume pasirinkti tinkam\u0105 pagalv\u0119. Vienas i\u0161 toki\u0173 variant\u0173 yra latekso pagalv\u0117 \u2013 nat\u016bralus produktas, pagamintas i\u0161 kau\u010diukmed\u017eio pieno. Ji u\u017etikrina geriausi\u0105 \u012fmanom\u0105 k\u016bno [\u2026]<\/p>","protected":false},"featured_media":19147,"comment_status":"open","ping_status":"open","template":"","meta":[],"product_brand":[],"product_cat":[2012,1043],"product_tag":[],"class_list":{"0":"post-19146","1":"product","2":"type-product","3":"status-publish","4":"has-post-thumbnail","6":"product_cat-eltap","7":"product_cat-extras","9":"first","10":"instock","11":"purchasable","12":"product-type-simple"},"_links":{"self":[{"href":"https:\/\/baldumarket.lt\/lt\/wp-json\/wp\/v2\/product\/19146","targetHints":{"allow":["GET"]}}],"collection":[{"href":"https:\/\/baldumarket.lt\/lt\/wp-json\/wp\/v2\/product"}],"about":[{"href":"https:\/\/baldumarket.lt\/lt\/wp-json\/wp\/v2\/types\/product"}],"replies":[{"embeddable":true,"href":"https:\/\/baldumarket.lt\/lt\/wp-json\/wp\/v2\/comments?post=19146"}],"wp:featuredmedia":[{"embeddable":true,"href":"https:\/\/baldumarket.lt\/lt\/wp-json\/wp\/v2\/media\/19147"}],"wp:attachment":[{"href":"https:\/\/baldumarket.lt\/lt\/wp-json\/wp\/v2\/media?parent=19146"}],"wp:term":[{"taxonomy":"product_brand","embeddable":true,"href":"https:\/\/baldumarket.lt\/lt\/wp-json\/wp\/v2\/product_brand?post=19146"},{"taxonomy":"product_cat","embeddable":true,"href":"https:\/\/baldumarket.lt\/lt\/wp-json\/wp\/v2\/product_cat?post=19146"},{"taxonomy":"product_tag","embeddable":true,"href":"https:\/\/baldumarket.lt\/lt\/wp-json\/wp\/v2\/product_tag?post=19146"}],"curies":[{"name":"wp","href":"https:\/\/api.w.org\/{rel}","templated":true}]}}