{"id":191457,"date":"2025-12-22T21:58:17","date_gmt":"2025-12-22T18:58:17","guid":{"rendered":"https:\/\/baldumarket.lt\/product\/kuchnia-sonja-260-cm-z-suszarka-bez-piaskowy-oferta-specjalna\/"},"modified":"2026-02-03T23:25:09","modified_gmt":"2026-02-03T20:25:09","slug":"kuchnia-sonja-260-cm-z-suszarka-bez-piaskowy-oferta-specjalna","status":"publish","type":"product","link":"https:\/\/baldumarket.lt\/lt\/product\/kuchnia-sonja-260-cm-z-suszarka-bez-piaskowy-oferta-specjalna\/","title":{"rendered":"Sonja virtuv\u0117 260 cm su d\u017eiovykle, sm\u0117lio spalvos &#8211; SPECIALUS PASI\u016aLYMAS"},"content":{"rendered":"<p>\u201eSonja\u201c virtuv\u0117s spintel\u0117s su laminuotos plok\u0161t\u0117s fasadais yra prakti\u0161kas pasirinkimas, nes laminatas lengvai valomas ir atsparus \u012fbr\u0117\u017eimams bei pa\u017eeidimams. Tai u\u017etikrins, kad j\u016bs\u0173 virtuv\u0117 visada atrodyt\u0173 tvarkinga ir moderni. \u201eSonja\u201c virtuv\u0117s fasadai pagaminti i\u0161 tvirtos laminuotos plok\u0161t\u0117s, tod\u0117l juos galima ilgai naudoti ir lengvai valyti.<br \/>\nSm\u0117lio spalvos \u2013 pirmoji \u201eSonja\u201c virtuv\u0117s spalv\u0173 alternatyva. Lyg\u016bs, matiniai fasadai su smulkiagr\u016bd\u0117 tekst\u016bra suteikia virtuvei modernumo. Be to, sm\u0117lio spalvos fasadai sukuria neutral\u0173 pagrind\u0105, kuris puikiai dera su kitomis virtuv\u0117s spalvomis ir aksesuarais.<br \/>\nPasirink\u0119 antr\u0105j\u0105 \u201eSonja\u201c virtuv\u0117s spalvos parinkt\u012f \u2013 alyvuot\u0105 \u0105\u017euol\u0105, tur\u0117site tiek pat galimybi\u0173. Virtuv\u0117s spintel\u0117s su alyvuotais \u0105\u017euolo fasadais yra gra\u017eus ir nat\u016bralus sprendimas, kuris j\u016bs\u0173 interjerui suteiks \u0161ilumos, elegancijos ir nat\u016bralumo.<br \/>\n\u012e rinkin\u012f \u012feina:<br \/>\n400 mm gylio metaliniai METALBOX stal\u010diai.<br \/>\nDujiniai keltuvai u\u017etikrina lengv\u0105 prieig\u0105 prie spintel\u0117s turinio.<br \/>\nMetalin\u0117s rankenos.<br \/>\nStalvir\u0161io pasirinkimas.<br \/>\nReguliuojamos kojel\u0117s.<br \/>\nVirtuv\u0117s spalvos:<br \/>\nPRIEKIN\u0116 PUS\u0116: 16 MM LAMINUOTA LENTA: SM\u0116LIO SPALVOS<br \/>\nKORPUSAS: BALTA<br \/>\nDARBAS: BE VIR\u0160AUS<br \/>\nRANKENA: JUODA U\u017dD\u0116TA<br \/>\nAPATINIS SPINTELI\u0172 LYGIS: 446 MM \u2013 MONTAVIMO KOJEL\u0116S<br \/>\nVYRIS: TYLUS U\u017dSIDARYMAS<br \/>\nSTAL\u010cIAI \u2013 TYLUS U\u017dSIDARYMAS \u2013 METALIN\u0116 D\u0116\u017dUT\u0116 + STABDYS<br \/>\n\u00a0<br \/>\nSistemos parametrai:<br \/>\nModelio vardas: Sonja<br \/>\nBald\u0173 sistema: Klasikin\u0117 linija<br \/>\nPriekin\u0117 med\u017eiaga: 16 mm laminuota plok\u0161t\u0117<br \/>\nKorpuso med\u017eiaga: 16 mm laminuota plok\u0161t\u0117<br \/>\nCokolin\u0117 med\u017eiaga: 16 mm laminuota plok\u0161t\u0117<br \/>\n\u012e komplekt\u0105 \u012feina stalvir\u0161is: ne, parduodamas atskirai<br \/>\nRankenos: pritaikytos<br \/>\nTylus u\u017edarymas: Taip<br \/>\nVir\u0161utini\u0173 spinteli\u0173 auk\u0161tis [mm]: 720<br \/>\nVir\u0161utini\u0173 spinteli\u0173 gylis be fasad\u0173 [mm]: 288<br \/>\nApatin\u0117s spintel\u0117s auk\u0161tis [mm]: 820<br \/>\nApatin\u0117s spintel\u0117s gylis be fasad\u0173 [mm]: 446<br \/>\n\u00a0<\/p>","protected":false},"excerpt":{"rendered":"<p>Virtuv\u0117s specifikacija \u2013 sm\u0117lio spalvos | Virtuv\u0117s stilius \u2013 modernus, stilingas | Fasado tipas: Laminuota plok\u0161t\u0117 \/ MDF \/ Lakuota laminuota plok\u0161t\u0117 | Matmenys: plotis [cm]&gt;260 gylis [cm]&gt;28,8 vir\u0161utin\u0117s dalies gylis be stalvir\u0161io [cm]&gt;44,6 gylis su stalvir\u0161iu [cm]&gt;60 auk\u0161tis [cm]&gt;72 vir\u0161utin\u0117s dalies auk\u0161tis be stalvir\u0161io [cm]&gt;82<\/p>","protected":false},"featured_media":191458,"comment_status":"open","ping_status":"open","template":"","meta":[],"product_brand":[],"product_cat":[1932,2822],"product_tag":[],"class_list":{"0":"post-191457","1":"product","2":"type-product","3":"status-publish","4":"has-post-thumbnail","6":"product_cat-kitchen-sets","7":"product_cat-stolkar","9":"first","10":"instock","11":"purchasable","12":"product-type-simple"},"_links":{"self":[{"href":"https:\/\/baldumarket.lt\/lt\/wp-json\/wp\/v2\/product\/191457","targetHints":{"allow":["GET"]}}],"collection":[{"href":"https:\/\/baldumarket.lt\/lt\/wp-json\/wp\/v2\/product"}],"about":[{"href":"https:\/\/baldumarket.lt\/lt\/wp-json\/wp\/v2\/types\/product"}],"replies":[{"embeddable":true,"href":"https:\/\/baldumarket.lt\/lt\/wp-json\/wp\/v2\/comments?post=191457"}],"wp:featuredmedia":[{"embeddable":true,"href":"https:\/\/baldumarket.lt\/lt\/wp-json\/wp\/v2\/media\/191458"}],"wp:attachment":[{"href":"https:\/\/baldumarket.lt\/lt\/wp-json\/wp\/v2\/media?parent=191457"}],"wp:term":[{"taxonomy":"product_brand","embeddable":true,"href":"https:\/\/baldumarket.lt\/lt\/wp-json\/wp\/v2\/product_brand?post=191457"},{"taxonomy":"product_cat","embeddable":true,"href":"https:\/\/baldumarket.lt\/lt\/wp-json\/wp\/v2\/product_cat?post=191457"},{"taxonomy":"product_tag","embeddable":true,"href":"https:\/\/baldumarket.lt\/lt\/wp-json\/wp\/v2\/product_tag?post=191457"}],"curies":[{"name":"wp","href":"https:\/\/api.w.org\/{rel}","templated":true}]}}