{"id":191441,"date":"2025-12-22T21:57:48","date_gmt":"2025-12-22T18:57:48","guid":{"rendered":"https:\/\/baldumarket.lt\/product\/kuchnia-260-vita-bialy-polysk-oferta-specjalna\/"},"modified":"2026-02-03T23:25:09","modified_gmt":"2026-02-03T20:25:09","slug":"kuchnia-260-vita-bialy-polysk-oferta-specjalna","status":"publish","type":"product","link":"https:\/\/baldumarket.lt\/lt\/product\/kuchnia-260-vita-bialy-polysk-oferta-specjalna\/","title":{"rendered":"Virtuv\u0117 260 Vita balta blizgi &#8211; SPECIALUS PASI\u016aLYMAS"},"content":{"rendered":"<p>Balta \u201eVita\u201c virtuv\u0117 si\u016blo kompakti\u0161kus sprendimus su moderniu akcentu.<br \/>\n\u012e rinkin\u012f \u012feina:<br \/>\n400 mm gylio metaliniai METALBOX stal\u010diai.<br \/>\nDujiniai keltuvai u\u017etikrina lengv\u0105 prieig\u0105 prie spinteli\u0173 turinio.<br \/>\nMetalin\u0117s rankenos.<br \/>\nGalimas stalvir\u0161i\u0173 pasirinkimas.<br \/>\nPlatus papildom\u0173 pried\u0173 asortimentas. Reguliuojamos kojel\u0117s.<br \/>\n\u00a0<br \/>\nVirtuv\u0117s spalvos:<br \/>\nPRIEKIN\u0116 PUS\u0116: BALTA BLIZGUS LAMINUOTAS PLOKSTAS<br \/>\nKORPUSAS: BALTA<br \/>\nDARBAVIR\u0160US: BE STALVIR\u0160IAUS<br \/>\nTAUR\u0116: SATINATO<br \/>\nRANKENA: METALAS<br \/>\nAPA\u010cIN\u0116S SPINTEL\u0116S: 446 MM \u2013 MONTAVIMO KOJEL\u0116S<br \/>\nVYRIS: \u0160VELNUS U\u017dSIDARYMAS<br \/>\nSTAL\u010cIAI: \u0160VELNUS U\u017dSIDARYMAS \u2013 METALIN\u0116 D\u0116\u017dUT\u0116 + STABDYS<br \/>\n\u00a0<br \/>\nSistemos parametrai:<br \/>\nModelio pavadinimas: Vita<br \/>\nBald\u0173 sistema: Klasikin\u0117 linija<br \/>\nKorpuso spalva: balta<br \/>\nVir\u0161utin\u0117s spintel\u0117s priekin\u0117s dalies spalva: blizgi balta<br \/>\nApatin\u0117s spintel\u0117s priekin\u0117s dalies spalva: blizgi balta<br \/>\nCokolio spalva: balta<br \/>\nPriekin\u0117 med\u017eiaga: 16 mm akrilo laminuota plok\u0161t\u0117<br \/>\nKorpuso med\u017eiaga: 16 mm laminuota plok\u0161t\u0117<br \/>\nCokolin\u0117 med\u017eiaga: 16 mm laminuota plok\u0161t\u0117<br \/>\nStalvir\u0161is \u012fskai\u010diuotas: neparduodamas atskirai.<br \/>\nRankenos: metalin\u0117s<br \/>\n\u0160velnus u\u017edarymas: taip<br \/>\nVir\u0161utini\u0173 spinteli\u0173 auk\u0161tis [mm]: 720<br \/>\nVir\u0161utini\u0173 spinteli\u0173 gylis be fasad\u0173 [mm]: 288<br \/>\nApatini\u0173 spinteli\u0173 auk\u0161tis [mm]: 820<br \/>\nApatini\u0173 spinteli\u0173 be fasad\u0173 gylis [mm]: 446<br \/>\nNuotraukoje matom\u0105 komplekt\u0105 u\u017e nurodyt\u0105 kain\u0105 sudaro \u0161ios spintel\u0117s:<br \/>\nApatin\u0117s spintel\u0117s be stalvir\u0161io:<br \/>\nG40 P\/3 \u2013 40 cm stal\u010diai<br \/>\nD80ZL ZA\u015aL \u2013 80 cm po kriaukle<br \/>\nD80 \u2013 80 cm<br \/>\nD60 D\/K \u2013 60 cm<br \/>\nVir\u0161utin\u0117s spintel\u0117s:<br \/>\nW40 D\/K \u2013 40 cm<br \/>\nP80\u201380 cm<br \/>\nWS80N \u2013 80 cm vitrina<br \/>\nW60 D\/K \u2013 60 cm<\/p>","protected":false},"excerpt":{"rendered":"<p>Virtuv\u0117s specifikacija \u2013 balta blizgi | Virtuv\u0117s stilius \u2013 modernus | Fasado tipas: Laminuota plok\u0161t\u0117 \/ MDF \/ Lakuota laminuota akrilin\u0117 plok\u0161t\u0117 | Matmenys: gylis [cm]&gt;28,8; vir\u0161utinis gylis be stalvir\u0161io [cm]&gt;44,6; gylis su stalvir\u0161iu [cm]&gt;60; plotis [cm]&gt;260; auk\u0161tis [cm]&gt;72; vir\u0161utinis auk\u0161tis be stalvir\u0161io [cm]&gt;82; auk\u0161tis su stalvir\u0161iu [cm]&gt;84,8<\/p>","protected":false},"featured_media":191442,"comment_status":"open","ping_status":"open","template":"","meta":[],"product_brand":[],"product_cat":[1932,2822],"product_tag":[],"class_list":{"0":"post-191441","1":"product","2":"type-product","3":"status-publish","4":"has-post-thumbnail","6":"product_cat-kitchen-sets","7":"product_cat-stolkar","9":"first","10":"instock","11":"purchasable","12":"product-type-simple"},"_links":{"self":[{"href":"https:\/\/baldumarket.lt\/lt\/wp-json\/wp\/v2\/product\/191441","targetHints":{"allow":["GET"]}}],"collection":[{"href":"https:\/\/baldumarket.lt\/lt\/wp-json\/wp\/v2\/product"}],"about":[{"href":"https:\/\/baldumarket.lt\/lt\/wp-json\/wp\/v2\/types\/product"}],"replies":[{"embeddable":true,"href":"https:\/\/baldumarket.lt\/lt\/wp-json\/wp\/v2\/comments?post=191441"}],"wp:featuredmedia":[{"embeddable":true,"href":"https:\/\/baldumarket.lt\/lt\/wp-json\/wp\/v2\/media\/191442"}],"wp:attachment":[{"href":"https:\/\/baldumarket.lt\/lt\/wp-json\/wp\/v2\/media?parent=191441"}],"wp:term":[{"taxonomy":"product_brand","embeddable":true,"href":"https:\/\/baldumarket.lt\/lt\/wp-json\/wp\/v2\/product_brand?post=191441"},{"taxonomy":"product_cat","embeddable":true,"href":"https:\/\/baldumarket.lt\/lt\/wp-json\/wp\/v2\/product_cat?post=191441"},{"taxonomy":"product_tag","embeddable":true,"href":"https:\/\/baldumarket.lt\/lt\/wp-json\/wp\/v2\/product_tag?post=191441"}],"curies":[{"name":"wp","href":"https:\/\/api.w.org\/{rel}","templated":true}]}}