{"id":191354,"date":"2025-12-22T21:54:58","date_gmt":"2025-12-22T18:54:58","guid":{"rendered":"https:\/\/baldumarket.lt\/product\/zestaw-mebli-kuchennych-narozny-200-260-cm-kuchnia-narozna-gianna\/"},"modified":"2026-02-03T23:25:10","modified_gmt":"2026-02-03T20:25:10","slug":"zestaw-mebli-kuchennych-narozny-200-260-cm-kuchnia-narozna-gianna","status":"publish","type":"product","link":"https:\/\/baldumarket.lt\/lt\/product\/zestaw-mebli-kuchennych-narozny-200-260-cm-kuchnia-narozna-gianna\/","title":{"rendered":"Kampinis virtuv\u0117s bald\u0173 komplektas 200\/260 cm Gianna kampin\u0117 virtuv\u0117"},"content":{"rendered":"<p>\u201eGianna\u201c virtuv\u0117je dera elegancija ir modernus dizainas, puikiai papildydama minimalistin\u012f interjer\u0105. Galima rinktis i\u0161 Aliaskos baltos spalvos su \u201eArtisan Oak\u201c korpusu, sukuriant harmoning\u0105 \u0161viesi\u0173 ir nat\u016brali\u0173 atspalvi\u0173 kompozicij\u0105. Komplekt\u0105 sudaro spintel\u0117s be stalvir\u0161i\u0173:<br \/>\n80 cm apatin\u0117 spintel\u0117 su dviem fasadais (D80)<br \/>\n60 cm apatin\u0117 spintel\u0117 \u012fmontuojamai orkaitei (DK60)<br \/>\n60 cm apatin\u0117 spintel\u0117 su vienu priekiu ir vienu stal\u010diumi (D60S\/1 R\/L)<br \/>\nkampin\u0117 apatin\u0117 spintel\u0117 su vienu priekiu (DNP R\/L)<br \/>\n80 cm apatin\u0117 spintel\u0117 kriauklei su dviem fasadais (D80ZL)<br \/>\napatin\u0117 spintel\u0117 su krovininiu krep\u0161iu (D20 CARGO + BASKET)<br \/>\n80 cm vir\u0161utin\u0117 spintel\u0117 su dviem fasadais (W80)<br \/>\n60 cm vir\u0161utin\u0117 spintel\u0117 su vienu priekiu (P60 R\/K)<br \/>\n45 cm vir\u0161utin\u0117 spintel\u0117 su vienu priekiu (P45 R\/K)<br \/>\nVirtuv\u0117s spalvos:<br \/>\nPRIEKIN\u0116: Aliaskos balta<br \/>\nKORPUSAS: \u0105\u017euolas \u201eArtisan\u201c<br \/>\nSTALVIR\u0160IS: be stalvir\u0161io<br \/>\nRANKENA: juodas plastikas<br \/>\nAPATINIS SPINTELI\u0172 ATSTOVYB\u0116S: 446 mm \u2013 tvirtinimo kojel\u0117s<br \/>\nVYRIS: be \u0161velnaus u\u017edarymo<br \/>\nSTAL\u010cIAI \u2013 ritininis kreiptuvas<br \/>\n\u00a0<br \/>\nSistemos parametrai:<br \/>\nModelio vardas: Gianna<br \/>\nBald\u0173 sistema: \u201eCosmo Design\u201c<br \/>\nPriekin\u0117 med\u017eiaga: 16 mm laminuota plok\u0161t\u0117<br \/>\nKorpuso med\u017eiaga: 16 mm laminuota plok\u0161t\u0117<br \/>\nCokolin\u0117 med\u017eiaga: 16 mm laminuota plok\u0161t\u0117<br \/>\nPVC priekinis kra\u0161tas, atitinkantis fasadus<br \/>\nStalvir\u0161is komplekte: ne, parduodamas atskirai<br \/>\nRankenos: juodas plastikas<br \/>\n\u0160velnus u\u017edarymas: ne<br \/>\nVir\u0161utini\u0173 spinteli\u0173 auk\u0161tis [mm]: 720<br \/>\nVir\u0161utini\u0173 spinteli\u0173 gylis be fasad\u0173 [mm]: 288<br \/>\nApatini\u0173 spinteli\u0173 auk\u0161tis [mm]: 820<br \/>\nApatini\u0173 spinteli\u0173 be fasad\u0173 gylis [mm]: 446<br \/>\n\u00a0<br \/>\nPrie spintel\u0117s pridedamas pagrindas ir pagrindiniai surinkimo priedai. Apatin\u0117s spintel\u0117s tiekiamos be stalvir\u0161io. \u0160iai kolekcijai skirtas stalvir\u0161is yra juodo akmens spalvos.<br \/>\n\u00a0<\/p>","protected":false},"excerpt":{"rendered":"<p>Matmenys: plotis [cm]&gt;200\u2013260 auk\u0161tis [cm]&gt;72 vir\u0161utin\u0117s dalies auk\u0161tis be stalvir\u0161io [cm]&gt;82 auk\u0161tis su stalvir\u0161iu [cm]&gt;84,8 gylis [cm]&gt;28,8 vir\u0161utin\u0117s dalies gylis be stalvir\u0161io [cm]&gt;44,6 gylis su stalvir\u0161iu [cm]&gt;60 | Virtuv\u0117s specifikacijos: | Virtuv\u0117s specifikacijos \u2013 matin\u0117 balta | Virtuv\u0117s stilius \u2013 modernus | Fasado tipas: Laminuota plok\u0161t\u0117 \/ MDF \/ Lakuota laminuota plok\u0161t\u0117 Spintel\u0117s i\u0161d\u0117stymas \/ atidarymo b\u016bdas<br \/>\nuniversal\u016bs fasadai<\/p>","protected":false},"featured_media":191355,"comment_status":"open","ping_status":"open","template":"","meta":[],"product_brand":[],"product_cat":[1932,2822],"product_tag":[],"class_list":{"0":"post-191354","1":"product","2":"type-product","3":"status-publish","4":"has-post-thumbnail","6":"product_cat-kitchen-sets","7":"product_cat-stolkar","9":"first","10":"instock","11":"purchasable","12":"product-type-simple"},"_links":{"self":[{"href":"https:\/\/baldumarket.lt\/lt\/wp-json\/wp\/v2\/product\/191354","targetHints":{"allow":["GET"]}}],"collection":[{"href":"https:\/\/baldumarket.lt\/lt\/wp-json\/wp\/v2\/product"}],"about":[{"href":"https:\/\/baldumarket.lt\/lt\/wp-json\/wp\/v2\/types\/product"}],"replies":[{"embeddable":true,"href":"https:\/\/baldumarket.lt\/lt\/wp-json\/wp\/v2\/comments?post=191354"}],"wp:featuredmedia":[{"embeddable":true,"href":"https:\/\/baldumarket.lt\/lt\/wp-json\/wp\/v2\/media\/191355"}],"wp:attachment":[{"href":"https:\/\/baldumarket.lt\/lt\/wp-json\/wp\/v2\/media?parent=191354"}],"wp:term":[{"taxonomy":"product_brand","embeddable":true,"href":"https:\/\/baldumarket.lt\/lt\/wp-json\/wp\/v2\/product_brand?post=191354"},{"taxonomy":"product_cat","embeddable":true,"href":"https:\/\/baldumarket.lt\/lt\/wp-json\/wp\/v2\/product_cat?post=191354"},{"taxonomy":"product_tag","embeddable":true,"href":"https:\/\/baldumarket.lt\/lt\/wp-json\/wp\/v2\/product_tag?post=191354"}],"curies":[{"name":"wp","href":"https:\/\/api.w.org\/{rel}","templated":true}]}}