{"id":191349,"date":"2025-12-22T21:54:51","date_gmt":"2025-12-22T18:54:51","guid":{"rendered":"https:\/\/baldumarket.lt\/product\/zestaw-mebli-kuchennych-200-cm-kuchnia-gianna\/"},"modified":"2026-02-03T23:25:10","modified_gmt":"2026-02-03T20:25:10","slug":"zestaw-mebli-kuchennych-200-cm-kuchnia-gianna","status":"publish","type":"product","link":"https:\/\/baldumarket.lt\/lt\/product\/zestaw-mebli-kuchennych-200-cm-kuchnia-gianna\/","title":{"rendered":"Virtuv\u0117s bald\u0173 komplektas 200 cm Gianna virtuv\u0117"},"content":{"rendered":"<p>\u201eGianna\u201c virtuv\u0117je dera elegancija ir modernus dizainas, puikiai papildydama minimalistin\u012f interjer\u0105. Galima rinktis i\u0161 Aliaskos baltos spalvos su \u201eArtisan Oak\u201c korpusu, sukuriant harmoning\u0105 \u0161viesi\u0173 ir nat\u016brali\u0173 atspalvi\u0173 kompozicij\u0105. Komplekt\u0105 sudaro spintel\u0117s be stalvir\u0161i\u0173:<br \/>\n80 cm apatin\u0117 spintel\u0117 kriauklei su dviem fasadais (D80ZL)<br \/>\n60 cm apatin\u0117 spintel\u0117 su vienu priekiu ir vienu stal\u010diumi (D60S\/1 R\/L)<br \/>\n60 cm apatin\u0117 spintel\u0117 \u012fmontuojamai orkaitei (DK60)<br \/>\n80 cm vir\u0161utin\u0117 spintel\u0117 su dviem fasadais (W80)<br \/>\n60 cm vir\u0161utin\u0117 spintel\u0117 su vienu \u012f vir\u0161\u0173 atsidaran\u010diu priekiu (W60OKGR)<br \/>\n60 cm vir\u0161utin\u0117 spintel\u0117 su vienu priekiu (P60 R\/K)<br \/>\n200 cm stalvir\u0161is juodo akmens spalvos, 2,8 cm \u2013 325 PLN<br \/>\nVirtuv\u0117s spalvos:<br \/>\nPRIEKIN\u0116: Aliaskos balta<br \/>\nKORPUSAS: Artisan \u0105\u017euolas<br \/>\nSTALVIR\u0160IS: n\u0117ra stalvir\u0161io<br \/>\nRANKENA: juodas plastikas<br \/>\nAPA\u010cIN\u0116S SPINTEL\u0116S: 446 mm \u2013 kojeli\u0173 surinkimas<br \/>\nVYRIS: be \u0161velnaus u\u017edarymo<br \/>\nSTAL\u010cIAI \u2013 ritininis kreiptuvas<br \/>\nSistemos parametrai:<br \/>\nModelio vardas: Gianna<br \/>\nBald\u0173 sistema: \u201eCosmo Design\u201c<br \/>\nPriekin\u0117 med\u017eiaga: 16 mm laminuota plok\u0161t\u0117<br \/>\nKorpuso med\u017eiaga: 16 mm laminuota plok\u0161t\u0117<br \/>\nCokolin\u0117 med\u017eiaga: 16 mm laminuota plok\u0161t\u0117<br \/>\nPVC priekinis kra\u0161tas, atitinkantis priekin\u0117s dalies spalv\u0105<br \/>\nVir\u0161utin\u0117 dalis komplekte: ne, parduodama atskirai<br \/>\nRankenos: juodas plastikas<br \/>\n\u0160velnus u\u017edarymas: ne<br \/>\nVir\u0161utini\u0173 spinteli\u0173 auk\u0161tis [mm]: 720<br \/>\nVir\u0161utini\u0173 spinteli\u0173 gylis be fasad\u0173 [mm]: 288<br \/>\nApatini\u0173 spinteli\u0173 auk\u0161tis [mm]: 820<br \/>\nApatini\u0173 spinteli\u0173 be fasad\u0173 gylis [mm]: 446<br \/>\nPrie spintel\u0117s pridedamas cokolis, pagrindiniai surinkimo priedai. Apatin\u0117s spintel\u0117s be stalvir\u0161io. Kolekcijai skirtas juodos spalvos \u201eRock\u201c stalvir\u0161is.<br \/>\n\u00a0<\/p>","protected":false},"excerpt":{"rendered":"<p>Matmenys: plotis [cm]&gt;200 auk\u0161tis [cm]&gt;72 vir\u0161utin\u0117s dalies auk\u0161tis be stalvir\u0161io [cm]&gt;82 auk\u0161tis su stalvir\u0161iu [cm]&gt;84,8 gylis [cm]&gt;28,8 vir\u0161utin\u0117s dalies gylis be stalvir\u0161io [cm]&gt;44,6 gylis su stalvir\u0161iu [cm]&gt;60 | Virtuv\u0117s specifikacijos: | Virtuv\u0117s specifikacijos \u2013 matin\u0117 balta | Virtuv\u0117s stilius \u2013 modernus | Fasado tipas: Laminuota plok\u0161t\u0117 \/ MDF \/ Lakuota laminuota plok\u0161t\u0117 Spintel\u0117s i\u0161d\u0117stymas \/ atidarymo b\u016bdas<br \/>\nuniversal\u016bs fasadai<\/p>","protected":false},"featured_media":191350,"comment_status":"open","ping_status":"open","template":"","meta":[],"product_brand":[],"product_cat":[1932,2822],"product_tag":[],"class_list":{"0":"post-191349","1":"product","2":"type-product","3":"status-publish","4":"has-post-thumbnail","6":"product_cat-kitchen-sets","7":"product_cat-stolkar","9":"first","10":"instock","11":"purchasable","12":"product-type-simple"},"_links":{"self":[{"href":"https:\/\/baldumarket.lt\/lt\/wp-json\/wp\/v2\/product\/191349","targetHints":{"allow":["GET"]}}],"collection":[{"href":"https:\/\/baldumarket.lt\/lt\/wp-json\/wp\/v2\/product"}],"about":[{"href":"https:\/\/baldumarket.lt\/lt\/wp-json\/wp\/v2\/types\/product"}],"replies":[{"embeddable":true,"href":"https:\/\/baldumarket.lt\/lt\/wp-json\/wp\/v2\/comments?post=191349"}],"wp:featuredmedia":[{"embeddable":true,"href":"https:\/\/baldumarket.lt\/lt\/wp-json\/wp\/v2\/media\/191350"}],"wp:attachment":[{"href":"https:\/\/baldumarket.lt\/lt\/wp-json\/wp\/v2\/media?parent=191349"}],"wp:term":[{"taxonomy":"product_brand","embeddable":true,"href":"https:\/\/baldumarket.lt\/lt\/wp-json\/wp\/v2\/product_brand?post=191349"},{"taxonomy":"product_cat","embeddable":true,"href":"https:\/\/baldumarket.lt\/lt\/wp-json\/wp\/v2\/product_cat?post=191349"},{"taxonomy":"product_tag","embeddable":true,"href":"https:\/\/baldumarket.lt\/lt\/wp-json\/wp\/v2\/product_tag?post=191349"}],"curies":[{"name":"wp","href":"https:\/\/api.w.org\/{rel}","templated":true}]}}