{"id":191339,"date":"2025-12-22T21:54:38","date_gmt":"2025-12-22T18:54:38","guid":{"rendered":"https:\/\/baldumarket.lt\/product\/blat-lazienkowy-esme-popiel\/"},"modified":"2026-02-03T23:25:10","modified_gmt":"2026-02-03T20:25:10","slug":"blat-lazienkowy-esme-popiel","status":"publish","type":"product","link":"https:\/\/baldumarket.lt\/lt\/product\/blat-lazienkowy-esme-popiel\/","title":{"rendered":"Esme vonios stalvir\u0161is, pelen\u0173 pilka"},"content":{"rendered":"<p>\u201eEsme\u201c vonios kambarys si\u016blo plat\u0173 variant\u0173 pasirinkim\u0105, \u012fskaitant \u0161e\u0161is skirtingus blokus, leid\u017eian\u010dius sukurti esteti\u0161kai patraukl\u0173 ir itin funkcional\u0173 interjer\u0105 \u2013 vonios kambar\u012f, skalbykl\u0105 ir pagalbin\u0119 patalp\u0105. Galima \u012fsigyti \u012fmontuot\u0173 kriaukl\u0117s spinteli\u0173, praustuv\u0173 spinteli\u0173 ir stal\u010di\u0173 spinteli\u0173. \u201eEsme\u201c vonios kambario baldai lengvai talpina net auk\u0161tus butelius ir pakuotes. Spintel\u0117 su krovininiu krep\u0161iu puikiai tinka skalbiniams arba skalbini\u0173 krep\u0161iams. Stal\u010diai apr\u016bpinti \u0161velnaus u\u017edarymo sistema.<br \/>\n\u201eEsme\u201c modelis \u2013 tai \u0161viesiai pilkos matin\u0117s apdailos vonios kambario kolekcija, pasi\u017eyminti eleganti\u0161ku paprastumu ir universaliu stiliumi. Lyg\u016bs pavir\u0161iai, neu\u017egriozdinti ranken\u0117li\u0173 ir minimalistin\u0117s formos sukuria modern\u0173, harmoning\u0105 vaizd\u0105, kuris lengvai dera prie bet kokio interjero.<br \/>\nParametrai:<br \/>\nMODELIO PAVADINIMAS: Esm\u0117<br \/>\nPRIEKIN\u0116 MED\u017dIAGA: 16 mm laminuota plok\u0161t\u0117<br \/>\nKORPUSO MED\u017dIAGA: 16 mm MDF<br \/>\nRANKENOS: n\u0117ra \u2013 frezuotos<br \/>\n\u0160velniai u\u017esidarantys stal\u010diai: taip<br \/>\nSpalvos:<br \/>\nPRIEKIN\u0116 PUS\u0116: \u0160VIESIAI PILKA MATIN\u0116 FOLIJA<br \/>\nK\u016aNAS: UOSIS<br \/>\n\u201eEsme\u201c uosio vonios stalvir\u0161is, pagamintas i\u0161 laminuotos plok\u0161t\u0117s \u2013 galimi dyd\u017eiai: 40,1\u201360,1\u201380,1\u2013100,1\u2013120,1 \u2013 stalvir\u0161io gylis 46 cm, storis 1,6 cm<br \/>\nStalvir\u0161\u012f galima u\u017esisakyti tik su \u201eEsme\u201c baldais, o ne kaip atskir\u0105 gamin\u012f.<\/p>","protected":false},"excerpt":{"rendered":"<p>Matmenys: plotis [cm] &gt; 40,1 \u2013 60,1 \u2013 80,1 \u2013 100,1 \u2013 120,1 auk\u0161tis [cm] &gt; 1,6 gylis [cm] &gt; 46<\/p>","protected":false},"featured_media":191340,"comment_status":"open","ping_status":"open","template":"","meta":[],"product_brand":[],"product_cat":[1043,2822],"product_tag":[],"class_list":{"0":"post-191339","1":"product","2":"type-product","3":"status-publish","4":"has-post-thumbnail","6":"product_cat-extras","7":"product_cat-stolkar","9":"first","10":"instock","11":"purchasable","12":"product-type-simple"},"_links":{"self":[{"href":"https:\/\/baldumarket.lt\/lt\/wp-json\/wp\/v2\/product\/191339","targetHints":{"allow":["GET"]}}],"collection":[{"href":"https:\/\/baldumarket.lt\/lt\/wp-json\/wp\/v2\/product"}],"about":[{"href":"https:\/\/baldumarket.lt\/lt\/wp-json\/wp\/v2\/types\/product"}],"replies":[{"embeddable":true,"href":"https:\/\/baldumarket.lt\/lt\/wp-json\/wp\/v2\/comments?post=191339"}],"wp:featuredmedia":[{"embeddable":true,"href":"https:\/\/baldumarket.lt\/lt\/wp-json\/wp\/v2\/media\/191340"}],"wp:attachment":[{"href":"https:\/\/baldumarket.lt\/lt\/wp-json\/wp\/v2\/media?parent=191339"}],"wp:term":[{"taxonomy":"product_brand","embeddable":true,"href":"https:\/\/baldumarket.lt\/lt\/wp-json\/wp\/v2\/product_brand?post=191339"},{"taxonomy":"product_cat","embeddable":true,"href":"https:\/\/baldumarket.lt\/lt\/wp-json\/wp\/v2\/product_cat?post=191339"},{"taxonomy":"product_tag","embeddable":true,"href":"https:\/\/baldumarket.lt\/lt\/wp-json\/wp\/v2\/product_tag?post=191339"}],"curies":[{"name":"wp","href":"https:\/\/api.w.org\/{rel}","templated":true}]}}