{"id":191337,"date":"2025-12-22T21:54:32","date_gmt":"2025-12-22T18:54:32","guid":{"rendered":"https:\/\/baldumarket.lt\/product\/zestaw-lazienkowy-tamara-dab-zloty\/"},"modified":"2026-02-03T23:25:10","modified_gmt":"2026-02-03T20:25:10","slug":"zestaw-lazienkowy-tamara-dab-zloty","status":"publish","type":"product","link":"https:\/\/baldumarket.lt\/lt\/product\/zestaw-lazienkowy-tamara-dab-zloty\/","title":{"rendered":"Tamara auksinio \u0105\u017euolo vonios kambario komplektas"},"content":{"rendered":"<p>\u201eTamara\u201c vonios kambarys si\u016blo plat\u0173 variant\u0173 pasirinkim\u0105, \u012fskaitant \u0161e\u0161is skirtingus blokus, leid\u017eian\u010dius sukurti esteti\u0161kai patraukl\u0173 ir itin funkcional\u0173 interjer\u0105 \u2013 vonios kambar\u012f, skalbykl\u0105 ir pagalbin\u0119 patalp\u0105. Galimi variantai: \u012fmontuotos kriaukl\u0117s spintel\u0117s, praustuvo spintel\u0117s ir stal\u010di\u0173 spintel\u0117s. \u201eTamara\u201c vonios kambario baldai lengvai talpina net auk\u0161tus butelius ir pakuotes. Spintel\u0117 su krovininiu krep\u0161iu idealiai tinka kaip skalbini\u0173 krep\u0161ys arba skalbini\u0173 krep\u0161ys. Stal\u010diai apr\u016bpinti \u0161velnaus u\u017edarymo sistema. Parametrai:<br \/>\nMODELIO PAVADINIMAS: Tamara<br \/>\nPRIEKIN\u0116 MED\u017dIAGA: 16 mm laminuota plok\u0161t\u0117<br \/>\nKORPUSO MED\u017dIAGA: 16 mm laminuota plok\u0161t\u0117<br \/>\nRANKENOS: juodos, pritvirtintos prie kra\u0161t\u0173<br \/>\n\u0160velniai u\u017esidarantys stal\u010diai: taip<br \/>\nSpalvos:<br \/>\nPRIEKIN\u0116 PUS\u0116: AUKSINIS \u0104\u017dUOLAS<br \/>\nKORPUSAS: AUKSINIS \u0104\u017dUOLAS<br \/>\n\u012e rinkin\u012f \u012feina:<br \/>\nTamara DUM 60 S\/2 vonios spintel\u0117 su stal\u010diais 60 cm \u2013 spintel\u0117 + 60 cm stalvir\u0161is (matmenys be fasad\u0173)<br \/>\nTamara D40 P\/L vonios spintel\u0117 40 cm su priekiu \u2013 spintel\u0117 + 40 cm stalvir\u0161is (matmenys be fasad\u0173)<br \/>\nTamara W35S\u0141 D2 P\/L kolonin\u0117 spintel\u0117 30 cm (matmenys be fasad\u0173)<br \/>\nVeidrodis, kriaukl\u0117, mai\u0161ytuvas ir kiti dizaino elementai \u012f kain\u0105 ne\u012fskai\u010diuoti.<\/p>","protected":false},"excerpt":{"rendered":"<p>#VALUE!<\/p>","protected":false},"featured_media":191338,"comment_status":"open","ping_status":"open","template":"","meta":[],"product_brand":[],"product_cat":[1932,2822],"product_tag":[],"class_list":{"0":"post-191337","1":"product","2":"type-product","3":"status-publish","4":"has-post-thumbnail","6":"product_cat-kitchen-sets","7":"product_cat-stolkar","9":"first","10":"instock","11":"purchasable","12":"product-type-simple"},"_links":{"self":[{"href":"https:\/\/baldumarket.lt\/lt\/wp-json\/wp\/v2\/product\/191337","targetHints":{"allow":["GET"]}}],"collection":[{"href":"https:\/\/baldumarket.lt\/lt\/wp-json\/wp\/v2\/product"}],"about":[{"href":"https:\/\/baldumarket.lt\/lt\/wp-json\/wp\/v2\/types\/product"}],"replies":[{"embeddable":true,"href":"https:\/\/baldumarket.lt\/lt\/wp-json\/wp\/v2\/comments?post=191337"}],"wp:featuredmedia":[{"embeddable":true,"href":"https:\/\/baldumarket.lt\/lt\/wp-json\/wp\/v2\/media\/191338"}],"wp:attachment":[{"href":"https:\/\/baldumarket.lt\/lt\/wp-json\/wp\/v2\/media?parent=191337"}],"wp:term":[{"taxonomy":"product_brand","embeddable":true,"href":"https:\/\/baldumarket.lt\/lt\/wp-json\/wp\/v2\/product_brand?post=191337"},{"taxonomy":"product_cat","embeddable":true,"href":"https:\/\/baldumarket.lt\/lt\/wp-json\/wp\/v2\/product_cat?post=191337"},{"taxonomy":"product_tag","embeddable":true,"href":"https:\/\/baldumarket.lt\/lt\/wp-json\/wp\/v2\/product_tag?post=191337"}],"curies":[{"name":"wp","href":"https:\/\/api.w.org\/{rel}","templated":true}]}}