{"id":191332,"date":"2025-12-22T21:54:22","date_gmt":"2025-12-22T18:54:22","guid":{"rendered":"https:\/\/baldumarket.lt\/product\/zestaw-lazienkowy-elodie-czarny-mat\/"},"modified":"2026-02-03T23:25:11","modified_gmt":"2026-02-03T20:25:11","slug":"zestaw-lazienkowy-elodie-czarny-mat","status":"publish","type":"product","link":"https:\/\/baldumarket.lt\/lt\/product\/zestaw-lazienkowy-elodie-czarny-mat\/","title":{"rendered":"Elodie vonios kambario komplektas, matin\u0117s juodos spalvos"},"content":{"rendered":"<p>\u201eElodie\u201c vonios kambario balduose gausu variant\u0173, \u012fskaitant 6 skirtingus \u012frenginius, leid\u017eian\u010dius sukurti esteti\u0161kai patraukl\u0173 ir itin funkcional\u0173 interjer\u0105 \u2013 vonios kambar\u012f, skalbykl\u0105 ir pagalbin\u0119 patalp\u0105. Galimi variantai: \u012fmontuotos kriaukl\u0117s spintel\u0117s, praustuvo spintel\u0117s ir stal\u010di\u0173 spintel\u0117s. \u201eElodie\u201c vonios kambario baldai lengvai talpina net auk\u0161tus butelius ir pakuotes. Spintel\u0117 su krovininiu krep\u0161iu idealiai tinka kaip skalbini\u0173 krep\u0161ys arba skalbini\u0173 krep\u0161ys. Stal\u010diai apr\u016bpinti \u0161velnaus u\u017edarymo sistema. Parametrai:<br \/>\nMODELIO PAVADINIMAS: Elodie<br \/>\nPRIEKIN\u0116 MED\u017dIAGA: 16 mm MDF<br \/>\nKORPUSO MED\u017dIAGA: 16 mm laminuota plok\u0161t\u0117<br \/>\nRANKENOS: juodais kra\u0161tais<br \/>\n\u0160velniai u\u017esidarantys stal\u010diai: taip<br \/>\nSpalvos:<br \/>\nPRIEKIN\u0116 PUS\u0116: MATIN\u0116 JUODA FOLIJA<br \/>\nK\u016aNAS: JUODIEJI \u017dIRNIAI<br \/>\n\u012e rinkin\u012f \u012feina:<br \/>\n60 cm vonios spintel\u0117 su Elodie priekiu D60 R\/L \u2013 spintel\u0117 + 60 cm stalvir\u0161is (matmenys be priekio)<br \/>\n40 cm vonios spintel\u0117 su Elodie priekiu D40 R\/L \u2013 spintel\u0117 + 40 cm stalvir\u0161is (matmenys be priekio)<br \/>\n30 cm kolonin\u0117 spintel\u0117 Elodie W35S\u0141 D2 R\/L (matmenys be fasad\u0173)<br \/>\nVeidrodis, kriaukl\u0117, mai\u0161ytuvas ir kiti dizaino elementai \u012f kain\u0105 ne\u012fskai\u010diuoti.<\/p>","protected":false},"excerpt":{"rendered":"<p>#VALUE!<\/p>","protected":false},"featured_media":191333,"comment_status":"open","ping_status":"open","template":"","meta":[],"product_brand":[],"product_cat":[1932,2822],"product_tag":[],"class_list":{"0":"post-191332","1":"product","2":"type-product","3":"status-publish","4":"has-post-thumbnail","6":"product_cat-kitchen-sets","7":"product_cat-stolkar","9":"first","10":"instock","11":"purchasable","12":"product-type-simple"},"_links":{"self":[{"href":"https:\/\/baldumarket.lt\/lt\/wp-json\/wp\/v2\/product\/191332","targetHints":{"allow":["GET"]}}],"collection":[{"href":"https:\/\/baldumarket.lt\/lt\/wp-json\/wp\/v2\/product"}],"about":[{"href":"https:\/\/baldumarket.lt\/lt\/wp-json\/wp\/v2\/types\/product"}],"replies":[{"embeddable":true,"href":"https:\/\/baldumarket.lt\/lt\/wp-json\/wp\/v2\/comments?post=191332"}],"wp:featuredmedia":[{"embeddable":true,"href":"https:\/\/baldumarket.lt\/lt\/wp-json\/wp\/v2\/media\/191333"}],"wp:attachment":[{"href":"https:\/\/baldumarket.lt\/lt\/wp-json\/wp\/v2\/media?parent=191332"}],"wp:term":[{"taxonomy":"product_brand","embeddable":true,"href":"https:\/\/baldumarket.lt\/lt\/wp-json\/wp\/v2\/product_brand?post=191332"},{"taxonomy":"product_cat","embeddable":true,"href":"https:\/\/baldumarket.lt\/lt\/wp-json\/wp\/v2\/product_cat?post=191332"},{"taxonomy":"product_tag","embeddable":true,"href":"https:\/\/baldumarket.lt\/lt\/wp-json\/wp\/v2\/product_tag?post=191332"}],"curies":[{"name":"wp","href":"https:\/\/api.w.org\/{rel}","templated":true}]}}