{"id":191329,"date":"2025-12-22T21:54:18","date_gmt":"2025-12-22T18:54:18","guid":{"rendered":"https:\/\/baldumarket.lt\/product\/blat-lazienkowy-elodie-czarny-mat\/"},"modified":"2026-02-03T23:25:11","modified_gmt":"2026-02-03T20:25:11","slug":"blat-lazienkowy-elodie-czarny-mat","status":"publish","type":"product","link":"https:\/\/baldumarket.lt\/lt\/product\/blat-lazienkowy-elodie-czarny-mat\/","title":{"rendered":"Elodie vonios stalvir\u0161is, matin\u0117s juodos spalvos"},"content":{"rendered":"<p>\u201eElodie\u201c vonios kambario balduose gausu variant\u0173, \u012fskaitant 6 skirtingus \u012frenginius, leid\u017eian\u010dius sukurti esteti\u0161kai patraukl\u0173 ir itin funkcional\u0173 interjer\u0105 \u2013 vonios kambar\u012f, skalbykl\u0105 ir pagalbin\u0119 patalp\u0105. Galimi variantai: \u012fmontuotos kriaukl\u0117s spintel\u0117s, praustuvo spintel\u0117s ir stal\u010di\u0173 spintel\u0117s. \u201eElodie\u201c vonios kambario baldai lengvai talpina net auk\u0161tus butelius ir pakuotes. Spintel\u0117 su krovininiu krep\u0161iu idealiai tinka kaip skalbini\u0173 krep\u0161ys arba skalbini\u0173 krep\u0161ys. Stal\u010diai apr\u016bpinti \u0161velnaus u\u017edarymo sistema. Parametrai:<br \/>\nMODELIO PAVADINIMAS: Elodie<br \/>\nPRIEKIN\u0116 MED\u017dIAGA: 16 mm MDF<br \/>\nKORPUSO MED\u017dIAGA: 16 mm laminuota plok\u0161t\u0117<br \/>\nRANKENOS: juodais kra\u0161tais<br \/>\n\u0160velniai u\u017esidarantys stal\u010diai: taip<br \/>\nSpalvos:<br \/>\nPRIEKIN\u0116 PUS\u0116: MATIN\u0116 JUODA FOLIJA<br \/>\nK\u016aNAS: JUODIEJI \u017dIRNIAI<br \/>\nElodie black peas vonios stalvir\u0161is pagamintas i\u0161 laminuotos plok\u0161t\u0117s \u2013 galimi dyd\u017eiai: 40,1 \u2013 60,1 \u2013 80,1 \u2013 100,1 \u2013 120,1 \u2013 stalvir\u0161io gylis 46 cm ir storis 1,6 cm<br \/>\nStalvir\u0161\u012f galima u\u017esisakyti tik su \u201eElodie\u201c baldais, o ne kaip atskir\u0105 gamin\u012f.<\/p>","protected":false},"excerpt":{"rendered":"<p>Matmenys: plotis [cm] &gt; 40,1 \u2013 60,1 \u2013 80,1 \u2013 100,1 \u2013 120,1 auk\u0161tis [cm] &gt; 1,6 gylis [cm] &gt; 46<\/p>","protected":false},"featured_media":191330,"comment_status":"open","ping_status":"open","template":"","meta":[],"product_brand":[],"product_cat":[1043,2822],"product_tag":[],"class_list":{"0":"post-191329","1":"product","2":"type-product","3":"status-publish","4":"has-post-thumbnail","6":"product_cat-extras","7":"product_cat-stolkar","9":"first","10":"instock","11":"purchasable","12":"product-type-simple"},"_links":{"self":[{"href":"https:\/\/baldumarket.lt\/lt\/wp-json\/wp\/v2\/product\/191329","targetHints":{"allow":["GET"]}}],"collection":[{"href":"https:\/\/baldumarket.lt\/lt\/wp-json\/wp\/v2\/product"}],"about":[{"href":"https:\/\/baldumarket.lt\/lt\/wp-json\/wp\/v2\/types\/product"}],"replies":[{"embeddable":true,"href":"https:\/\/baldumarket.lt\/lt\/wp-json\/wp\/v2\/comments?post=191329"}],"wp:featuredmedia":[{"embeddable":true,"href":"https:\/\/baldumarket.lt\/lt\/wp-json\/wp\/v2\/media\/191330"}],"wp:attachment":[{"href":"https:\/\/baldumarket.lt\/lt\/wp-json\/wp\/v2\/media?parent=191329"}],"wp:term":[{"taxonomy":"product_brand","embeddable":true,"href":"https:\/\/baldumarket.lt\/lt\/wp-json\/wp\/v2\/product_brand?post=191329"},{"taxonomy":"product_cat","embeddable":true,"href":"https:\/\/baldumarket.lt\/lt\/wp-json\/wp\/v2\/product_cat?post=191329"},{"taxonomy":"product_tag","embeddable":true,"href":"https:\/\/baldumarket.lt\/lt\/wp-json\/wp\/v2\/product_tag?post=191329"}],"curies":[{"name":"wp","href":"https:\/\/api.w.org\/{rel}","templated":true}]}}