{"id":191233,"date":"2025-12-22T21:51:55","date_gmt":"2025-12-22T18:51:55","guid":{"rendered":"https:\/\/baldumarket.lt\/product\/zestaw-mebli-kuchennych-200-cm-kuchnia-isabel\/"},"modified":"2026-02-03T23:25:12","modified_gmt":"2026-02-03T20:25:12","slug":"zestaw-mebli-kuchennych-200-cm-kuchnia-isabel","status":"publish","type":"product","link":"https:\/\/baldumarket.lt\/lt\/product\/zestaw-mebli-kuchennych-200-cm-kuchnia-isabel\/","title":{"rendered":"Virtuv\u0117s bald\u0173 komplektas 200 cm virtuv\u0117 Isabel"},"content":{"rendered":"<p>\u201eIsabel\u201c virtuv\u0117 spinduliuoja rafinuotu \u017eavesiu, kur\u012f pabr\u0117\u017eia minimalistinis dizainas, tod\u0117l ji yra ne tik maisto gaminimo erdv\u0117, bet ir tikra ramyb\u0117s bei gro\u017eio oaz\u0117 bet kuriuose namuose. Komplekt\u0105 sudaro spintel\u0117s be stalvir\u0161i\u0173:<br \/>\n80 cm apatin\u0117 spintel\u0117 kriauklei su dviem fasadais (D80ZL)<br \/>\n60 cm apatin\u0117 spintel\u0117 su vienu priekiu ir vienu stal\u010diumi (D60S\/1 P\/L)<br \/>\n60 cm apatin\u0117 spintel\u0117 \u012fmontuojamai orkaitei (DK60)<br \/>\n80 cm vir\u0161utin\u0117 spintel\u0117 su dviem fasadais (W80)<br \/>\n60 cm vir\u0161utin\u0117 spintel\u0117 su vienu \u012f vir\u0161\u0173 atsidaran\u010diu priekiu (W60OKGR)<br \/>\n60 cm vir\u0161utin\u0117 spintel\u0117 su vienu priekiu (P60 P\/L)<br \/>\nVirtuv\u0117s spalvos:<br \/>\nPRIEKIN\u0116 PUS\u0116: pelen\u0173\/\u0161viesiai pilka matin\u0117 arba juod\u0173 \u017eirni\u0173 gr\u016bdeli\u0173 matin\u0117 (por\u0117ta strukt\u016bra)<br \/>\nKORPUSAS: \u0105\u017euolas<br \/>\nSTALVIR\u0160IS: n\u0117ra stalvir\u0161io<br \/>\nRANKENA: be frezavimo<br \/>\nAPA\u010cIN\u0116S SPINTEL\u0116S: 446 mm \u2013 tvirtinimo kojel\u0117s<br \/>\nVYRIS: be tylaus u\u017edarymo<br \/>\nSTAL\u010cIAI \u2013 ritininis kreiptuvas<br \/>\nSistemos parametrai:<br \/>\nModelio vardas: Izabel\u0117<br \/>\nBald\u0173 sistema: \u201eCosmo Design\u201c<br \/>\nPriekin\u0117 med\u017eiaga: 16 mm MDF folija<br \/>\nKorpuso med\u017eiaga: 16 mm laminuota plok\u0161t\u0117<br \/>\nCokolin\u0117 med\u017eiaga: 16 mm laminuota plok\u0161t\u0117<br \/>\nPVC priekinis kra\u0161tas, atitinkantis priekin\u0117s dalies spalv\u0105<br \/>\nVir\u0161utin\u0117 dalis komplekte: ne, parduodama atskirai<br \/>\nRankenos: n\u0117ra, frezuotos<br \/>\n\u0160velnus u\u017edarymas: ne<br \/>\nVir\u0161utini\u0173 spinteli\u0173 auk\u0161tis [mm]: 720<br \/>\nVir\u0161utini\u0173 spinteli\u0173 gylis be fasad\u0173 [mm]: 288<br \/>\nApatini\u0173 spinteli\u0173 auk\u0161tis [mm]: 820<br \/>\nApatini\u0173 spinteli\u0173 be fasad\u0173 gylis [mm]: 446<br \/>\nCokolis \u012feina \u012f spintel\u0117s komplekt\u0105, pagrindiniai surinkimo priedai yra komplekte. Apatin\u0117s spintel\u0117s be stalvir\u0161io. Kolekcijai skirtas stalvir\u0161is yra juodos arba Petra sm\u0117lio spalvos.<\/p>","protected":false},"excerpt":{"rendered":"<p>Virtuv\u0117s specifikacija \u2013 \u0161viesiai pelen\u0173 pilka arba juodieji \u017eirneliai | Virtuv\u0117s stilius \u2013 modernus | Fasado tipas: laminuota plok\u0161t\u0117 \/ MDF \/ lakuota MDF | Vyri\u0173 \/ stal\u010di\u0173 tipas<br \/>\nneu\u017edarytas | Matmenys: plotis [cm]&gt;200 auk\u0161tis [cm]&gt;72 vir\u0161utinio pavir\u0161iaus auk\u0161tis be stalvir\u0161io [cm]&gt;82 gylis [cm]&gt;28,8 vir\u0161utinio pavir\u0161iaus gylis be stalvir\u0161io [cm]&gt;44,6 gylis su stalvir\u0161iu [cm]&gt;60<\/p>","protected":false},"featured_media":191234,"comment_status":"open","ping_status":"open","template":"","meta":[],"product_brand":[],"product_cat":[1932,2822],"product_tag":[],"class_list":{"0":"post-191233","1":"product","2":"type-product","3":"status-publish","4":"has-post-thumbnail","6":"product_cat-kitchen-sets","7":"product_cat-stolkar","9":"first","10":"instock","11":"purchasable","12":"product-type-simple"},"_links":{"self":[{"href":"https:\/\/baldumarket.lt\/lt\/wp-json\/wp\/v2\/product\/191233","targetHints":{"allow":["GET"]}}],"collection":[{"href":"https:\/\/baldumarket.lt\/lt\/wp-json\/wp\/v2\/product"}],"about":[{"href":"https:\/\/baldumarket.lt\/lt\/wp-json\/wp\/v2\/types\/product"}],"replies":[{"embeddable":true,"href":"https:\/\/baldumarket.lt\/lt\/wp-json\/wp\/v2\/comments?post=191233"}],"wp:featuredmedia":[{"embeddable":true,"href":"https:\/\/baldumarket.lt\/lt\/wp-json\/wp\/v2\/media\/191234"}],"wp:attachment":[{"href":"https:\/\/baldumarket.lt\/lt\/wp-json\/wp\/v2\/media?parent=191233"}],"wp:term":[{"taxonomy":"product_brand","embeddable":true,"href":"https:\/\/baldumarket.lt\/lt\/wp-json\/wp\/v2\/product_brand?post=191233"},{"taxonomy":"product_cat","embeddable":true,"href":"https:\/\/baldumarket.lt\/lt\/wp-json\/wp\/v2\/product_cat?post=191233"},{"taxonomy":"product_tag","embeddable":true,"href":"https:\/\/baldumarket.lt\/lt\/wp-json\/wp\/v2\/product_tag?post=191233"}],"curies":[{"name":"wp","href":"https:\/\/api.w.org\/{rel}","templated":true}]}}