{"id":191121,"date":"2025-12-22T21:49:13","date_gmt":"2025-12-22T18:49:13","guid":{"rendered":"https:\/\/baldumarket.lt\/product\/szafka-dolna-60-cm-pod-plyte-isabel-d60pc-p-l\/"},"modified":"2026-02-03T23:25:13","modified_gmt":"2026-02-03T20:25:13","slug":"szafka-dolna-60-cm-pod-plyte-isabel-d60pc-p-l","status":"publish","type":"product","link":"https:\/\/baldumarket.lt\/lt\/product\/szafka-dolna-60-cm-pod-plyte-isabel-d60pc-p-l\/","title":{"rendered":"60 cm apatin\u0117 spintel\u0117, skirta Isabel D60PC P\/L kaitlentei"},"content":{"rendered":"<p>Isabel virtuv\u0117 spinduliuoja rafinuotu \u017eavesiu, kur\u012f pabr\u0117\u017eia minimalistinis dizainas, tod\u0117l ji yra ne tik maisto gaminimo erdv\u0117, bet ir tikra ramyb\u0117s bei gro\u017eio oaz\u0117 bet kuriuose namuose.<br \/>\nVirtuv\u0117s spalvos:<br \/>\nPRIEKIN\u0116 PUS\u0116: pelen\u0173\/\u0161viesiai pilka matin\u0117 arba juod\u0173j\u0173 \u017eirneli\u0173 matin\u0117 (por\u0117ta strukt\u016bra)<br \/>\nKORPUSAS: \u0105\u017euolas<br \/>\nSTALVIR\u0160IS: n\u0117ra stalvir\u0161io<br \/>\nRANKENA: be frezavimo<br \/>\nAPATINIS SPINTELI\u0172 ATSTOVYB\u0116S: 446 mm \u2013 tvirtinimo kojel\u0117s<br \/>\nVYRIAI: be \u0161velnaus u\u017edarymo<br \/>\nSTAL\u010cIAI \u2013 ritininis kreiptuvas<br \/>\n\u00a0<br \/>\nSistemos parametrai:<br \/>\nModelio vardas: Izabel\u0117<br \/>\nBald\u0173 sistema: \u201eCosmo Design\u201c<br \/>\nPriekin\u0117 med\u017eiaga: 16 mm MDF folija<br \/>\nKorpuso med\u017eiaga: 16 mm laminuota plok\u0161t\u0117<br \/>\nCokolin\u0117 med\u017eiaga: 16 mm laminuota plok\u0161t\u0117<br \/>\nPVC priekinis kra\u0161tas, atitinkantis fasadus<br \/>\n\u012e komplekt\u0105 \u012feina stalvir\u0161is: ne, parduodamas atskirai<br \/>\nRankenos: be frezavimo<br \/>\n\u0160velnus u\u017edarymas: ne<br \/>\nVir\u0161utini\u0173 spinteli\u0173 auk\u0161tis [mm]: 720<br \/>\nVir\u0161utini\u0173 spinteli\u0173 gylis be fasad\u0173 [mm]: 288<br \/>\nApatin\u0117s spintel\u0117s auk\u0161tis [mm]: 820<br \/>\nApatin\u0117s spintel\u0117s gylis be fasad\u0173 [mm]: 446<br \/>\n\u00a0<br \/>\nCokolis \u012feina \u012f spintel\u0117s komplekt\u0105, pagrindiniai surinkimo priedai yra komplekte. Apatin\u0117s spintel\u0117s be stalvir\u0161io. Kolekcijai skirtas stalvir\u0161is yra juodos uolos arba Petra sm\u0117lio spalvos.<br \/>\n\u00a0<\/p>","protected":false},"excerpt":{"rendered":"<p>Virtuv\u0117s specifikacija \u2013 \u0161viesiai pelen\u0173 pilka arba juodieji \u017eirneliai | Virtuv\u0117s stilius \u2013 modernus | Fasado tipas: laminuota plok\u0161t\u0117 \/ MDF \/ lakuota MDF | Vyri\u0173 \/ stal\u010di\u0173 tipas<br \/>\nbe u\u017edarymo mechanizmo | Matmenys: plotis [cm]&gt;60 auk\u0161tis be stalvir\u0161io [cm]&gt;82 gylis be stalvir\u0161io [cm]&gt;44,6<\/p>","protected":false},"featured_media":191122,"comment_status":"open","ping_status":"open","template":"","meta":[],"product_brand":[],"product_cat":[9118,2822],"product_tag":[],"class_list":{"0":"post-191121","1":"product","2":"type-product","3":"status-publish","4":"has-post-thumbnail","6":"product_cat-kitchen-cabinets","7":"product_cat-stolkar","9":"first","10":"instock","11":"purchasable","12":"product-type-simple"},"_links":{"self":[{"href":"https:\/\/baldumarket.lt\/lt\/wp-json\/wp\/v2\/product\/191121","targetHints":{"allow":["GET"]}}],"collection":[{"href":"https:\/\/baldumarket.lt\/lt\/wp-json\/wp\/v2\/product"}],"about":[{"href":"https:\/\/baldumarket.lt\/lt\/wp-json\/wp\/v2\/types\/product"}],"replies":[{"embeddable":true,"href":"https:\/\/baldumarket.lt\/lt\/wp-json\/wp\/v2\/comments?post=191121"}],"wp:featuredmedia":[{"embeddable":true,"href":"https:\/\/baldumarket.lt\/lt\/wp-json\/wp\/v2\/media\/191122"}],"wp:attachment":[{"href":"https:\/\/baldumarket.lt\/lt\/wp-json\/wp\/v2\/media?parent=191121"}],"wp:term":[{"taxonomy":"product_brand","embeddable":true,"href":"https:\/\/baldumarket.lt\/lt\/wp-json\/wp\/v2\/product_brand?post=191121"},{"taxonomy":"product_cat","embeddable":true,"href":"https:\/\/baldumarket.lt\/lt\/wp-json\/wp\/v2\/product_cat?post=191121"},{"taxonomy":"product_tag","embeddable":true,"href":"https:\/\/baldumarket.lt\/lt\/wp-json\/wp\/v2\/product_tag?post=191121"}],"curies":[{"name":"wp","href":"https:\/\/api.w.org\/{rel}","templated":true}]}}