{"id":191057,"date":"2025-12-22T21:47:23","date_gmt":"2025-12-22T18:47:23","guid":{"rendered":"https:\/\/baldumarket.lt\/product\/szafka-60-cm-slupek-pod-piekarnik-anika-d60-pk-2133-p-l\/"},"modified":"2026-02-03T23:25:14","modified_gmt":"2026-02-03T20:25:14","slug":"szafka-60-cm-slupek-pod-piekarnik-anika-d60-pk-2133-p-l","status":"publish","type":"product","link":"https:\/\/baldumarket.lt\/lt\/product\/szafka-60-cm-slupek-pod-piekarnik-anika-d60-pk-2133-p-l\/","title":{"rendered":"60 cm spintel\u0117 orkaitei Anika D60 PK\/2133 P\/L"},"content":{"rendered":"<p>\u201eAnika\u201c virtuv\u0117 \u2013 tai modernaus dizaino ir funkcionalumo derinys. \u201eAnika\u201c subalansuoja modernum\u0105 ir prakti\u0161kum\u0105, derindama patikrintus sprendimus su i\u0161skirtiniu stiliumi.<br \/>\nVirtuv\u0117s spalvos:<br \/>\nPRIEKIN\u0116 dalis: Artisan Oak arba Graphite<br \/>\nKORPUSAS: Grafitas<br \/>\nSTALVIR\u0160IS: Be stalvir\u0161io<br \/>\nRANKENA: plastikas<br \/>\nAPATINIS SPINTELI\u0172 ATSTOVYB\u0116S: 446 mm \u2013 tvirtinimo kojel\u0117s<br \/>\nVYRIAI: Be \u0161velnaus u\u017edarymo<br \/>\nSTAL\u010cIAI \u2013 Ritinin\u0117 kreipian\u010dioji<br \/>\n\u00a0<br \/>\nSistemos parametrai:<br \/>\nModelio vardas: Anika<br \/>\nBald\u0173 sistema: \u201eCosmo Design\u201c<br \/>\nPriekin\u0117 med\u017eiaga: 16 mm laminuota plok\u0161t\u0117<br \/>\nKorpuso med\u017eiaga: 16 mm laminuota plok\u0161t\u0117<br \/>\nCokolin\u0117 med\u017eiaga: 16 mm laminuota plok\u0161t\u0117<br \/>\nJuodas PVC priekinis apvadas<br \/>\n\u012e komplekt\u0105 \u012feina stalvir\u0161is: ne, parduodamas atskirai<br \/>\nRankenos: plastikin\u0117s<br \/>\n\u0160velnus u\u017edarymas: Ne<br \/>\nVir\u0161utini\u0173 spinteli\u0173 auk\u0161tis [mm]: 720<br \/>\nVir\u0161utini\u0173 spinteli\u0173 gylis be fasad\u0173 [mm]: 288<br \/>\nApatini\u0173 spinteli\u0173 auk\u0161tis [mm]: 820<br \/>\nApatini\u0173 spinteli\u0173 gylis be fasad\u0173 [mm]: 446<br \/>\nCokolis \u012feina \u012f spintel\u0117s komplekt\u0105, pagrindiniai surinkimo priedai \u2013 \u012f komplekt\u0105. Apatin\u0117s spintel\u0117s be stalvir\u0161i\u0173. Kolekcijoje esantys stalvir\u0161iai gali b\u016bti juodos uolos arba Petra sm\u0117lio spalvos.<\/p>","protected":false},"excerpt":{"rendered":"<p>Virtuv\u0117s specifikacijos: | Virtuv\u0117s specifikacijos \u2013 dirbtinio \u0105\u017euolo arba grafito | Virtuv\u0117s stilius \u2013 modernus | Fasado tipas: Laminuota plok\u0161t\u0117 \/ MDF \/ Lakuota laminuota plok\u0161t\u0117 Vyri\u0173 \/ stal\u010di\u0173 tipas<br \/>\nneu\u017edaromasis | Matmenys: plotis [cm] &gt; 60 gylis [cm] &gt; 56 auk\u0161tis [cm] &gt; 213,3<\/p>","protected":false},"featured_media":191058,"comment_status":"open","ping_status":"open","template":"","meta":[],"product_brand":[],"product_cat":[9118,2822],"product_tag":[],"class_list":{"0":"post-191057","1":"product","2":"type-product","3":"status-publish","4":"has-post-thumbnail","6":"product_cat-kitchen-cabinets","7":"product_cat-stolkar","9":"first","10":"instock","11":"purchasable","12":"product-type-simple"},"_links":{"self":[{"href":"https:\/\/baldumarket.lt\/lt\/wp-json\/wp\/v2\/product\/191057","targetHints":{"allow":["GET"]}}],"collection":[{"href":"https:\/\/baldumarket.lt\/lt\/wp-json\/wp\/v2\/product"}],"about":[{"href":"https:\/\/baldumarket.lt\/lt\/wp-json\/wp\/v2\/types\/product"}],"replies":[{"embeddable":true,"href":"https:\/\/baldumarket.lt\/lt\/wp-json\/wp\/v2\/comments?post=191057"}],"wp:featuredmedia":[{"embeddable":true,"href":"https:\/\/baldumarket.lt\/lt\/wp-json\/wp\/v2\/media\/191058"}],"wp:attachment":[{"href":"https:\/\/baldumarket.lt\/lt\/wp-json\/wp\/v2\/media?parent=191057"}],"wp:term":[{"taxonomy":"product_brand","embeddable":true,"href":"https:\/\/baldumarket.lt\/lt\/wp-json\/wp\/v2\/product_brand?post=191057"},{"taxonomy":"product_cat","embeddable":true,"href":"https:\/\/baldumarket.lt\/lt\/wp-json\/wp\/v2\/product_cat?post=191057"},{"taxonomy":"product_tag","embeddable":true,"href":"https:\/\/baldumarket.lt\/lt\/wp-json\/wp\/v2\/product_tag?post=191057"}],"curies":[{"name":"wp","href":"https:\/\/api.w.org\/{rel}","templated":true}]}}