{"id":191041,"date":"2025-12-22T21:47:00","date_gmt":"2025-12-22T18:47:00","guid":{"rendered":"https:\/\/baldumarket.lt\/product\/zestaw-kuchenny-260-cm-adele-bialy-mat\/"},"modified":"2026-02-03T23:25:14","modified_gmt":"2026-02-03T20:25:14","slug":"zestaw-kuchenny-260-cm-adele-bialy-mat","status":"publish","type":"product","link":"https:\/\/baldumarket.lt\/lt\/product\/zestaw-kuchenny-260-cm-adele-bialy-mat\/","title":{"rendered":"Virtuv\u0117s komplektas 260 cm Adele balta matin\u0117"},"content":{"rendered":"<p>260 cm \u201eAdele\u201c virtuv\u0117s komplektas yra \u201eTrend line\u201c virtuv\u0117s spintel\u0117, pasi\u017eyminti \u0161iomis specifikacijomis:<br \/>\nDizainas:<br \/>\nPriekin\u0117s dalys pagamintos i\u0161 19 mm storio MDF plok\u0161t\u0117s, padengtos matine PVC pl\u0117vele.<br \/>\nFasaduose n\u0117ra i\u0161 anksto i\u0161gr\u0119\u017et\u0173 skyli\u0173 rankenoms; jas reikia i\u0161gr\u0119\u017eti patiems (juose yra i\u0161 anksto i\u0161gr\u0119\u017etos skyl\u0117s, i\u0161d\u0117stytos 16 cm atstumu viena nuo kitos).<br \/>\nKorpusai pagaminti i\u0161 16 mm laminuotos plok\u0161t\u0117s.<br \/>\nSatinato stiklas.<br \/>\nRankenos gali b\u016bti pasirenkamos (spintel\u0117s nuotraukoje esan\u010dios ranken\u0117l\u0117s yra tik iliustracin\u0117s \u2013 \u017er. i\u0161 anksto paruo\u0161tus i\u0161d\u0117stymus ir parinktis).<br \/>\n10 cm reguliuojamo plo\u010dio tvirtinimo kojel\u0117s.<br \/>\nCokolin\u0117s dalys pjaustomos atskirai kiekvienai spintelei.<br \/>\nVyriai \u2013 \u0161velnaus u\u017edarymo sistema.<br \/>\nStal\u010diai \u2013 su \u0161velnaus u\u017edarymo sistema.<br \/>\nDujiniai keltuvai.<br \/>\nApatin\u0117s spintel\u0117s galimos be stalvir\u0161i\u0173.<br \/>\nSistemos specifikacijos:<br \/>\nModelio pavadinimas: ADELE<br \/>\nBald\u0173 sistema: TREND LINE<br \/>\nSpalvos \u2013 pasirinkite spalv\u0173 skirtuk\u0105 \u2013 spustel\u0117kite<br \/>\nPriekin\u0117 med\u017eiaga: 19 mm MDF folija<br \/>\nKorpuso med\u017eiaga: 16 mm laminuota plok\u0161t\u0117<br \/>\nStalvir\u0161is \u012fskai\u010diuotas: NE, PARDUODAMA ATSKIRAI<br \/>\nRankenos: NE, PARDUODAMOS ATSKIRAI<br \/>\n\u0160velnus u\u017edarymas: TAIP<br \/>\nVir\u0161utini\u0173 spinteli\u0173 auk\u0161tis [mm]: 360 \/ 720 \/ 880 \/ 920<br \/>\nVir\u0161utini\u0173 spinteli\u0173 gylis be fasad\u0173 [mm]: 300 \/ 560<br \/>\nApatini\u0173 spinteli\u0173 auk\u0161tis [mm]: 820<br \/>\nApatini\u0173 spinteli\u0173 be fasad\u0173 gylis [mm]: 524<br \/>\nAtram\u0173 auk\u0161tis [mm]: 2133 \/ 2183<br \/>\nAtram\u0173 gylis be fasad\u0173 [mm]: 560<br \/>\nVirtuv\u0117s spalvos (galimos i\u0161 pasirinkim\u0173):<br \/>\nPRIEKIN\u0116 PUS\u0116: MDF FOLIJOS R\u0116MAS<br \/>\nSPALVA: MATIN\u0116 BALTA, JUODOJI \u017dIRNELIAI, MATIN\u0116 TAMSI M\u0116LYNA, MATIN\u0116 KREMIN\u0116, MATIN\u0116 SM\u0116LIO SPALVA, MATIN\u0116 \u017dALIA, MATIN\u0116 \u0160VIESIAI PILKA, MATIN\u0116 TOSKANO RAUDONA, MATIN\u0116 MOKA PILKA, MATIN\u0116 ALYVUOGI\u0172 SPALVA, MATIN\u0116 PILKA, PASIRINKTA RIE\u0160UTMEDIS, LONDONO \u0104\u017dUOLAS, HALIFAKSO \u0104\u017dUOLAS, \u0104\u017dUOLAS, \u0160VIESUS TAIGOS \u0104\u017dUOLAS<br \/>\nK\u016aNAS: BALTA, GRAFITO arba ARTISAN<br \/>\nTAUR\u0116: SATINATO<br \/>\nRANKENA: BE RANKENOS<br \/>\nAPA\u010cIN\u0116S SPINTEL\u0116S: 524 mm \u2013 MONTAVIMO KOJEL\u0116S<br \/>\nSTAL\u010cIAI: \u0160VELNIAI U\u017dSIDARO<br \/>\nVYRIS: \u0160VELNUS U\u017dSIDARYMAS<br \/>\n\u012e rinkin\u012f \u012feina:<br \/>\n1 x apatin\u0117 spintel\u0117 su kriaukle 80 cm D80ZL<br \/>\n1 x 60 cm apatin\u0117 spintel\u0117 D60 R\/K<br \/>\n1 x 60 cm apatin\u0117 spintel\u0117 orkaitei DK60<br \/>\n1 x 40 cm apatin\u0117 spintel\u0117 su stal\u010diais D40S\/3<br \/>\nVir\u0161uje:<br \/>\n1 x 80 cm pakabinama spintel\u0117 WS80 vitrina<br \/>\n1 x 60 cm pakabinama spintel\u0117 su varstomais fasadais W60GRF\/2<br \/>\n1 x 60 cm gartraukio spintel\u0117 W60OKGR<br \/>\n1 x 40 cm pakabinama spintel\u0117 W40 R\/L<br \/>\nI\u0161 spinteli\u0173 i\u0161pjauti cokoliai \u012fskai\u010diuoti \u012f kain\u0105.<br \/>\nRankenos galimos kaip papildoma \u012franga.<\/p>","protected":false},"excerpt":{"rendered":"<p>Virtuv\u0117s stilius \u2013 modernus | Fasado tipas: Laminuota plok\u0161t\u0117 \/ MDF \/ Lakuota MDF plok\u0161t\u0117, 19 mm storio, padengta PVC folija | Matmenys: gylis [cm]&gt;30; vir\u0161utinis gylis be stalvir\u0161io [cm]&gt;52,4; gylis su stalvir\u0161iu [cm]&gt;60; plotis [cm]&gt;260; auk\u0161tis [cm]&gt;72; vir\u0161utinis auk\u0161tis be stalvir\u0161io [cm]&gt;82<\/p>","protected":false},"featured_media":191042,"comment_status":"open","ping_status":"open","template":"","meta":[],"product_brand":[],"product_cat":[1932,2822],"product_tag":[],"class_list":{"0":"post-191041","1":"product","2":"type-product","3":"status-publish","4":"has-post-thumbnail","6":"product_cat-kitchen-sets","7":"product_cat-stolkar","9":"first","10":"instock","11":"purchasable","12":"product-type-simple"},"_links":{"self":[{"href":"https:\/\/baldumarket.lt\/lt\/wp-json\/wp\/v2\/product\/191041","targetHints":{"allow":["GET"]}}],"collection":[{"href":"https:\/\/baldumarket.lt\/lt\/wp-json\/wp\/v2\/product"}],"about":[{"href":"https:\/\/baldumarket.lt\/lt\/wp-json\/wp\/v2\/types\/product"}],"replies":[{"embeddable":true,"href":"https:\/\/baldumarket.lt\/lt\/wp-json\/wp\/v2\/comments?post=191041"}],"wp:featuredmedia":[{"embeddable":true,"href":"https:\/\/baldumarket.lt\/lt\/wp-json\/wp\/v2\/media\/191042"}],"wp:attachment":[{"href":"https:\/\/baldumarket.lt\/lt\/wp-json\/wp\/v2\/media?parent=191041"}],"wp:term":[{"taxonomy":"product_brand","embeddable":true,"href":"https:\/\/baldumarket.lt\/lt\/wp-json\/wp\/v2\/product_brand?post=191041"},{"taxonomy":"product_cat","embeddable":true,"href":"https:\/\/baldumarket.lt\/lt\/wp-json\/wp\/v2\/product_cat?post=191041"},{"taxonomy":"product_tag","embeddable":true,"href":"https:\/\/baldumarket.lt\/lt\/wp-json\/wp\/v2\/product_tag?post=191041"}],"curies":[{"name":"wp","href":"https:\/\/api.w.org\/{rel}","templated":true}]}}